{"id":1925,"date":"2025-12-04T14:36:01","date_gmt":"2025-12-04T14:36:01","guid":{"rendered":"https:\/\/www.casalmamenorca.com\/?post_type=product&#038;p=1925"},"modified":"2025-12-07T22:12:23","modified_gmt":"2025-12-07T22:12:23","slug":"luminaria-nus-copie-3","status":"publish","type":"product","link":"https:\/\/www.casalmamenorca.com\/es\/produit\/luminaria-nus-copie-3\/","title":{"rendered":"Sof\u00e1 OZPIZIO"},"content":{"rendered":"<p>[et_pb_section fb_built=\u00bb1&#8243; module_class=\u00bbproduct-information-section\u00bb _builder_version=\u00bb4.27.4&#8243; width=\u00bb100%\u00bb max_width=\u00bb100%\u00bb custom_padding=\u00bb0px||||false|false\u00bb global_colors_info=\u00bb{}\u00bb][et_pb_row column_structure=\u00bb1_2,1_2&#8243; make_equal=\u00bbon\u00bb _builder_version=\u00bb4.27.4&#8243; background_size=\u00bbinitial\u00bb background_position=\u00bbtop_left\u00bb background_repeat=\u00bbrepeat\u00bb width=\u00bb100%\u00bb max_width=\u00bb100%\u00bb custom_padding=\u00bb0px||||false|false\u00bb global_colors_info=\u00bb{}\u00bb][et_pb_column type=\u00bb1_2&#8243; _builder_version=\u00bb4.16&#8243; custom_padding=\u00bb|||\u00bb global_colors_info=\u00bb{}\u00bb custom_padding__hover=\u00bb|||\u00bb][et_pb_wc_images show_product_gallery=\u00bboff\u00bb show_sale_badge=\u00bboff\u00bb module_class=\u00bbproduct-default-image\u00bb _builder_version=\u00bb4.27.4&#8243; global_colors_info=\u00bb{}\u00bb][\/et_pb_wc_images][\/et_pb_column][et_pb_column type=\u00bb1_2&#8243; module_class=\u00bbproduct-information\u00bb _builder_version=\u00bb4.27.4&#8243; custom_padding=\u00bb|||\u00bb global_colors_info=\u00bb{}\u00bb custom_padding__hover=\u00bb|||\u00bb][et_pb_wc_breadcrumb _builder_version=\u00bb4.16&#8243; global_colors_info=\u00bb{}\u00bb][\/et_pb_wc_breadcrumb][et_pb_wc_title _builder_version=\u00bb4.27.4&#8243; header_font=\u00bbCormorant Garamond||||||||\u00bb header_font_size=\u00bb42px\u00bb global_colors_info=\u00bb{}\u00bb][\/et_pb_wc_title][et_pb_wc_price _builder_version=\u00bb4.27.4&#8243; body_font=\u00bbNEUEHAAS ROMAN||||||||\u00bb body_text_color=\u00bb#46331C\u00bb body_font_size=\u00bb14px\u00bb body_letter_spacing=\u00bb2px\u00bb global_colors_info=\u00bb{}\u00bb][\/et_pb_wc_price][et_pb_wc_description description_type=\u00bbdescription\u00bb _builder_version=\u00bb4.27.4&#8243; body_font=\u00bbNEUEHAAS ROMAN||||||||\u00bb global_colors_info=\u00bb{}\u00bb][\/et_pb_wc_description][et_pb_wc_add_to_cart show_stock=\u00bboff\u00bb _builder_version=\u00bb4.27.4&#8243; fields_background_color=\u00bbRGBA(255,255,255,0)\u00bb fields_text_color=\u00bb#4F3F22&#8243; fields_custom_padding=\u00bb12px|12px|12px|12px|false|false\u00bb custom_button=\u00bbon\u00bb button_text_color=\u00bb#46331C\u00bb button_bg_color=\u00bbRGBA(255,255,255,0)\u00bb button_border_width=\u00bb1px\u00bb button_border_color=\u00bb#4F3F22&#8243; button_border_radius=\u00bb0px\u00bb button_font=\u00bbCormorant Garamond||on||||||\u00bb button_use_icon=\u00bboff\u00bb custom_padding=\u00bb12px|12px|12px|12px|false|false\u00bb border_width_all_fields=\u00bb1px\u00bb border_color_all_fields=\u00bb#4F3F22&#8243; global_colors_info=\u00bb{}\u00bb button_bg_color__hover_enabled=\u00bbon|hover\u00bb button_bg_color__hover=\u00bb#EFEBE1&#8243; button_bg_enable_color__hover=\u00bbon\u00bb button_border_width__hover_enabled=\u00bbon|hover\u00bb button_border_color__hover_enabled=\u00bbon|desktop\u00bb button_border_color__hover=\u00bb#EFEBE1&#8243; button_border_width__hover=\u00bb1px\u00bb][\/et_pb_wc_add_to_cart][et_pb_code _builder_version=\u00bb4.27.4&#8243; _module_preset=\u00bbdefault\u00bb global_colors_info=\u00bb{}\u00bb]<table class=\"custom-product-attributes\"><tr><th>materiales<\/th><td>Madera de pino, Poli\u00e9ster reciclado<\/td><\/tr><tr><th>color<\/th><td>Beige natural<\/td><\/tr><tr><th>fabricaci\u00f3n<\/th><td>100 % artesanal<\/td><\/tr><tr><th>Dimensiones<\/th><td>Anchura 230 cm, Profundidad 95 cm, Altura 86 cm<\/td><\/tr><tr><th>Origen<\/th><td>Espa\u00f1a<\/td><\/tr><\/table>[\/et_pb_code][\/et_pb_column][\/et_pb_row][et_pb_row _builder_version=\u00bb4.16&#8243; background_size=\u00bbinitial\u00bb background_position=\u00bbtop_left\u00bb background_repeat=\u00bbrepeat\u00bb width=\u00bb100%\u00bb global_colors_info=\u00bb{}\u00bb][et_pb_column type=\u00bb4_4&#8243; _builder_version=\u00bb4.16&#8243; custom_padding=\u00bb|||\u00bb global_colors_info=\u00bb{}\u00bb custom_padding__hover=\u00bb|||\u00bb][et_pb_wc_gallery fullwidth=\u00bboff\u00bb posts_number=\u00bb30&#8243; orientation=\u00bbportrait\u00bb _builder_version=\u00bb4.27.4&#8243; _module_preset=\u00bbdefault\u00bb global_colors_info=\u00bb{}\u00bb][\/et_pb_wc_gallery][\/et_pb_column][\/et_pb_row][\/et_pb_section]<\/p>\n","protected":false},"excerpt":{"rendered":"<table class=\"custom-product-attributes\"><tr><th>materiales<\/th><td>Madera de pino, Poli\u00e9ster reciclado<\/td><\/tr><tr><th>color<\/th><td>Beige natural<\/td><\/tr><tr><th>fabricaci\u00f3n<\/th><td>100 % artesanal<\/td><\/tr><tr><th>Dimensiones<\/th><td>Anchura 230 cm, Profundidad 95 cm, Altura 86 cm<\/td><\/tr><tr><th>Origen<\/th><td>Espa\u00f1a<\/td><\/tr><\/table>\n","protected":false},"featured_media":2029,"template":"","meta":{"_et_pb_use_builder":"on","_et_pb_old_content":"<div dir=\"ltr\">El Sof\u00e1 Ospizio tiene esa manera tan sencilla de hacer que un sal\u00f3n sea inmediatamente m\u00e1s acogedor. Sus l\u00edneas rectas, su silueta generosa y su tejido blanco roto ofrecen un aspecto suave y luminoso, perfecto para interiores que aprecian lo natural y lo depurado. Con sus 230 cm de anchura, es un sof\u00e1 pensado para recibir, relajarse, leer o simplemente disfrutar de lo m\u00e1s apacible del hogar.  <\/div>\n<div id=\"m_-4380435299013075534AppleMailSignature\" dir=\"ltr\">\n\nSu estructura de madera de pino le aporta estabilidad y durabilidad, mientras que su asiento mullido y profundo (230\u00d780\u00d730 cm) garantiza un confort realmente envolvente. El respaldo ancho (230\u00d715\u00d750 cm) proporciona un apoyo agradable, y la altura del asiento (50 cm) hace que el conjunto sea especialmente c\u00f3modo en el d\u00eda a d\u00eda. \n\nTotalmente desenfundable gracias a su sistema de cierre con cremallera, es tan pr\u00e1ctico como hermoso. Ospizio soporta hasta 320 kg y se entrega con un sistema de anclaje a la pared para una sujeci\u00f3n impecable. \n\nComo cada pieza artesanal, puede presentar ligeras variaciones en el tejido, la forma o el tono: esto es lo que le da su encanto y su car\u00e1cter \u00fanico.\n\nUn sof\u00e1 que encaja perfectamente en interiores luminosos, mediterr\u00e1neos y relajantes. Una pieza distintiva para crear un verdadero espacio de vida. \n\nCada pieza est\u00e1 hecha a mano: pueden aparecer ligeras variaciones, lo que demuestra el car\u00e1cter artesanal y \u00fanico de la l\u00e1mpara.\n\n<\/div>","_et_gb_content_width":"","inline_featured_image":false},"product_brand":[],"product_cat":[62],"product_tag":[],"class_list":{"0":"post-1925","1":"product","2":"type-product","3":"status-publish","4":"has-post-thumbnail","6":"product_cat-mueble","8":"first","9":"outofstock","10":"shipping-taxable","11":"purchasable","12":"product-type-simple"},"yoast_head":"<!-- This site is optimized with the Yoast SEO plugin v27.2 - https:\/\/yoast.com\/product\/yoast-seo-wordpress\/ -->\n<title>Sof\u00e1 OZPIZIO - Casalma Menorca<\/title>\n<meta name=\"description\" content=\"Sof\u00e1 Ospizio de 3 plazas en color blanco roto, totalmente desenfundable. Estructura de madera de pino, asiento generoso y confort envolvente. Fabricaci\u00f3n artesanal, acabados naturales y l\u00edneas depuradas para un interior luminoso y mediterr\u00e1neo.\" \/>\n<meta name=\"robots\" content=\"index, follow, max-snippet:-1, max-image-preview:large, max-video-preview:-1\" \/>\n<link rel=\"canonical\" href=\"https:\/\/www.casalmamenorca.com\/es\/produit\/luminaria-nus-copie-3\/\" \/>\n<meta property=\"og:locale\" content=\"es_ES\" \/>\n<meta property=\"og:type\" content=\"article\" \/>\n<meta property=\"og:title\" content=\"Sof\u00e1 OZPIZIO - Casalma Menorca\" \/>\n<meta property=\"og:description\" content=\"Sof\u00e1 Ospizio de 3 plazas en color blanco roto, totalmente desenfundable. Estructura de madera de pino, asiento generoso y confort envolvente. Fabricaci\u00f3n artesanal, acabados naturales y l\u00edneas depuradas para un interior luminoso y mediterr\u00e1neo.\" \/>\n<meta property=\"og:url\" content=\"https:\/\/www.casalmamenorca.com\/es\/produit\/luminaria-nus-copie-3\/\" \/>\n<meta property=\"og:site_name\" content=\"Casalma Menorca\" \/>\n<meta property=\"article:modified_time\" content=\"2025-12-07T22:12:23+00:00\" \/>\n<meta property=\"og:image\" content=\"https:\/\/www.casalmamenorca.com\/wp-content\/uploads\/2025\/12\/cacefdd3-a1fb-4b8b-bffc-a33a8a8b3b9f-scaled.jpeg\" \/>\n\t<meta property=\"og:image:width\" content=\"1706\" \/>\n\t<meta property=\"og:image:height\" content=\"2560\" \/>\n\t<meta property=\"og:image:type\" content=\"image\/jpeg\" \/>\n<meta name=\"twitter:card\" content=\"summary_large_image\" \/>\n<meta name=\"twitter:label1\" content=\"Tiempo de lectura\" \/>\n\t<meta name=\"twitter:data1\" content=\"2 minutos\" \/>\n<script type=\"application\/ld+json\" class=\"yoast-schema-graph\">{\"@context\":\"https:\/\/schema.org\",\"@graph\":[{\"@type\":\"WebPage\",\"@id\":\"https:\/\/www.casalmamenorca.com\/es\/produit\/luminaria-nus-copie-3\/\",\"url\":\"https:\/\/www.casalmamenorca.com\/es\/produit\/luminaria-nus-copie-3\/\",\"name\":\"Sof\u00e1 OZPIZIO - Casalma Menorca\",\"isPartOf\":{\"@id\":\"https:\/\/www.casalmamenorca.com\/es\/#website\"},\"primaryImageOfPage\":{\"@id\":\"https:\/\/www.casalmamenorca.com\/es\/produit\/luminaria-nus-copie-3\/#primaryimage\"},\"image\":{\"@id\":\"https:\/\/www.casalmamenorca.com\/es\/produit\/luminaria-nus-copie-3\/#primaryimage\"},\"thumbnailUrl\":\"https:\/\/www.casalmamenorca.com\/wp-content\/uploads\/2025\/12\/cacefdd3-a1fb-4b8b-bffc-a33a8a8b3b9f-scaled.jpeg\",\"datePublished\":\"2025-12-04T14:36:01+00:00\",\"dateModified\":\"2025-12-07T22:12:23+00:00\",\"description\":\"Sof\u00e1 Ospizio de 3 plazas en color blanco roto, totalmente desenfundable. Estructura de madera de pino, asiento generoso y confort envolvente. Fabricaci\u00f3n artesanal, acabados naturales y l\u00edneas depuradas para un interior luminoso y mediterr\u00e1neo.\",\"breadcrumb\":{\"@id\":\"https:\/\/www.casalmamenorca.com\/es\/produit\/luminaria-nus-copie-3\/#breadcrumb\"},\"inLanguage\":\"es\",\"potentialAction\":[{\"@type\":\"ReadAction\",\"target\":[\"https:\/\/www.casalmamenorca.com\/es\/produit\/luminaria-nus-copie-3\/\"]}]},{\"@type\":\"ImageObject\",\"inLanguage\":\"es\",\"@id\":\"https:\/\/www.casalmamenorca.com\/es\/produit\/luminaria-nus-copie-3\/#primaryimage\",\"url\":\"https:\/\/www.casalmamenorca.com\/wp-content\/uploads\/2025\/12\/cacefdd3-a1fb-4b8b-bffc-a33a8a8b3b9f-scaled.jpeg\",\"contentUrl\":\"https:\/\/www.casalmamenorca.com\/wp-content\/uploads\/2025\/12\/cacefdd3-a1fb-4b8b-bffc-a33a8a8b3b9f-scaled.jpeg\",\"width\":1706,\"height\":2560},{\"@type\":\"BreadcrumbList\",\"@id\":\"https:\/\/www.casalmamenorca.com\/es\/produit\/luminaria-nus-copie-3\/#breadcrumb\",\"itemListElement\":[{\"@type\":\"ListItem\",\"position\":1,\"name\":\"Accueil\",\"item\":\"https:\/\/www.casalmamenorca.com\/es\/inicio\/\"},{\"@type\":\"ListItem\",\"position\":2,\"name\":\"Nuestra colecci\u00f3n\",\"item\":\"https:\/\/www.casalmamenorca.com\/es\/nuestra-coleccion\/\"},{\"@type\":\"ListItem\",\"position\":3,\"name\":\"Sof\u00e1 OZPIZIO\"}]},{\"@type\":\"WebSite\",\"@id\":\"https:\/\/www.casalmamenorca.com\/es\/#website\",\"url\":\"https:\/\/www.casalmamenorca.com\/es\/\",\"name\":\"Casalma Menorca\",\"description\":\"Objets porteurs d&#039;histoire\",\"potentialAction\":[{\"@type\":\"SearchAction\",\"target\":{\"@type\":\"EntryPoint\",\"urlTemplate\":\"https:\/\/www.casalmamenorca.com\/es\/?s={search_term_string}\"},\"query-input\":{\"@type\":\"PropertyValueSpecification\",\"valueRequired\":true,\"valueName\":\"search_term_string\"}}],\"inLanguage\":\"es\"}]}<\/script>\n<!-- \/ Yoast SEO plugin. -->","yoast_head_json":{"title":"Sof\u00e1 OZPIZIO - Casalma Menorca","description":"Sof\u00e1 Ospizio de 3 plazas en color blanco roto, totalmente desenfundable. Estructura de madera de pino, asiento generoso y confort envolvente. Fabricaci\u00f3n artesanal, acabados naturales y l\u00edneas depuradas para un interior luminoso y mediterr\u00e1neo.","robots":{"index":"index","follow":"follow","max-snippet":"max-snippet:-1","max-image-preview":"max-image-preview:large","max-video-preview":"max-video-preview:-1"},"canonical":"https:\/\/www.casalmamenorca.com\/es\/produit\/luminaria-nus-copie-3\/","og_locale":"es_ES","og_type":"article","og_title":"Sof\u00e1 OZPIZIO - Casalma Menorca","og_description":"Sof\u00e1 Ospizio de 3 plazas en color blanco roto, totalmente desenfundable. Estructura de madera de pino, asiento generoso y confort envolvente. Fabricaci\u00f3n artesanal, acabados naturales y l\u00edneas depuradas para un interior luminoso y mediterr\u00e1neo.","og_url":"https:\/\/www.casalmamenorca.com\/es\/produit\/luminaria-nus-copie-3\/","og_site_name":"Casalma Menorca","article_modified_time":"2025-12-07T22:12:23+00:00","og_image":[{"width":1706,"height":2560,"url":"https:\/\/www.casalmamenorca.com\/wp-content\/uploads\/2025\/12\/cacefdd3-a1fb-4b8b-bffc-a33a8a8b3b9f-scaled.jpeg","type":"image\/jpeg"}],"twitter_card":"summary_large_image","twitter_misc":{"Tiempo de lectura":"2 minutos"},"schema":{"@context":"https:\/\/schema.org","@graph":[{"@type":"WebPage","@id":"https:\/\/www.casalmamenorca.com\/es\/produit\/luminaria-nus-copie-3\/","url":"https:\/\/www.casalmamenorca.com\/es\/produit\/luminaria-nus-copie-3\/","name":"Sof\u00e1 OZPIZIO - Casalma Menorca","isPartOf":{"@id":"https:\/\/www.casalmamenorca.com\/es\/#website"},"primaryImageOfPage":{"@id":"https:\/\/www.casalmamenorca.com\/es\/produit\/luminaria-nus-copie-3\/#primaryimage"},"image":{"@id":"https:\/\/www.casalmamenorca.com\/es\/produit\/luminaria-nus-copie-3\/#primaryimage"},"thumbnailUrl":"https:\/\/www.casalmamenorca.com\/wp-content\/uploads\/2025\/12\/cacefdd3-a1fb-4b8b-bffc-a33a8a8b3b9f-scaled.jpeg","datePublished":"2025-12-04T14:36:01+00:00","dateModified":"2025-12-07T22:12:23+00:00","description":"Sof\u00e1 Ospizio de 3 plazas en color blanco roto, totalmente desenfundable. Estructura de madera de pino, asiento generoso y confort envolvente. Fabricaci\u00f3n artesanal, acabados naturales y l\u00edneas depuradas para un interior luminoso y mediterr\u00e1neo.","breadcrumb":{"@id":"https:\/\/www.casalmamenorca.com\/es\/produit\/luminaria-nus-copie-3\/#breadcrumb"},"inLanguage":"es","potentialAction":[{"@type":"ReadAction","target":["https:\/\/www.casalmamenorca.com\/es\/produit\/luminaria-nus-copie-3\/"]}]},{"@type":"ImageObject","inLanguage":"es","@id":"https:\/\/www.casalmamenorca.com\/es\/produit\/luminaria-nus-copie-3\/#primaryimage","url":"https:\/\/www.casalmamenorca.com\/wp-content\/uploads\/2025\/12\/cacefdd3-a1fb-4b8b-bffc-a33a8a8b3b9f-scaled.jpeg","contentUrl":"https:\/\/www.casalmamenorca.com\/wp-content\/uploads\/2025\/12\/cacefdd3-a1fb-4b8b-bffc-a33a8a8b3b9f-scaled.jpeg","width":1706,"height":2560},{"@type":"BreadcrumbList","@id":"https:\/\/www.casalmamenorca.com\/es\/produit\/luminaria-nus-copie-3\/#breadcrumb","itemListElement":[{"@type":"ListItem","position":1,"name":"Accueil","item":"https:\/\/www.casalmamenorca.com\/es\/inicio\/"},{"@type":"ListItem","position":2,"name":"Nuestra colecci\u00f3n","item":"https:\/\/www.casalmamenorca.com\/es\/nuestra-coleccion\/"},{"@type":"ListItem","position":3,"name":"Sof\u00e1 OZPIZIO"}]},{"@type":"WebSite","@id":"https:\/\/www.casalmamenorca.com\/es\/#website","url":"https:\/\/www.casalmamenorca.com\/es\/","name":"Casalma Menorca","description":"Objets porteurs d&#039;histoire","potentialAction":[{"@type":"SearchAction","target":{"@type":"EntryPoint","urlTemplate":"https:\/\/www.casalmamenorca.com\/es\/?s={search_term_string}"},"query-input":{"@type":"PropertyValueSpecification","valueRequired":true,"valueName":"search_term_string"}}],"inLanguage":"es"}]}},"jetpack_sharing_enabled":true,"_links":{"self":[{"href":"https:\/\/www.casalmamenorca.com\/es\/wp-json\/wp\/v2\/product\/1925","targetHints":{"allow":["GET"]}}],"collection":[{"href":"https:\/\/www.casalmamenorca.com\/es\/wp-json\/wp\/v2\/product"}],"about":[{"href":"https:\/\/www.casalmamenorca.com\/es\/wp-json\/wp\/v2\/types\/product"}],"wp:featuredmedia":[{"embeddable":true,"href":"https:\/\/www.casalmamenorca.com\/es\/wp-json\/wp\/v2\/media\/2029"}],"wp:attachment":[{"href":"https:\/\/www.casalmamenorca.com\/es\/wp-json\/wp\/v2\/media?parent=1925"}],"wp:term":[{"taxonomy":"product_brand","embeddable":true,"href":"https:\/\/www.casalmamenorca.com\/es\/wp-json\/wp\/v2\/product_brand?post=1925"},{"taxonomy":"product_cat","embeddable":true,"href":"https:\/\/www.casalmamenorca.com\/es\/wp-json\/wp\/v2\/product_cat?post=1925"},{"taxonomy":"product_tag","embeddable":true,"href":"https:\/\/www.casalmamenorca.com\/es\/wp-json\/wp\/v2\/product_tag?post=1925"}],"curies":[{"name":"wp","href":"https:\/\/api.w.org\/{rel}","templated":true}]}}