{"id":1919,"date":"2025-12-04T10:30:20","date_gmt":"2025-12-04T10:30:20","guid":{"rendered":"https:\/\/www.casalmamenorca.com\/?post_type=product&#038;p=1919"},"modified":"2025-12-08T08:17:17","modified_gmt":"2025-12-08T08:17:17","slug":"luminaria-nus-copie-2","status":"publish","type":"product","link":"https:\/\/www.casalmamenorca.com\/es\/produit\/luminaria-nus-copie-2\/","title":{"rendered":"Plato para pasta"},"content":{"rendered":"<p>[et_pb_section fb_built=\u00bb1&#8243; module_class=\u00bbproduct-information-section\u00bb _builder_version=\u00bb4.27.4&#8243; width=\u00bb100%\u00bb max_width=\u00bb100%\u00bb custom_padding=\u00bb0px||||false|false\u00bb global_colors_info=\u00bb{}\u00bb][et_pb_row column_structure=\u00bb1_2,1_2&#8243; make_equal=\u00bbon\u00bb _builder_version=\u00bb4.27.4&#8243; background_size=\u00bbinitial\u00bb background_position=\u00bbtop_left\u00bb background_repeat=\u00bbrepeat\u00bb width=\u00bb100%\u00bb max_width=\u00bb100%\u00bb custom_padding=\u00bb0px||||false|false\u00bb global_colors_info=\u00bb{}\u00bb][et_pb_column type=\u00bb1_2&#8243; _builder_version=\u00bb4.16&#8243; custom_padding=\u00bb|||\u00bb global_colors_info=\u00bb{}\u00bb custom_padding__hover=\u00bb|||\u00bb][et_pb_wc_images show_product_gallery=\u00bboff\u00bb show_sale_badge=\u00bboff\u00bb module_class=\u00bbproduct-default-image\u00bb _builder_version=\u00bb4.27.4&#8243; global_colors_info=\u00bb{}\u00bb][\/et_pb_wc_images][\/et_pb_column][et_pb_column type=\u00bb1_2&#8243; module_class=\u00bbproduct-information\u00bb _builder_version=\u00bb4.27.4&#8243; custom_padding=\u00bb|||\u00bb global_colors_info=\u00bb{}\u00bb custom_padding__hover=\u00bb|||\u00bb][et_pb_wc_breadcrumb _builder_version=\u00bb4.16&#8243; global_colors_info=\u00bb{}\u00bb][\/et_pb_wc_breadcrumb][et_pb_wc_title _builder_version=\u00bb4.27.4&#8243; header_font=\u00bbCormorant Garamond||||||||\u00bb header_font_size=\u00bb42px\u00bb global_colors_info=\u00bb{}\u00bb][\/et_pb_wc_title][et_pb_wc_price _builder_version=\u00bb4.27.4&#8243; body_font=\u00bbNEUEHAAS ROMAN||||||||\u00bb body_text_color=\u00bb#46331C\u00bb body_font_size=\u00bb14px\u00bb body_letter_spacing=\u00bb2px\u00bb global_colors_info=\u00bb{}\u00bb][\/et_pb_wc_price][et_pb_wc_description description_type=\u00bbdescription\u00bb _builder_version=\u00bb4.27.4&#8243; body_font=\u00bbNEUEHAAS ROMAN||||||||\u00bb global_colors_info=\u00bb{}\u00bb][\/et_pb_wc_description][et_pb_wc_add_to_cart show_stock=\u00bboff\u00bb _builder_version=\u00bb4.27.4&#8243; fields_background_color=\u00bbRGBA(255,255,255,0)\u00bb fields_text_color=\u00bb#4F3F22&#8243; fields_custom_padding=\u00bb12px|12px|12px|12px|false|false\u00bb custom_button=\u00bbon\u00bb button_text_color=\u00bb#46331C\u00bb button_bg_color=\u00bbRGBA(255,255,255,0)\u00bb button_border_width=\u00bb1px\u00bb button_border_color=\u00bb#4F3F22&#8243; button_border_radius=\u00bb0px\u00bb button_font=\u00bbCormorant Garamond||on||||||\u00bb button_use_icon=\u00bboff\u00bb custom_padding=\u00bb12px|12px|12px|12px|false|false\u00bb border_width_all_fields=\u00bb1px\u00bb border_color_all_fields=\u00bb#4F3F22&#8243; global_colors_info=\u00bb{}\u00bb button_bg_color__hover_enabled=\u00bbon|hover\u00bb button_bg_color__hover=\u00bb#EFEBE1&#8243; button_bg_enable_color__hover=\u00bbon\u00bb button_border_width__hover_enabled=\u00bbon|hover\u00bb button_border_color__hover_enabled=\u00bbon|desktop\u00bb button_border_color__hover=\u00bb#EFEBE1&#8243; button_border_width__hover=\u00bb1px\u00bb][\/et_pb_wc_add_to_cart][et_pb_code _builder_version=\u00bb4.27.4&#8243; _module_preset=\u00bbdefault\u00bb global_colors_info=\u00bb{}\u00bb]<table class=\"custom-product-attributes\"><tr><th>Dimensiones<\/th><td>Di\u00e1metro: 23 cm, altura: 4 cm<\/td><\/tr><tr><th>materiales<\/th><td>Cer\u00e1mica<\/td><\/tr><tr><th>color<\/th><td>Almendra<\/td><\/tr><tr><th>fabricaci\u00f3n<\/th><td>100 % artesanal<\/td><\/tr><tr><th>Origen<\/th><td>Portugal<\/td><\/tr><\/table>[\/et_pb_code][\/et_pb_column][\/et_pb_row][et_pb_row _builder_version=\u00bb4.16&#8243; background_size=\u00bbinitial\u00bb background_position=\u00bbtop_left\u00bb background_repeat=\u00bbrepeat\u00bb width=\u00bb100%\u00bb global_colors_info=\u00bb{}\u00bb][et_pb_column type=\u00bb4_4&#8243; _builder_version=\u00bb4.16&#8243; custom_padding=\u00bb|||\u00bb global_colors_info=\u00bb{}\u00bb custom_padding__hover=\u00bb|||\u00bb][et_pb_wc_gallery fullwidth=\u00bboff\u00bb posts_number=\u00bb30&#8243; orientation=\u00bbportrait\u00bb _builder_version=\u00bb4.27.4&#8243; _module_preset=\u00bbdefault\u00bb global_colors_info=\u00bb{}\u00bb][\/et_pb_wc_gallery][\/et_pb_column][\/et_pb_row][\/et_pb_section]<\/p>\n","protected":false},"excerpt":{"rendered":"<table class=\"custom-product-attributes\"><tr><th>Dimensiones<\/th><td>Di\u00e1metro: 23 cm, altura: 4 cm<\/td><\/tr><tr><th>materiales<\/th><td>Cer\u00e1mica<\/td><\/tr><tr><th>color<\/th><td>Almendra<\/td><\/tr><tr><th>fabricaci\u00f3n<\/th><td>100 % artesanal<\/td><\/tr><tr><th>Origen<\/th><td>Portugal<\/td><\/tr><\/table>\n","protected":false},"featured_media":1922,"template":"","meta":{"_et_pb_use_builder":"on","_et_pb_old_content":"<div dir=\"ltr\">Assiette \u00e0 p\u00e2tes - Amande<\/div>\r\n<div dir=\"ltr\"><\/div>\r\n<div id=\"m_-4380435299013075534AppleMailSignature\" dir=\"ltr\">\r\n\r\nCes assiettes en gr\u00e8s, r\u00e9alis\u00e9es dans une teinte amande douce, apportent une jolie pr\u00e9sence \u00e0 table sans jamais voler la vedette \u00e0 vos plats. Leur forme g\u00e9n\u00e9reuse est id\u00e9ale pour les p\u00e2tes, mais elles fonctionnent aussi parfaitement pour les plats mijot\u00e9s ou les salades. Un essentiel qui traverse les saisons, dans un esprit m\u00e9diterran\u00e9en simple et raffin\u00e9.\r\n\r\n<\/div>\r\n<div dir=\"ltr\">Passe au lave-vaisselle et au micro-ondes.<\/div>\r\n<div dir=\"ltr\">Sans Cadmium.<\/div>\r\n<div dir=\"ltr\">\r\n<div class=\"et_pb_column et_pb_column_3_5 et_pb_column_3 et_pb_css_mix_blend_mode_passthrough et-last-child\"><\/div>\r\n<\/div>","_et_gb_content_width":"","inline_featured_image":false},"product_brand":[],"product_cat":[95],"product_tag":[],"class_list":{"0":"post-1919","1":"product","2":"type-product","3":"status-publish","4":"has-post-thumbnail","6":"product_cat-arte-de-la-mesa","8":"first","9":"instock","10":"shipping-taxable","11":"purchasable","12":"product-type-simple"},"yoast_head":"<!-- This site is optimized with the Yoast SEO plugin v27.2 - https:\/\/yoast.com\/product\/yoast-seo-wordpress\/ -->\n<title>Plato para pasta \u2013 Almendra - Casalma Menorca<\/title>\n<meta name=\"description\" content=\"Platos para pasta de gres con acabado Almendra, disponibles en sets de 4, 6 u 8. Una vajilla artesanal con matices naturales, ideal para realzar sus mesas del d\u00eda a d\u00eda.\" \/>\n<meta name=\"robots\" content=\"index, follow, max-snippet:-1, max-image-preview:large, max-video-preview:-1\" \/>\n<link rel=\"canonical\" href=\"https:\/\/www.casalmamenorca.com\/es\/produit\/luminaria-nus-copie-2\/\" \/>\n<meta property=\"og:locale\" content=\"es_ES\" \/>\n<meta property=\"og:type\" content=\"article\" \/>\n<meta property=\"og:title\" content=\"Plato para pasta \u2013 Almendra - Casalma Menorca\" \/>\n<meta property=\"og:description\" content=\"Platos para pasta de gres con acabado Almendra, disponibles en sets de 4, 6 u 8. Una vajilla artesanal con matices naturales, ideal para realzar sus mesas del d\u00eda a d\u00eda.\" \/>\n<meta property=\"og:url\" content=\"https:\/\/www.casalmamenorca.com\/es\/produit\/luminaria-nus-copie-2\/\" \/>\n<meta property=\"og:site_name\" content=\"Casalma Menorca\" \/>\n<meta property=\"article:modified_time\" content=\"2025-12-08T08:17:17+00:00\" \/>\n<meta property=\"og:image\" content=\"https:\/\/www.casalmamenorca.com\/wp-content\/uploads\/2025\/12\/IMG_1043-scaled.jpeg\" \/>\n\t<meta property=\"og:image:width\" content=\"1707\" \/>\n\t<meta property=\"og:image:height\" content=\"2560\" \/>\n\t<meta property=\"og:image:type\" content=\"image\/jpeg\" \/>\n<meta name=\"twitter:card\" content=\"summary_large_image\" \/>\n<meta name=\"twitter:label1\" content=\"Tiempo de lectura\" \/>\n\t<meta name=\"twitter:data1\" content=\"2 minutos\" \/>\n<script type=\"application\/ld+json\" class=\"yoast-schema-graph\">{\"@context\":\"https:\/\/schema.org\",\"@graph\":[{\"@type\":\"WebPage\",\"@id\":\"https:\/\/www.casalmamenorca.com\/es\/produit\/luminaria-nus-copie-2\/\",\"url\":\"https:\/\/www.casalmamenorca.com\/es\/produit\/luminaria-nus-copie-2\/\",\"name\":\"Plato para pasta \u2013 Almendra - Casalma Menorca\",\"isPartOf\":{\"@id\":\"https:\/\/www.casalmamenorca.com\/es\/#website\"},\"primaryImageOfPage\":{\"@id\":\"https:\/\/www.casalmamenorca.com\/es\/produit\/luminaria-nus-copie-2\/#primaryimage\"},\"image\":{\"@id\":\"https:\/\/www.casalmamenorca.com\/es\/produit\/luminaria-nus-copie-2\/#primaryimage\"},\"thumbnailUrl\":\"https:\/\/www.casalmamenorca.com\/wp-content\/uploads\/2025\/12\/IMG_1043-scaled.jpeg\",\"datePublished\":\"2025-12-04T10:30:20+00:00\",\"dateModified\":\"2025-12-08T08:17:17+00:00\",\"description\":\"Platos para pasta de gres con acabado Almendra, disponibles en sets de 4, 6 u 8. Una vajilla artesanal con matices naturales, ideal para realzar sus mesas del d\u00eda a d\u00eda.\",\"breadcrumb\":{\"@id\":\"https:\/\/www.casalmamenorca.com\/es\/produit\/luminaria-nus-copie-2\/#breadcrumb\"},\"inLanguage\":\"es\",\"potentialAction\":[{\"@type\":\"ReadAction\",\"target\":[\"https:\/\/www.casalmamenorca.com\/es\/produit\/luminaria-nus-copie-2\/\"]}]},{\"@type\":\"ImageObject\",\"inLanguage\":\"es\",\"@id\":\"https:\/\/www.casalmamenorca.com\/es\/produit\/luminaria-nus-copie-2\/#primaryimage\",\"url\":\"https:\/\/www.casalmamenorca.com\/wp-content\/uploads\/2025\/12\/IMG_1043-scaled.jpeg\",\"contentUrl\":\"https:\/\/www.casalmamenorca.com\/wp-content\/uploads\/2025\/12\/IMG_1043-scaled.jpeg\",\"width\":1707,\"height\":2560},{\"@type\":\"BreadcrumbList\",\"@id\":\"https:\/\/www.casalmamenorca.com\/es\/produit\/luminaria-nus-copie-2\/#breadcrumb\",\"itemListElement\":[{\"@type\":\"ListItem\",\"position\":1,\"name\":\"Accueil\",\"item\":\"https:\/\/www.casalmamenorca.com\/es\/inicio\/\"},{\"@type\":\"ListItem\",\"position\":2,\"name\":\"Nuestra colecci\u00f3n\",\"item\":\"https:\/\/www.casalmamenorca.com\/es\/nuestra-coleccion\/\"},{\"@type\":\"ListItem\",\"position\":3,\"name\":\"Plato para pasta\"}]},{\"@type\":\"WebSite\",\"@id\":\"https:\/\/www.casalmamenorca.com\/es\/#website\",\"url\":\"https:\/\/www.casalmamenorca.com\/es\/\",\"name\":\"Casalma Menorca\",\"description\":\"Objets porteurs d&#039;histoire\",\"potentialAction\":[{\"@type\":\"SearchAction\",\"target\":{\"@type\":\"EntryPoint\",\"urlTemplate\":\"https:\/\/www.casalmamenorca.com\/es\/?s={search_term_string}\"},\"query-input\":{\"@type\":\"PropertyValueSpecification\",\"valueRequired\":true,\"valueName\":\"search_term_string\"}}],\"inLanguage\":\"es\"}]}<\/script>\n<!-- \/ Yoast SEO plugin. -->","yoast_head_json":{"title":"Plato para pasta \u2013 Almendra - Casalma Menorca","description":"Platos para pasta de gres con acabado Almendra, disponibles en sets de 4, 6 u 8. Una vajilla artesanal con matices naturales, ideal para realzar sus mesas del d\u00eda a d\u00eda.","robots":{"index":"index","follow":"follow","max-snippet":"max-snippet:-1","max-image-preview":"max-image-preview:large","max-video-preview":"max-video-preview:-1"},"canonical":"https:\/\/www.casalmamenorca.com\/es\/produit\/luminaria-nus-copie-2\/","og_locale":"es_ES","og_type":"article","og_title":"Plato para pasta \u2013 Almendra - Casalma Menorca","og_description":"Platos para pasta de gres con acabado Almendra, disponibles en sets de 4, 6 u 8. Una vajilla artesanal con matices naturales, ideal para realzar sus mesas del d\u00eda a d\u00eda.","og_url":"https:\/\/www.casalmamenorca.com\/es\/produit\/luminaria-nus-copie-2\/","og_site_name":"Casalma Menorca","article_modified_time":"2025-12-08T08:17:17+00:00","og_image":[{"width":1707,"height":2560,"url":"https:\/\/www.casalmamenorca.com\/wp-content\/uploads\/2025\/12\/IMG_1043-scaled.jpeg","type":"image\/jpeg"}],"twitter_card":"summary_large_image","twitter_misc":{"Tiempo de lectura":"2 minutos"},"schema":{"@context":"https:\/\/schema.org","@graph":[{"@type":"WebPage","@id":"https:\/\/www.casalmamenorca.com\/es\/produit\/luminaria-nus-copie-2\/","url":"https:\/\/www.casalmamenorca.com\/es\/produit\/luminaria-nus-copie-2\/","name":"Plato para pasta \u2013 Almendra - Casalma Menorca","isPartOf":{"@id":"https:\/\/www.casalmamenorca.com\/es\/#website"},"primaryImageOfPage":{"@id":"https:\/\/www.casalmamenorca.com\/es\/produit\/luminaria-nus-copie-2\/#primaryimage"},"image":{"@id":"https:\/\/www.casalmamenorca.com\/es\/produit\/luminaria-nus-copie-2\/#primaryimage"},"thumbnailUrl":"https:\/\/www.casalmamenorca.com\/wp-content\/uploads\/2025\/12\/IMG_1043-scaled.jpeg","datePublished":"2025-12-04T10:30:20+00:00","dateModified":"2025-12-08T08:17:17+00:00","description":"Platos para pasta de gres con acabado Almendra, disponibles en sets de 4, 6 u 8. Una vajilla artesanal con matices naturales, ideal para realzar sus mesas del d\u00eda a d\u00eda.","breadcrumb":{"@id":"https:\/\/www.casalmamenorca.com\/es\/produit\/luminaria-nus-copie-2\/#breadcrumb"},"inLanguage":"es","potentialAction":[{"@type":"ReadAction","target":["https:\/\/www.casalmamenorca.com\/es\/produit\/luminaria-nus-copie-2\/"]}]},{"@type":"ImageObject","inLanguage":"es","@id":"https:\/\/www.casalmamenorca.com\/es\/produit\/luminaria-nus-copie-2\/#primaryimage","url":"https:\/\/www.casalmamenorca.com\/wp-content\/uploads\/2025\/12\/IMG_1043-scaled.jpeg","contentUrl":"https:\/\/www.casalmamenorca.com\/wp-content\/uploads\/2025\/12\/IMG_1043-scaled.jpeg","width":1707,"height":2560},{"@type":"BreadcrumbList","@id":"https:\/\/www.casalmamenorca.com\/es\/produit\/luminaria-nus-copie-2\/#breadcrumb","itemListElement":[{"@type":"ListItem","position":1,"name":"Accueil","item":"https:\/\/www.casalmamenorca.com\/es\/inicio\/"},{"@type":"ListItem","position":2,"name":"Nuestra colecci\u00f3n","item":"https:\/\/www.casalmamenorca.com\/es\/nuestra-coleccion\/"},{"@type":"ListItem","position":3,"name":"Plato para pasta"}]},{"@type":"WebSite","@id":"https:\/\/www.casalmamenorca.com\/es\/#website","url":"https:\/\/www.casalmamenorca.com\/es\/","name":"Casalma Menorca","description":"Objets porteurs d&#039;histoire","potentialAction":[{"@type":"SearchAction","target":{"@type":"EntryPoint","urlTemplate":"https:\/\/www.casalmamenorca.com\/es\/?s={search_term_string}"},"query-input":{"@type":"PropertyValueSpecification","valueRequired":true,"valueName":"search_term_string"}}],"inLanguage":"es"}]}},"jetpack_sharing_enabled":true,"_links":{"self":[{"href":"https:\/\/www.casalmamenorca.com\/es\/wp-json\/wp\/v2\/product\/1919","targetHints":{"allow":["GET"]}}],"collection":[{"href":"https:\/\/www.casalmamenorca.com\/es\/wp-json\/wp\/v2\/product"}],"about":[{"href":"https:\/\/www.casalmamenorca.com\/es\/wp-json\/wp\/v2\/types\/product"}],"wp:featuredmedia":[{"embeddable":true,"href":"https:\/\/www.casalmamenorca.com\/es\/wp-json\/wp\/v2\/media\/1922"}],"wp:attachment":[{"href":"https:\/\/www.casalmamenorca.com\/es\/wp-json\/wp\/v2\/media?parent=1919"}],"wp:term":[{"taxonomy":"product_brand","embeddable":true,"href":"https:\/\/www.casalmamenorca.com\/es\/wp-json\/wp\/v2\/product_brand?post=1919"},{"taxonomy":"product_cat","embeddable":true,"href":"https:\/\/www.casalmamenorca.com\/es\/wp-json\/wp\/v2\/product_cat?post=1919"},{"taxonomy":"product_tag","embeddable":true,"href":"https:\/\/www.casalmamenorca.com\/es\/wp-json\/wp\/v2\/product_tag?post=1919"}],"curies":[{"name":"wp","href":"https:\/\/api.w.org\/{rel}","templated":true}]}}