{"id":1680,"date":"2025-11-25T20:24:49","date_gmt":"2025-11-25T20:24:49","guid":{"rendered":"https:\/\/www.casalmamenorca.com\/produit\/luminaria-nus\/"},"modified":"2025-12-03T14:12:43","modified_gmt":"2025-12-03T14:12:43","slug":"luminaria-nus","status":"publish","type":"product","link":"https:\/\/www.casalmamenorca.com\/es\/produit\/luminaria-nus\/","title":{"rendered":"Luminaria NUS"},"content":{"rendered":"<p>[et_pb_section fb_built=\u00bb1&#8243; module_class=\u00bbproduct-information-section\u00bb _builder_version=\u00bb4.27.4&#8243; width=\u00bb100%\u00bb max_width=\u00bb100%\u00bb custom_padding=\u00bb0px||||false|false\u00bb global_colors_info=\u00bb{}\u00bb][et_pb_row column_structure=\u00bb1_2,1_2&#8243; make_equal=\u00bbon\u00bb _builder_version=\u00bb4.27.4&#8243; background_size=\u00bbinitial\u00bb background_position=\u00bbtop_left\u00bb background_repeat=\u00bbrepeat\u00bb width=\u00bb100%\u00bb max_width=\u00bb100%\u00bb custom_padding=\u00bb0px||||false|false\u00bb global_colors_info=\u00bb{}\u00bb][et_pb_column type=\u00bb1_2&#8243; _builder_version=\u00bb4.16&#8243; custom_padding=\u00bb|||\u00bb global_colors_info=\u00bb{}\u00bb custom_padding__hover=\u00bb|||\u00bb][et_pb_wc_images show_product_gallery=\u00bboff\u00bb show_sale_badge=\u00bboff\u00bb module_class=\u00bbproduct-default-image\u00bb _builder_version=\u00bb4.27.4&#8243; global_colors_info=\u00bb{}\u00bb][\/et_pb_wc_images][\/et_pb_column][et_pb_column type=\u00bb1_2&#8243; module_class=\u00bbproduct-information\u00bb _builder_version=\u00bb4.27.4&#8243; custom_padding=\u00bb|||\u00bb global_colors_info=\u00bb{}\u00bb custom_padding__hover=\u00bb|||\u00bb][et_pb_wc_breadcrumb _builder_version=\u00bb4.16&#8243; global_colors_info=\u00bb{}\u00bb][\/et_pb_wc_breadcrumb][et_pb_wc_title _builder_version=\u00bb4.27.4&#8243; header_font=\u00bbCormorant Garamond||||||||\u00bb header_font_size=\u00bb42px\u00bb global_colors_info=\u00bb{}\u00bb][\/et_pb_wc_title][et_pb_wc_price _builder_version=\u00bb4.27.4&#8243; body_font=\u00bbNEUEHAAS ROMAN||||||||\u00bb body_text_color=\u00bb#46331C\u00bb body_font_size=\u00bb14px\u00bb body_letter_spacing=\u00bb2px\u00bb global_colors_info=\u00bb{}\u00bb][\/et_pb_wc_price][et_pb_wc_description description_type=\u00bbdescription\u00bb _builder_version=\u00bb4.27.4&#8243; body_font=\u00bbNEUEHAAS ROMAN||||||||\u00bb global_colors_info=\u00bb{}\u00bb][\/et_pb_wc_description][et_pb_wc_add_to_cart show_stock=\u00bboff\u00bb _builder_version=\u00bb4.27.4&#8243; fields_background_color=\u00bbRGBA(255,255,255,0)\u00bb fields_text_color=\u00bb#4F3F22&#8243; fields_custom_padding=\u00bb12px|12px|12px|12px|false|false\u00bb custom_button=\u00bbon\u00bb button_text_color=\u00bb#46331C\u00bb button_bg_color=\u00bbRGBA(255,255,255,0)\u00bb button_border_width=\u00bb1px\u00bb button_border_color=\u00bb#4F3F22&#8243; button_border_radius=\u00bb0px\u00bb button_font=\u00bbCormorant Garamond||on||||||\u00bb button_use_icon=\u00bboff\u00bb custom_padding=\u00bb12px|12px|12px|12px|false|false\u00bb border_width_all_fields=\u00bb1px\u00bb border_color_all_fields=\u00bb#4F3F22&#8243; global_colors_info=\u00bb{}\u00bb button_bg_color__hover_enabled=\u00bbon|hover\u00bb button_bg_color__hover=\u00bb#EFEBE1&#8243; button_bg_enable_color__hover=\u00bbon\u00bb button_border_width__hover_enabled=\u00bbon|hover\u00bb button_border_color__hover_enabled=\u00bbon|desktop\u00bb button_border_color__hover=\u00bb#EFEBE1&#8243; button_border_width__hover=\u00bb1px\u00bb][\/et_pb_wc_add_to_cart][et_pb_code _builder_version=\u00bb4.27.4&#8243; _module_preset=\u00bbdefault\u00bb global_colors_info=\u00bb{}\u00bb]<table class=\"custom-product-attributes\"><tr><th>materiales<\/th><td>Fibra natural (fique)<\/td><\/tr><tr><th>color<\/th><td>Beige natural<\/td><\/tr><tr><th>fabricaci\u00f3n<\/th><td>100 % artesanal<\/td><\/tr><tr><th>Dimensiones<\/th><td>Di\u00e1metro: 32 cm, altura: 50 cm (variaciones posibles seg\u00fan la pieza)<\/td><\/tr><tr><th>Origen<\/th><td>Marruecos<\/td><\/tr><\/table>[\/et_pb_code][\/et_pb_column][\/et_pb_row][et_pb_row _builder_version=\u00bb4.16&#8243; background_size=\u00bbinitial\u00bb background_position=\u00bbtop_left\u00bb background_repeat=\u00bbrepeat\u00bb width=\u00bb100%\u00bb global_colors_info=\u00bb{}\u00bb][et_pb_column type=\u00bb4_4&#8243; _builder_version=\u00bb4.16&#8243; custom_padding=\u00bb|||\u00bb global_colors_info=\u00bb{}\u00bb custom_padding__hover=\u00bb|||\u00bb][et_pb_wc_gallery fullwidth=\u00bboff\u00bb orientation=\u00bbportrait\u00bb _builder_version=\u00bb4.27.4&#8243; _module_preset=\u00bbdefault\u00bb global_colors_info=\u00bb{}\u00bb][\/et_pb_wc_gallery][\/et_pb_column][\/et_pb_row][\/et_pb_section]<\/p>\n","protected":false},"excerpt":{"rendered":"<table class=\"custom-product-attributes\"><tr><th>materiales<\/th><td>Fibra natural (fique)<\/td><\/tr><tr><th>color<\/th><td>Beige natural<\/td><\/tr><tr><th>fabricaci\u00f3n<\/th><td>100 % artesanal<\/td><\/tr><tr><th>Dimensiones<\/th><td>Di\u00e1metro: 32 cm, altura: 50 cm (variaciones posibles seg\u00fan la pieza)<\/td><\/tr><tr><th>Origen<\/th><td>Marruecos<\/td><\/tr><\/table>\n","protected":false},"featured_media":1681,"template":"","meta":{"_et_pb_use_builder":"on","_et_pb_old_content":"<div dir=\"ltr\">Suspensi\u00f3n en fibra natural \u2013 Modelo NUS<\/div>\n<div dir=\"ltr\"><\/div>\n<div id=\"m_-4380435299013075534AppleMailSignature\" dir=\"ltr\">Esta suspensi\u00f3n est\u00e1 realizada \u00edntegramente en fibra natural trenzada, seg\u00fan una t\u00e9cnica de ganchillo tradicional. Su estructura flexible crea un juego de transparencia que deja pasar la luz de manera suave e irregular, como un encaje vegetal. <\/div>\n<div id=\"m_-4380435299013075534AppleMailSignature\" dir=\"ltr\">Colgada sola o en serie, aporta un ambiente c\u00e1lido, org\u00e1nico y mediterr\u00e1neo, ideal para sublimar un sal\u00f3n, una terraza protegida o un dormitorio.<\/div>\n<div dir=\"ltr\"><\/div>\n<div dir=\"ltr\">Cada pieza est\u00e1 hecha a mano: pueden aparecer ligeras variaciones, lo que demuestra el car\u00e1cter artesanal y \u00fanico de la l\u00e1mpara.<\/div>\n<div dir=\"ltr\"><\/div>\n<div dir=\"ltr\"><strong>Cable y fijaci\u00f3n:<\/strong> Se entrega con un cable textil negro de 2,5 m, un casquillo negro y un flor\u00f3n de aluminio negro<\/div>\n<div dir=\"ltr\">\n\n<strong>Mantenimiento:<\/strong> Desempolvado delicado o limpieza ligera con un pa\u00f1o seco\n<div class=\"et_pb_column et_pb_column_2_5 et_pb_column_2 et_pb_css_mix_blend_mode_passthrough\">\n<div class=\"et_pb_module et_pb_text et_pb_text_3 et_pb_text_align_left et_pb_bg_layout_light\">\n<div class=\"et_pb_text_inner\">\n<div id=\"m_-4380435299013075534AppleMailSignature\" dir=\"ltr\"><\/div>\n<\/div>\n<\/div>\n<\/div>\n<div class=\"et_pb_column et_pb_column_3_5 et_pb_column_3 et_pb_css_mix_blend_mode_passthrough et-last-child\"><\/div>\n<\/div>","_et_gb_content_width":"","inline_featured_image":false},"product_brand":[],"product_cat":[82],"product_tag":[],"class_list":{"0":"post-1680","1":"product","2":"type-product","3":"status-publish","4":"has-post-thumbnail","6":"product_cat-objeto-de-decoracion","8":"first","9":"instock","10":"shipping-taxable","11":"purchasable","12":"product-type-simple"},"yoast_head":"<!-- This site is optimized with the Yoast SEO plugin v27.2 - https:\/\/yoast.com\/product\/yoast-seo-wordpress\/ -->\n<title>Luminaria NUS \u2013 Suspensi\u00f3n natural en fibra - Casalma Menorca<\/title>\n<meta name=\"description\" content=\"Suspensi\u00f3n NUS en fibra natural trenzada, hecha a mano. Luz suave, ambiente org\u00e1nico y mediterr\u00e1neo para sublimar su interior.\" \/>\n<meta name=\"robots\" content=\"index, follow, max-snippet:-1, max-image-preview:large, max-video-preview:-1\" \/>\n<link rel=\"canonical\" href=\"https:\/\/www.casalmamenorca.com\/es\/produit\/luminaria-nus\/\" \/>\n<meta property=\"og:locale\" content=\"es_ES\" \/>\n<meta property=\"og:type\" content=\"article\" \/>\n<meta property=\"og:title\" content=\"Luminaria NUS \u2013 Suspensi\u00f3n natural en fibra - Casalma Menorca\" \/>\n<meta property=\"og:description\" content=\"Suspensi\u00f3n NUS en fibra natural trenzada, hecha a mano. Luz suave, ambiente org\u00e1nico y mediterr\u00e1neo para sublimar su interior.\" \/>\n<meta property=\"og:url\" content=\"https:\/\/www.casalmamenorca.com\/es\/produit\/luminaria-nus\/\" \/>\n<meta property=\"og:site_name\" content=\"Casalma Menorca\" \/>\n<meta property=\"article:modified_time\" content=\"2025-12-03T14:12:43+00:00\" \/>\n<meta property=\"og:image\" content=\"https:\/\/www.casalmamenorca.com\/wp-content\/uploads\/2025\/11\/Lumimaire-nus-02.jpg\" \/>\n\t<meta property=\"og:image:width\" content=\"1248\" \/>\n\t<meta property=\"og:image:height\" content=\"1872\" \/>\n\t<meta property=\"og:image:type\" content=\"image\/jpeg\" \/>\n<meta name=\"twitter:card\" content=\"summary_large_image\" \/>\n<meta name=\"twitter:label1\" content=\"Tiempo de lectura\" \/>\n\t<meta name=\"twitter:data1\" content=\"2 minutos\" \/>\n<script type=\"application\/ld+json\" class=\"yoast-schema-graph\">{\"@context\":\"https:\/\/schema.org\",\"@graph\":[{\"@type\":\"WebPage\",\"@id\":\"https:\/\/www.casalmamenorca.com\/es\/produit\/luminaria-nus\/\",\"url\":\"https:\/\/www.casalmamenorca.com\/es\/produit\/luminaria-nus\/\",\"name\":\"Luminaria NUS \u2013 Suspensi\u00f3n natural en fibra - Casalma Menorca\",\"isPartOf\":{\"@id\":\"https:\/\/www.casalmamenorca.com\/es\/#website\"},\"primaryImageOfPage\":{\"@id\":\"https:\/\/www.casalmamenorca.com\/es\/produit\/luminaria-nus\/#primaryimage\"},\"image\":{\"@id\":\"https:\/\/www.casalmamenorca.com\/es\/produit\/luminaria-nus\/#primaryimage\"},\"thumbnailUrl\":\"https:\/\/www.casalmamenorca.com\/wp-content\/uploads\/2025\/11\/Lumimaire-nus-02.jpg\",\"datePublished\":\"2025-11-25T20:24:49+00:00\",\"dateModified\":\"2025-12-03T14:12:43+00:00\",\"description\":\"Suspensi\u00f3n NUS en fibra natural trenzada, hecha a mano. Luz suave, ambiente org\u00e1nico y mediterr\u00e1neo para sublimar su interior.\",\"breadcrumb\":{\"@id\":\"https:\/\/www.casalmamenorca.com\/es\/produit\/luminaria-nus\/#breadcrumb\"},\"inLanguage\":\"es\",\"potentialAction\":[{\"@type\":\"ReadAction\",\"target\":[\"https:\/\/www.casalmamenorca.com\/es\/produit\/luminaria-nus\/\"]}]},{\"@type\":\"ImageObject\",\"inLanguage\":\"es\",\"@id\":\"https:\/\/www.casalmamenorca.com\/es\/produit\/luminaria-nus\/#primaryimage\",\"url\":\"https:\/\/www.casalmamenorca.com\/wp-content\/uploads\/2025\/11\/Lumimaire-nus-02.jpg\",\"contentUrl\":\"https:\/\/www.casalmamenorca.com\/wp-content\/uploads\/2025\/11\/Lumimaire-nus-02.jpg\",\"width\":1248,\"height\":1872,\"caption\":\"Luminaria Nus\"},{\"@type\":\"BreadcrumbList\",\"@id\":\"https:\/\/www.casalmamenorca.com\/es\/produit\/luminaria-nus\/#breadcrumb\",\"itemListElement\":[{\"@type\":\"ListItem\",\"position\":1,\"name\":\"Accueil\",\"item\":\"https:\/\/www.casalmamenorca.com\/es\/inicio\/\"},{\"@type\":\"ListItem\",\"position\":2,\"name\":\"Nuestra colecci\u00f3n\",\"item\":\"https:\/\/www.casalmamenorca.com\/es\/nuestra-coleccion\/\"},{\"@type\":\"ListItem\",\"position\":3,\"name\":\"Luminaria NUS\"}]},{\"@type\":\"WebSite\",\"@id\":\"https:\/\/www.casalmamenorca.com\/es\/#website\",\"url\":\"https:\/\/www.casalmamenorca.com\/es\/\",\"name\":\"Casalma Menorca\",\"description\":\"Objets porteurs d&#039;histoire\",\"potentialAction\":[{\"@type\":\"SearchAction\",\"target\":{\"@type\":\"EntryPoint\",\"urlTemplate\":\"https:\/\/www.casalmamenorca.com\/es\/?s={search_term_string}\"},\"query-input\":{\"@type\":\"PropertyValueSpecification\",\"valueRequired\":true,\"valueName\":\"search_term_string\"}}],\"inLanguage\":\"es\"}]}<\/script>\n<!-- \/ Yoast SEO plugin. -->","yoast_head_json":{"title":"Luminaria NUS \u2013 Suspensi\u00f3n natural en fibra - Casalma Menorca","description":"Suspensi\u00f3n NUS en fibra natural trenzada, hecha a mano. Luz suave, ambiente org\u00e1nico y mediterr\u00e1neo para sublimar su interior.","robots":{"index":"index","follow":"follow","max-snippet":"max-snippet:-1","max-image-preview":"max-image-preview:large","max-video-preview":"max-video-preview:-1"},"canonical":"https:\/\/www.casalmamenorca.com\/es\/produit\/luminaria-nus\/","og_locale":"es_ES","og_type":"article","og_title":"Luminaria NUS \u2013 Suspensi\u00f3n natural en fibra - Casalma Menorca","og_description":"Suspensi\u00f3n NUS en fibra natural trenzada, hecha a mano. Luz suave, ambiente org\u00e1nico y mediterr\u00e1neo para sublimar su interior.","og_url":"https:\/\/www.casalmamenorca.com\/es\/produit\/luminaria-nus\/","og_site_name":"Casalma Menorca","article_modified_time":"2025-12-03T14:12:43+00:00","og_image":[{"width":1248,"height":1872,"url":"https:\/\/www.casalmamenorca.com\/wp-content\/uploads\/2025\/11\/Lumimaire-nus-02.jpg","type":"image\/jpeg"}],"twitter_card":"summary_large_image","twitter_misc":{"Tiempo de lectura":"2 minutos"},"schema":{"@context":"https:\/\/schema.org","@graph":[{"@type":"WebPage","@id":"https:\/\/www.casalmamenorca.com\/es\/produit\/luminaria-nus\/","url":"https:\/\/www.casalmamenorca.com\/es\/produit\/luminaria-nus\/","name":"Luminaria NUS \u2013 Suspensi\u00f3n natural en fibra - Casalma Menorca","isPartOf":{"@id":"https:\/\/www.casalmamenorca.com\/es\/#website"},"primaryImageOfPage":{"@id":"https:\/\/www.casalmamenorca.com\/es\/produit\/luminaria-nus\/#primaryimage"},"image":{"@id":"https:\/\/www.casalmamenorca.com\/es\/produit\/luminaria-nus\/#primaryimage"},"thumbnailUrl":"https:\/\/www.casalmamenorca.com\/wp-content\/uploads\/2025\/11\/Lumimaire-nus-02.jpg","datePublished":"2025-11-25T20:24:49+00:00","dateModified":"2025-12-03T14:12:43+00:00","description":"Suspensi\u00f3n NUS en fibra natural trenzada, hecha a mano. Luz suave, ambiente org\u00e1nico y mediterr\u00e1neo para sublimar su interior.","breadcrumb":{"@id":"https:\/\/www.casalmamenorca.com\/es\/produit\/luminaria-nus\/#breadcrumb"},"inLanguage":"es","potentialAction":[{"@type":"ReadAction","target":["https:\/\/www.casalmamenorca.com\/es\/produit\/luminaria-nus\/"]}]},{"@type":"ImageObject","inLanguage":"es","@id":"https:\/\/www.casalmamenorca.com\/es\/produit\/luminaria-nus\/#primaryimage","url":"https:\/\/www.casalmamenorca.com\/wp-content\/uploads\/2025\/11\/Lumimaire-nus-02.jpg","contentUrl":"https:\/\/www.casalmamenorca.com\/wp-content\/uploads\/2025\/11\/Lumimaire-nus-02.jpg","width":1248,"height":1872,"caption":"Luminaria Nus"},{"@type":"BreadcrumbList","@id":"https:\/\/www.casalmamenorca.com\/es\/produit\/luminaria-nus\/#breadcrumb","itemListElement":[{"@type":"ListItem","position":1,"name":"Accueil","item":"https:\/\/www.casalmamenorca.com\/es\/inicio\/"},{"@type":"ListItem","position":2,"name":"Nuestra colecci\u00f3n","item":"https:\/\/www.casalmamenorca.com\/es\/nuestra-coleccion\/"},{"@type":"ListItem","position":3,"name":"Luminaria NUS"}]},{"@type":"WebSite","@id":"https:\/\/www.casalmamenorca.com\/es\/#website","url":"https:\/\/www.casalmamenorca.com\/es\/","name":"Casalma Menorca","description":"Objets porteurs d&#039;histoire","potentialAction":[{"@type":"SearchAction","target":{"@type":"EntryPoint","urlTemplate":"https:\/\/www.casalmamenorca.com\/es\/?s={search_term_string}"},"query-input":{"@type":"PropertyValueSpecification","valueRequired":true,"valueName":"search_term_string"}}],"inLanguage":"es"}]}},"jetpack_sharing_enabled":true,"_links":{"self":[{"href":"https:\/\/www.casalmamenorca.com\/es\/wp-json\/wp\/v2\/product\/1680","targetHints":{"allow":["GET"]}}],"collection":[{"href":"https:\/\/www.casalmamenorca.com\/es\/wp-json\/wp\/v2\/product"}],"about":[{"href":"https:\/\/www.casalmamenorca.com\/es\/wp-json\/wp\/v2\/types\/product"}],"wp:featuredmedia":[{"embeddable":true,"href":"https:\/\/www.casalmamenorca.com\/es\/wp-json\/wp\/v2\/media\/1681"}],"wp:attachment":[{"href":"https:\/\/www.casalmamenorca.com\/es\/wp-json\/wp\/v2\/media?parent=1680"}],"wp:term":[{"taxonomy":"product_brand","embeddable":true,"href":"https:\/\/www.casalmamenorca.com\/es\/wp-json\/wp\/v2\/product_brand?post=1680"},{"taxonomy":"product_cat","embeddable":true,"href":"https:\/\/www.casalmamenorca.com\/es\/wp-json\/wp\/v2\/product_cat?post=1680"},{"taxonomy":"product_tag","embeddable":true,"href":"https:\/\/www.casalmamenorca.com\/es\/wp-json\/wp\/v2\/product_tag?post=1680"}],"curies":[{"name":"wp","href":"https:\/\/api.w.org\/{rel}","templated":true}]}}