{"id":1674,"date":"2025-11-27T15:17:33","date_gmt":"2025-11-27T15:17:33","guid":{"rendered":"https:\/\/www.casalmamenorca.com\/produit\/sillon-nuk\/"},"modified":"2025-11-27T17:16:33","modified_gmt":"2025-11-27T17:16:33","slug":"sillon-nuk","status":"publish","type":"product","link":"https:\/\/www.casalmamenorca.com\/es\/produit\/sillon-nuk\/","title":{"rendered":"Sill\u00f3n NUK"},"content":{"rendered":"<p>[et_pb_section fb_built=\u00bb1&#8243; _builder_version=\u00bb4.27.4&#8243; _module_preset=\u00bbdefault\u00bb global_colors_info=\u00bb{}\u00bb][\/et_pb_section]<\/p>\n","protected":false},"excerpt":{"rendered":"","protected":false},"featured_media":563,"template":"","meta":{"_et_pb_use_builder":"on","_et_pb_old_content":"<div dir=\"ltr\">\n\nEste sill\u00f3n a\u00fana una estructura de madera de mango te\u00f1ida de negro con un tejido a rayas en tonalidades naturales, creando un contraste a la vez suave y contempor\u00e1neo. Su asiento generoso y su respaldo ligeramente inclinado lo convierten en un sill\u00f3n pensado para la comodidad: uno se instala en \u00e9l para leer, charlar o simplemente relajarse, envuelto en un ambiente c\u00e1lido y apacible. \n\nLos matices beiges y naturales del tejido aportan un esp\u00edritu mediterr\u00e1neo ligero, perfecto para un sal\u00f3n luminoso, un dormitorio o un espacio de lectura.\n\n<strong>Materiales:<\/strong>\nEstructura: madera de mango\nAsiento y respaldo: tejido (poli\u00e9ster & fibras mixtas recicladas)\n<strong>Color:\n<\/strong>Estructura: negro\nTejido: beige a rayas\n\n<\/div>\n<div dir=\"ltr\"><strong><strong>Mantenimiento:\n<\/strong><\/strong>Aspiraci\u00f3n suave regular\nManchas: limpieza delicada con un pa\u00f1o h\u00famedo<\/div>","_et_gb_content_width":"","inline_featured_image":false},"product_brand":[],"product_cat":[62],"product_tag":[],"class_list":{"0":"post-1674","1":"product","2":"type-product","3":"status-publish","4":"has-post-thumbnail","6":"product_cat-mueble","8":"first","9":"outofstock","10":"shipping-taxable","11":"purchasable","12":"product-type-simple"},"yoast_head":"<!-- This site is optimized with the Yoast SEO plugin v27.2 - https:\/\/yoast.com\/product\/yoast-seo-wordpress\/ -->\n<title>Sill\u00f3n Nuk \u2013 Madera de mango &amp; tejido a rayas | Casalma Menorca<\/title>\n<meta name=\"description\" content=\"El sill\u00f3n Sill\u00f3n Nuk combina madera de mango ennegrecida y tejido a rayas natural. C\u00f3modo, artesanal y c\u00e1lido, aporta car\u00e1cter a cualquier interior.\" \/>\n<meta name=\"robots\" content=\"index, follow, max-snippet:-1, max-image-preview:large, max-video-preview:-1\" \/>\n<link rel=\"canonical\" href=\"https:\/\/www.casalmamenorca.com\/es\/produit\/sillon-nuk\/\" \/>\n<meta property=\"og:locale\" content=\"es_ES\" \/>\n<meta property=\"og:type\" content=\"article\" \/>\n<meta property=\"og:title\" content=\"Sill\u00f3n Nuk \u2013 Madera de mango &amp; tejido a rayas | Casalma Menorca\" \/>\n<meta property=\"og:description\" content=\"El sill\u00f3n Sill\u00f3n Nuk combina madera de mango ennegrecida y tejido a rayas natural. C\u00f3modo, artesanal y c\u00e1lido, aporta car\u00e1cter a cualquier interior.\" \/>\n<meta property=\"og:url\" content=\"https:\/\/www.casalmamenorca.com\/es\/produit\/sillon-nuk\/\" \/>\n<meta property=\"og:site_name\" content=\"Casalma Menorca\" \/>\n<meta property=\"article:modified_time\" content=\"2025-11-27T17:16:33+00:00\" \/>\n<meta property=\"og:image\" content=\"https:\/\/www.casalmamenorca.com\/wp-content\/uploads\/2025\/11\/Sillon-Nuk-03.jpg\" \/>\n\t<meta property=\"og:image:width\" content=\"1248\" \/>\n\t<meta property=\"og:image:height\" content=\"1872\" \/>\n\t<meta property=\"og:image:type\" content=\"image\/jpeg\" \/>\n<meta name=\"twitter:card\" content=\"summary_large_image\" \/>\n<script type=\"application\/ld+json\" class=\"yoast-schema-graph\">{\"@context\":\"https:\/\/schema.org\",\"@graph\":[{\"@type\":\"WebPage\",\"@id\":\"https:\/\/www.casalmamenorca.com\/es\/produit\/sillon-nuk\/\",\"url\":\"https:\/\/www.casalmamenorca.com\/es\/produit\/sillon-nuk\/\",\"name\":\"Sill\u00f3n Nuk \u2013 Madera de mango & tejido a rayas | Casalma Menorca\",\"isPartOf\":{\"@id\":\"https:\/\/www.casalmamenorca.com\/es\/#website\"},\"primaryImageOfPage\":{\"@id\":\"https:\/\/www.casalmamenorca.com\/es\/produit\/sillon-nuk\/#primaryimage\"},\"image\":{\"@id\":\"https:\/\/www.casalmamenorca.com\/es\/produit\/sillon-nuk\/#primaryimage\"},\"thumbnailUrl\":\"https:\/\/www.casalmamenorca.com\/wp-content\/uploads\/2025\/11\/Sillon-Nuk-03.jpg\",\"datePublished\":\"2025-11-27T15:17:33+00:00\",\"dateModified\":\"2025-11-27T17:16:33+00:00\",\"description\":\"El sill\u00f3n Sill\u00f3n Nuk combina madera de mango ennegrecida y tejido a rayas natural. C\u00f3modo, artesanal y c\u00e1lido, aporta car\u00e1cter a cualquier interior.\",\"breadcrumb\":{\"@id\":\"https:\/\/www.casalmamenorca.com\/es\/produit\/sillon-nuk\/#breadcrumb\"},\"inLanguage\":\"es\",\"potentialAction\":[{\"@type\":\"ReadAction\",\"target\":[\"https:\/\/www.casalmamenorca.com\/es\/produit\/sillon-nuk\/\"]}]},{\"@type\":\"ImageObject\",\"inLanguage\":\"es\",\"@id\":\"https:\/\/www.casalmamenorca.com\/es\/produit\/sillon-nuk\/#primaryimage\",\"url\":\"https:\/\/www.casalmamenorca.com\/wp-content\/uploads\/2025\/11\/Sillon-Nuk-03.jpg\",\"contentUrl\":\"https:\/\/www.casalmamenorca.com\/wp-content\/uploads\/2025\/11\/Sillon-Nuk-03.jpg\",\"width\":1248,\"height\":1872,\"caption\":\"Sillon Nuk\"},{\"@type\":\"BreadcrumbList\",\"@id\":\"https:\/\/www.casalmamenorca.com\/es\/produit\/sillon-nuk\/#breadcrumb\",\"itemListElement\":[{\"@type\":\"ListItem\",\"position\":1,\"name\":\"Accueil\",\"item\":\"https:\/\/www.casalmamenorca.com\/es\/inicio\/\"},{\"@type\":\"ListItem\",\"position\":2,\"name\":\"Nuestra colecci\u00f3n\",\"item\":\"https:\/\/www.casalmamenorca.com\/es\/nuestra-coleccion\/\"},{\"@type\":\"ListItem\",\"position\":3,\"name\":\"Sill\u00f3n NUK\"}]},{\"@type\":\"WebSite\",\"@id\":\"https:\/\/www.casalmamenorca.com\/es\/#website\",\"url\":\"https:\/\/www.casalmamenorca.com\/es\/\",\"name\":\"Casalma Menorca\",\"description\":\"Objets porteurs d&#039;histoire\",\"potentialAction\":[{\"@type\":\"SearchAction\",\"target\":{\"@type\":\"EntryPoint\",\"urlTemplate\":\"https:\/\/www.casalmamenorca.com\/es\/?s={search_term_string}\"},\"query-input\":{\"@type\":\"PropertyValueSpecification\",\"valueRequired\":true,\"valueName\":\"search_term_string\"}}],\"inLanguage\":\"es\"}]}<\/script>\n<!-- \/ Yoast SEO plugin. -->","yoast_head_json":{"title":"Sill\u00f3n Nuk \u2013 Madera de mango & tejido a rayas | Casalma Menorca","description":"El sill\u00f3n Sill\u00f3n Nuk combina madera de mango ennegrecida y tejido a rayas natural. C\u00f3modo, artesanal y c\u00e1lido, aporta car\u00e1cter a cualquier interior.","robots":{"index":"index","follow":"follow","max-snippet":"max-snippet:-1","max-image-preview":"max-image-preview:large","max-video-preview":"max-video-preview:-1"},"canonical":"https:\/\/www.casalmamenorca.com\/es\/produit\/sillon-nuk\/","og_locale":"es_ES","og_type":"article","og_title":"Sill\u00f3n Nuk \u2013 Madera de mango & tejido a rayas | Casalma Menorca","og_description":"El sill\u00f3n Sill\u00f3n Nuk combina madera de mango ennegrecida y tejido a rayas natural. C\u00f3modo, artesanal y c\u00e1lido, aporta car\u00e1cter a cualquier interior.","og_url":"https:\/\/www.casalmamenorca.com\/es\/produit\/sillon-nuk\/","og_site_name":"Casalma Menorca","article_modified_time":"2025-11-27T17:16:33+00:00","og_image":[{"width":1248,"height":1872,"url":"https:\/\/www.casalmamenorca.com\/wp-content\/uploads\/2025\/11\/Sillon-Nuk-03.jpg","type":"image\/jpeg"}],"twitter_card":"summary_large_image","schema":{"@context":"https:\/\/schema.org","@graph":[{"@type":"WebPage","@id":"https:\/\/www.casalmamenorca.com\/es\/produit\/sillon-nuk\/","url":"https:\/\/www.casalmamenorca.com\/es\/produit\/sillon-nuk\/","name":"Sill\u00f3n Nuk \u2013 Madera de mango & tejido a rayas | Casalma Menorca","isPartOf":{"@id":"https:\/\/www.casalmamenorca.com\/es\/#website"},"primaryImageOfPage":{"@id":"https:\/\/www.casalmamenorca.com\/es\/produit\/sillon-nuk\/#primaryimage"},"image":{"@id":"https:\/\/www.casalmamenorca.com\/es\/produit\/sillon-nuk\/#primaryimage"},"thumbnailUrl":"https:\/\/www.casalmamenorca.com\/wp-content\/uploads\/2025\/11\/Sillon-Nuk-03.jpg","datePublished":"2025-11-27T15:17:33+00:00","dateModified":"2025-11-27T17:16:33+00:00","description":"El sill\u00f3n Sill\u00f3n Nuk combina madera de mango ennegrecida y tejido a rayas natural. C\u00f3modo, artesanal y c\u00e1lido, aporta car\u00e1cter a cualquier interior.","breadcrumb":{"@id":"https:\/\/www.casalmamenorca.com\/es\/produit\/sillon-nuk\/#breadcrumb"},"inLanguage":"es","potentialAction":[{"@type":"ReadAction","target":["https:\/\/www.casalmamenorca.com\/es\/produit\/sillon-nuk\/"]}]},{"@type":"ImageObject","inLanguage":"es","@id":"https:\/\/www.casalmamenorca.com\/es\/produit\/sillon-nuk\/#primaryimage","url":"https:\/\/www.casalmamenorca.com\/wp-content\/uploads\/2025\/11\/Sillon-Nuk-03.jpg","contentUrl":"https:\/\/www.casalmamenorca.com\/wp-content\/uploads\/2025\/11\/Sillon-Nuk-03.jpg","width":1248,"height":1872,"caption":"Sillon Nuk"},{"@type":"BreadcrumbList","@id":"https:\/\/www.casalmamenorca.com\/es\/produit\/sillon-nuk\/#breadcrumb","itemListElement":[{"@type":"ListItem","position":1,"name":"Accueil","item":"https:\/\/www.casalmamenorca.com\/es\/inicio\/"},{"@type":"ListItem","position":2,"name":"Nuestra colecci\u00f3n","item":"https:\/\/www.casalmamenorca.com\/es\/nuestra-coleccion\/"},{"@type":"ListItem","position":3,"name":"Sill\u00f3n NUK"}]},{"@type":"WebSite","@id":"https:\/\/www.casalmamenorca.com\/es\/#website","url":"https:\/\/www.casalmamenorca.com\/es\/","name":"Casalma Menorca","description":"Objets porteurs d&#039;histoire","potentialAction":[{"@type":"SearchAction","target":{"@type":"EntryPoint","urlTemplate":"https:\/\/www.casalmamenorca.com\/es\/?s={search_term_string}"},"query-input":{"@type":"PropertyValueSpecification","valueRequired":true,"valueName":"search_term_string"}}],"inLanguage":"es"}]}},"jetpack_sharing_enabled":true,"_links":{"self":[{"href":"https:\/\/www.casalmamenorca.com\/es\/wp-json\/wp\/v2\/product\/1674","targetHints":{"allow":["GET"]}}],"collection":[{"href":"https:\/\/www.casalmamenorca.com\/es\/wp-json\/wp\/v2\/product"}],"about":[{"href":"https:\/\/www.casalmamenorca.com\/es\/wp-json\/wp\/v2\/types\/product"}],"wp:featuredmedia":[{"embeddable":true,"href":"https:\/\/www.casalmamenorca.com\/es\/wp-json\/wp\/v2\/media\/563"}],"wp:attachment":[{"href":"https:\/\/www.casalmamenorca.com\/es\/wp-json\/wp\/v2\/media?parent=1674"}],"wp:term":[{"taxonomy":"product_brand","embeddable":true,"href":"https:\/\/www.casalmamenorca.com\/es\/wp-json\/wp\/v2\/product_brand?post=1674"},{"taxonomy":"product_cat","embeddable":true,"href":"https:\/\/www.casalmamenorca.com\/es\/wp-json\/wp\/v2\/product_cat?post=1674"},{"taxonomy":"product_tag","embeddable":true,"href":"https:\/\/www.casalmamenorca.com\/es\/wp-json\/wp\/v2\/product_tag?post=1674"}],"curies":[{"name":"wp","href":"https:\/\/api.w.org\/{rel}","templated":true}]}}