{"id":1662,"date":"2025-11-26T20:40:06","date_gmt":"2025-11-26T20:40:06","guid":{"rendered":"https:\/\/www.casalmamenorca.com\/produit\/mesa-de-centro-antigua-wabi-sabi\/"},"modified":"2025-11-27T17:08:27","modified_gmt":"2025-11-27T17:08:27","slug":"mesa-de-centro-antigua-wabi-sabi","status":"publish","type":"product","link":"https:\/\/www.casalmamenorca.com\/es\/produit\/mesa-de-centro-antigua-wabi-sabi\/","title":{"rendered":"Mesa de centro antigua WABI-SABI"},"content":{"rendered":"<p>[et_pb_section fb_built=\u00bb1&#8243; _builder_version=\u00bb4.27.4&#8243; _module_preset=\u00bbdefault\u00bb global_colors_info=\u00bb{}\u00bb][\/et_pb_section]<\/p>\n","protected":false},"excerpt":{"rendered":"","protected":false},"featured_media":570,"template":"","meta":{"_et_pb_use_builder":"on","_et_pb_old_content":"<div dir=\"ltr\">Esta mesa de centro firmada por <strong>Francisco Segarra<\/strong> es una <strong>pieza antigua de excepci\u00f3n<\/strong>, fabricada en madera recuperada cuya p\u00e1tina natural revela numerosos a\u00f1os de historia. Su superficie bruta, sus irregularidades y sus matices profundos la convierten en un mueble con un car\u00e1cter singular, capaz de arraigar instant\u00e1neamente una estancia y aportarle un alma. <\/div>\n<div dir=\"ltr\">Cada detalle \u2014las marcas del tiempo, los nudos, las grietas, las variaciones de tono\u2014 testimonia la autenticidad de la madera y del trabajo manual. Es una pieza que no se contenta con vestir un espacio: lo transforma, creando una atm\u00f3sfera c\u00e1lida, mediterr\u00e1nea e intemporal. <\/div>\n<div dir=\"ltr\"><strong>Mantenimiento:<\/strong> Desempolvado regular\nLimpieza suave con un pa\u00f1o ligeramente h\u00famedo<\/div>","_et_gb_content_width":"","inline_featured_image":false},"product_brand":[],"product_cat":[62],"product_tag":[],"class_list":{"0":"post-1662","1":"product","2":"type-product","3":"status-publish","4":"has-post-thumbnail","6":"product_cat-mueble","8":"first","9":"outofstock","10":"shipping-taxable","11":"purchasable","12":"product-type-simple"},"yoast_head":"<!-- This site is optimized with the Yoast SEO plugin v27.2 - https:\/\/yoast.com\/product\/yoast-seo-wordpress\/ -->\n<title>Mesa de centro antigua Wabi Sabi \u2013 Pieza artesanal \u00fanica - Casalma Menorca<\/title>\n<meta name=\"description\" content=\"Mesa de centro antigua en madera recuperada, pieza rara con el encanto Wabi Sabi. Materia bruta, p\u00e1tina aut\u00e9ntica y car\u00e1cter \u00fanico para sublimar su espacio.\" \/>\n<meta name=\"robots\" content=\"index, follow, max-snippet:-1, max-image-preview:large, max-video-preview:-1\" \/>\n<link rel=\"canonical\" href=\"https:\/\/www.casalmamenorca.com\/es\/produit\/mesa-de-centro-antigua-wabi-sabi\/\" \/>\n<meta property=\"og:locale\" content=\"es_ES\" \/>\n<meta property=\"og:type\" content=\"article\" \/>\n<meta property=\"og:title\" content=\"Mesa de centro antigua Wabi Sabi \u2013 Pieza artesanal \u00fanica - Casalma Menorca\" \/>\n<meta property=\"og:description\" content=\"Mesa de centro antigua en madera recuperada, pieza rara con el encanto Wabi Sabi. Materia bruta, p\u00e1tina aut\u00e9ntica y car\u00e1cter \u00fanico para sublimar su espacio.\" \/>\n<meta property=\"og:url\" content=\"https:\/\/www.casalmamenorca.com\/es\/produit\/mesa-de-centro-antigua-wabi-sabi\/\" \/>\n<meta property=\"og:site_name\" content=\"Casalma Menorca\" \/>\n<meta property=\"article:modified_time\" content=\"2025-11-27T17:08:27+00:00\" \/>\n<meta property=\"og:image\" content=\"https:\/\/www.casalmamenorca.com\/wp-content\/uploads\/2025\/11\/Table-basse-wabi-sabi-02.jpg\" \/>\n\t<meta property=\"og:image:width\" content=\"1248\" \/>\n\t<meta property=\"og:image:height\" content=\"1872\" \/>\n\t<meta property=\"og:image:type\" content=\"image\/jpeg\" \/>\n<meta name=\"twitter:card\" content=\"summary_large_image\" \/>\n<script type=\"application\/ld+json\" class=\"yoast-schema-graph\">{\"@context\":\"https:\/\/schema.org\",\"@graph\":[{\"@type\":\"WebPage\",\"@id\":\"https:\/\/www.casalmamenorca.com\/es\/produit\/mesa-de-centro-antigua-wabi-sabi\/\",\"url\":\"https:\/\/www.casalmamenorca.com\/es\/produit\/mesa-de-centro-antigua-wabi-sabi\/\",\"name\":\"Mesa de centro antigua Wabi Sabi \u2013 Pieza artesanal \u00fanica - Casalma Menorca\",\"isPartOf\":{\"@id\":\"https:\/\/www.casalmamenorca.com\/es\/#website\"},\"primaryImageOfPage\":{\"@id\":\"https:\/\/www.casalmamenorca.com\/es\/produit\/mesa-de-centro-antigua-wabi-sabi\/#primaryimage\"},\"image\":{\"@id\":\"https:\/\/www.casalmamenorca.com\/es\/produit\/mesa-de-centro-antigua-wabi-sabi\/#primaryimage\"},\"thumbnailUrl\":\"https:\/\/www.casalmamenorca.com\/wp-content\/uploads\/2025\/11\/Table-basse-wabi-sabi-02.jpg\",\"datePublished\":\"2025-11-26T20:40:06+00:00\",\"dateModified\":\"2025-11-27T17:08:27+00:00\",\"description\":\"Mesa de centro antigua en madera recuperada, pieza rara con el encanto Wabi Sabi. Materia bruta, p\u00e1tina aut\u00e9ntica y car\u00e1cter \u00fanico para sublimar su espacio.\",\"breadcrumb\":{\"@id\":\"https:\/\/www.casalmamenorca.com\/es\/produit\/mesa-de-centro-antigua-wabi-sabi\/#breadcrumb\"},\"inLanguage\":\"es\",\"potentialAction\":[{\"@type\":\"ReadAction\",\"target\":[\"https:\/\/www.casalmamenorca.com\/es\/produit\/mesa-de-centro-antigua-wabi-sabi\/\"]}]},{\"@type\":\"ImageObject\",\"inLanguage\":\"es\",\"@id\":\"https:\/\/www.casalmamenorca.com\/es\/produit\/mesa-de-centro-antigua-wabi-sabi\/#primaryimage\",\"url\":\"https:\/\/www.casalmamenorca.com\/wp-content\/uploads\/2025\/11\/Table-basse-wabi-sabi-02.jpg\",\"contentUrl\":\"https:\/\/www.casalmamenorca.com\/wp-content\/uploads\/2025\/11\/Table-basse-wabi-sabi-02.jpg\",\"width\":1248,\"height\":1872},{\"@type\":\"BreadcrumbList\",\"@id\":\"https:\/\/www.casalmamenorca.com\/es\/produit\/mesa-de-centro-antigua-wabi-sabi\/#breadcrumb\",\"itemListElement\":[{\"@type\":\"ListItem\",\"position\":1,\"name\":\"Accueil\",\"item\":\"https:\/\/www.casalmamenorca.com\/es\/inicio\/\"},{\"@type\":\"ListItem\",\"position\":2,\"name\":\"Nuestra colecci\u00f3n\",\"item\":\"https:\/\/www.casalmamenorca.com\/es\/nuestra-coleccion\/\"},{\"@type\":\"ListItem\",\"position\":3,\"name\":\"Mesa de centro antigua WABI-SABI\"}]},{\"@type\":\"WebSite\",\"@id\":\"https:\/\/www.casalmamenorca.com\/es\/#website\",\"url\":\"https:\/\/www.casalmamenorca.com\/es\/\",\"name\":\"Casalma Menorca\",\"description\":\"Objets porteurs d&#039;histoire\",\"potentialAction\":[{\"@type\":\"SearchAction\",\"target\":{\"@type\":\"EntryPoint\",\"urlTemplate\":\"https:\/\/www.casalmamenorca.com\/es\/?s={search_term_string}\"},\"query-input\":{\"@type\":\"PropertyValueSpecification\",\"valueRequired\":true,\"valueName\":\"search_term_string\"}}],\"inLanguage\":\"es\"}]}<\/script>\n<!-- \/ Yoast SEO plugin. -->","yoast_head_json":{"title":"Mesa de centro antigua Wabi Sabi \u2013 Pieza artesanal \u00fanica - Casalma Menorca","description":"Mesa de centro antigua en madera recuperada, pieza rara con el encanto Wabi Sabi. Materia bruta, p\u00e1tina aut\u00e9ntica y car\u00e1cter \u00fanico para sublimar su espacio.","robots":{"index":"index","follow":"follow","max-snippet":"max-snippet:-1","max-image-preview":"max-image-preview:large","max-video-preview":"max-video-preview:-1"},"canonical":"https:\/\/www.casalmamenorca.com\/es\/produit\/mesa-de-centro-antigua-wabi-sabi\/","og_locale":"es_ES","og_type":"article","og_title":"Mesa de centro antigua Wabi Sabi \u2013 Pieza artesanal \u00fanica - Casalma Menorca","og_description":"Mesa de centro antigua en madera recuperada, pieza rara con el encanto Wabi Sabi. Materia bruta, p\u00e1tina aut\u00e9ntica y car\u00e1cter \u00fanico para sublimar su espacio.","og_url":"https:\/\/www.casalmamenorca.com\/es\/produit\/mesa-de-centro-antigua-wabi-sabi\/","og_site_name":"Casalma Menorca","article_modified_time":"2025-11-27T17:08:27+00:00","og_image":[{"width":1248,"height":1872,"url":"https:\/\/www.casalmamenorca.com\/wp-content\/uploads\/2025\/11\/Table-basse-wabi-sabi-02.jpg","type":"image\/jpeg"}],"twitter_card":"summary_large_image","schema":{"@context":"https:\/\/schema.org","@graph":[{"@type":"WebPage","@id":"https:\/\/www.casalmamenorca.com\/es\/produit\/mesa-de-centro-antigua-wabi-sabi\/","url":"https:\/\/www.casalmamenorca.com\/es\/produit\/mesa-de-centro-antigua-wabi-sabi\/","name":"Mesa de centro antigua Wabi Sabi \u2013 Pieza artesanal \u00fanica - Casalma Menorca","isPartOf":{"@id":"https:\/\/www.casalmamenorca.com\/es\/#website"},"primaryImageOfPage":{"@id":"https:\/\/www.casalmamenorca.com\/es\/produit\/mesa-de-centro-antigua-wabi-sabi\/#primaryimage"},"image":{"@id":"https:\/\/www.casalmamenorca.com\/es\/produit\/mesa-de-centro-antigua-wabi-sabi\/#primaryimage"},"thumbnailUrl":"https:\/\/www.casalmamenorca.com\/wp-content\/uploads\/2025\/11\/Table-basse-wabi-sabi-02.jpg","datePublished":"2025-11-26T20:40:06+00:00","dateModified":"2025-11-27T17:08:27+00:00","description":"Mesa de centro antigua en madera recuperada, pieza rara con el encanto Wabi Sabi. Materia bruta, p\u00e1tina aut\u00e9ntica y car\u00e1cter \u00fanico para sublimar su espacio.","breadcrumb":{"@id":"https:\/\/www.casalmamenorca.com\/es\/produit\/mesa-de-centro-antigua-wabi-sabi\/#breadcrumb"},"inLanguage":"es","potentialAction":[{"@type":"ReadAction","target":["https:\/\/www.casalmamenorca.com\/es\/produit\/mesa-de-centro-antigua-wabi-sabi\/"]}]},{"@type":"ImageObject","inLanguage":"es","@id":"https:\/\/www.casalmamenorca.com\/es\/produit\/mesa-de-centro-antigua-wabi-sabi\/#primaryimage","url":"https:\/\/www.casalmamenorca.com\/wp-content\/uploads\/2025\/11\/Table-basse-wabi-sabi-02.jpg","contentUrl":"https:\/\/www.casalmamenorca.com\/wp-content\/uploads\/2025\/11\/Table-basse-wabi-sabi-02.jpg","width":1248,"height":1872},{"@type":"BreadcrumbList","@id":"https:\/\/www.casalmamenorca.com\/es\/produit\/mesa-de-centro-antigua-wabi-sabi\/#breadcrumb","itemListElement":[{"@type":"ListItem","position":1,"name":"Accueil","item":"https:\/\/www.casalmamenorca.com\/es\/inicio\/"},{"@type":"ListItem","position":2,"name":"Nuestra colecci\u00f3n","item":"https:\/\/www.casalmamenorca.com\/es\/nuestra-coleccion\/"},{"@type":"ListItem","position":3,"name":"Mesa de centro antigua WABI-SABI"}]},{"@type":"WebSite","@id":"https:\/\/www.casalmamenorca.com\/es\/#website","url":"https:\/\/www.casalmamenorca.com\/es\/","name":"Casalma Menorca","description":"Objets porteurs d&#039;histoire","potentialAction":[{"@type":"SearchAction","target":{"@type":"EntryPoint","urlTemplate":"https:\/\/www.casalmamenorca.com\/es\/?s={search_term_string}"},"query-input":{"@type":"PropertyValueSpecification","valueRequired":true,"valueName":"search_term_string"}}],"inLanguage":"es"}]}},"jetpack_sharing_enabled":true,"_links":{"self":[{"href":"https:\/\/www.casalmamenorca.com\/es\/wp-json\/wp\/v2\/product\/1662","targetHints":{"allow":["GET"]}}],"collection":[{"href":"https:\/\/www.casalmamenorca.com\/es\/wp-json\/wp\/v2\/product"}],"about":[{"href":"https:\/\/www.casalmamenorca.com\/es\/wp-json\/wp\/v2\/types\/product"}],"wp:featuredmedia":[{"embeddable":true,"href":"https:\/\/www.casalmamenorca.com\/es\/wp-json\/wp\/v2\/media\/570"}],"wp:attachment":[{"href":"https:\/\/www.casalmamenorca.com\/es\/wp-json\/wp\/v2\/media?parent=1662"}],"wp:term":[{"taxonomy":"product_brand","embeddable":true,"href":"https:\/\/www.casalmamenorca.com\/es\/wp-json\/wp\/v2\/product_brand?post=1662"},{"taxonomy":"product_cat","embeddable":true,"href":"https:\/\/www.casalmamenorca.com\/es\/wp-json\/wp\/v2\/product_cat?post=1662"},{"taxonomy":"product_tag","embeddable":true,"href":"https:\/\/www.casalmamenorca.com\/es\/wp-json\/wp\/v2\/product_tag?post=1662"}],"curies":[{"name":"wp","href":"https:\/\/api.w.org\/{rel}","templated":true}]}}