{"id":1650,"date":"2025-11-25T19:03:25","date_gmt":"2025-11-25T19:03:25","guid":{"rendered":"https:\/\/www.casalmamenorca.com\/carrito\/"},"modified":"2026-03-18T16:31:27","modified_gmt":"2026-03-18T16:31:27","slug":"carrito","status":"publish","type":"page","link":"https:\/\/www.casalmamenorca.com\/es\/carrito\/","title":{"rendered":"carrito"},"content":{"rendered":"<p>[et_pb_section fb_built=\u00bb1&#8243; _builder_version=\u00bb4.27.4&#8243; _module_preset=\u00bbdefault\u00bb background_color=\u00bb#F5F4F0&#8243; background_enable_image=\u00bboff\u00bb height=\u00bb30vh\u00bb custom_margin=\u00bb60px||||false|false\u00bb custom_margin_tablet=\u00bb60px||||false|false\u00bb custom_margin_phone=\u00bb30px||||false|false\u00bb custom_margin_last_edited=\u00bbon|desktop\u00bb global_colors_info=\u00bb{}\u00bb][et_pb_row _builder_version=\u00bb4.27.4&#8243; _module_preset=\u00bbdefault\u00bb custom_margin=\u00bb||||false|false\u00bb global_colors_info=\u00bb{}\u00bb][et_pb_column type=\u00bb4_4&#8243; _builder_version=\u00bb4.27.4&#8243; _module_preset=\u00bbdefault\u00bb global_colors_info=\u00bb{}\u00bb][et_pb_text _builder_version=\u00bb4.27.4&#8243; _module_preset=\u00bbdefault\u00bb text_font=\u00bbNEUEHAAS ROMAN|||on|||||\u00bb text_font_size=\u00bb10px\u00bb text_letter_spacing=\u00bb2px\u00bb global_colors_info=\u00bb{}\u00bb]<\/p>\n<p style=\"text-align: center;\">Su cesta<\/p>\n<p>[\/et_pb_text][et_pb_text _builder_version=\u00bb4.27.4&#8243; _module_preset=\u00bbdefault\u00bb text_font=\u00bbCormorant Garamond||||||||\u00bb text_text_color=\u00bb#46331C\u00bb text_font_size=\u00bb36px\u00bb text_line_height=\u00bb1.2em\u00bb global_colors_info=\u00bb{}\u00bb]<\/p>\n<p style=\"text-align: center;\">Revise su selecci\u00f3n antes de continuar con su pedido<\/p>\n<p>[\/et_pb_text][et_pb_text _builder_version=\u00bb4.27.4&#8243; _module_preset=\u00bbdefault\u00bb text_font=\u00bbNEUEHAAS ROMAN||||||||\u00bb text_text_color=\u00bb#46331C\u00bb width=\u00bb52%\u00bb module_alignment=\u00bbcenter\u00bb global_colors_info=\u00bb{}\u00bb]<\/p>\n<p style=\"text-align: center;\">Aqu\u00ed ha reunido piezas que ya cuentan una historia: la de los artesanos, de la materia, del sol y de los paisajes mediterr\u00e1neos. Un paso m\u00e1s, y pronto estar\u00e1n en su casa. <\/p>\n<p>[\/et_pb_text][\/et_pb_column][\/et_pb_row][\/et_pb_section][et_pb_section fb_built=\u00bb1&#8243; _builder_version=\u00bb4.27.4&#8243; background_color=\u00bb#F5F4F0&#8243; custom_margin=\u00bb||||false|false\u00bb custom_padding=\u00bb||||false|false\u00bb global_colors_info=\u00bb{}\u00bb][et_pb_row _builder_version=\u00bb4.27.4&#8243; background_size=\u00bbinitial\u00bb background_position=\u00bbtop_left\u00bb background_repeat=\u00bbrepeat\u00bb custom_padding=\u00bb0px||||false|false\u00bb global_colors_info=\u00bb{}\u00bb][et_pb_column type=\u00bb4_4&#8243; _builder_version=\u00bb4.16&#8243; custom_padding=\u00bb|||\u00bb global_colors_info=\u00bb{}\u00bb custom_padding__hover=\u00bb|||\u00bb][et_pb_wc_cart_products show_coupon_code=\u00bboff\u00bb _builder_version=\u00bb4.27.4&#8243; _module_preset=\u00bbdefault\u00bb icon_background_color=\u00bbRGBA(255,255,255,0)\u00bb icon_text_color=\u00bb#46331C\u00bb form_field_background_color=\u00bbRGBA(255,255,255,0)\u00bb form_field_text_color=\u00bb#46331C\u00bb body_font=\u00bbNEUEHAAS ROMAN||||||||\u00bb form_field_line_height=\u00bb1em\u00bb custom_button=\u00bbon\u00bb button_text_color=\u00bb#F5F4F0&#8243; button_bg_color=\u00bb#7a6660&#8243; button_border_width=\u00bb1px\u00bb button_border_color=\u00bb#46331C\u00bb button_border_radius=\u00bb0px\u00bb button_font=\u00bbCormorant Garamond||on||||||\u00bb button_use_icon=\u00bboff\u00bb custom_disabled_button=\u00bbon\u00bb disabled_button_text_color=\u00bb#F5F4F0&#8243; disabled_button_bg_color=\u00bb#7a6660&#8243; disabled_button_border_width=\u00bb1px\u00bb disabled_button_border_radius=\u00bb0px\u00bb disabled_button_font=\u00bbCormorant Garamond||on||||||\u00bb disabled_button_use_icon=\u00bboff\u00bb border_width_all_form_field=\u00bb1px\u00bb border_color_all_form_field=\u00bb#46331C\u00bb global_colors_info=\u00bb{}\u00bb disabled_button_bg_color__hover_enabled=\u00bbon|hover\u00bb disabled_button_bg_color__hover=\u00bb#958580&#8243; disabled_button_bg_enable_color__hover=\u00bbon\u00bb][\/et_pb_wc_cart_products][et_pb_wc_cart_totals _builder_version=\u00bb4.27.4&#8243; _module_preset=\u00bbdefault\u00bb title_font=\u00bbNEUEHAAS ROMAN|700||on|||||\u00bb title_font_size=\u00bb14px\u00bb title_letter_spacing=\u00bb1px\u00bb custom_button=\u00bbon\u00bb button_text_color=\u00bb#F5F4F0&#8243; button_bg_color=\u00bb#7a6660&#8243; button_border_width=\u00bb1px\u00bb button_border_color=\u00bb#46331C\u00bb button_border_radius=\u00bb0px\u00bb button_font=\u00bbCormorant Garamond||on||||||\u00bb button_use_icon=\u00bboff\u00bb width=\u00bb30%\u00bb width_tablet=\u00bb100%\u00bb width_phone=\u00bb100%\u00bb width_last_edited=\u00bbon|tablet\u00bb module_alignment=\u00bbright\u00bb global_colors_info=\u00bb{}\u00bb button_bg_color__hover_enabled=\u00bbon|hover\u00bb button_bg_color__hover=\u00bb#958580&#8243; button_bg_enable_color__hover=\u00bbon\u00bb][\/et_pb_wc_cart_totals][\/et_pb_column][\/et_pb_row][\/et_pb_section]<\/p>\n","protected":false},"excerpt":{"rendered":"<p>Su cestaRevise su selecci\u00f3n antes de continuar con su pedidoAqu\u00ed ha reunido piezas que ya cuentan una historia: la de los artesanos, de la materia, del sol y de los paisajes mediterr\u00e1neos. Un paso m\u00e1s, y pronto estar\u00e1n en su casa.<\/p>\n","protected":false},"author":1,"featured_media":0,"parent":0,"menu_order":0,"comment_status":"closed","ping_status":"closed","template":"","meta":{"_et_pb_use_builder":"on","_et_pb_old_content":"","_et_gb_content_width":"","inline_featured_image":false,"footnotes":""},"class_list":["post-1650","page","type-page","status-publish","hentry"],"yoast_head":"<!-- This site is optimized with the Yoast SEO plugin v27.2 - https:\/\/yoast.com\/product\/yoast-seo-wordpress\/ -->\n<title>Panier \u2013 Vos pi\u00e8ces s\u00e9lectionn\u00e9es | Casalma Menorca<\/title>\n<meta name=\"description\" content=\"Consultez votre panier Casalma et v\u00e9rifiez votre s\u00e9lection avant de finaliser votre commande. Des pi\u00e8ces artisanales et m\u00e9diterran\u00e9ennes pr\u00eates \u00e0 rejoindre votre int\u00e9rieur.\" \/>\n<meta name=\"robots\" content=\"index, follow, max-snippet:-1, max-image-preview:large, max-video-preview:-1\" \/>\n<link rel=\"canonical\" href=\"https:\/\/www.casalmamenorca.com\/es\/carrito\/\" \/>\n<meta property=\"og:locale\" content=\"es_ES\" \/>\n<meta property=\"og:type\" content=\"article\" \/>\n<meta property=\"og:title\" content=\"Panier \u2013 Vos pi\u00e8ces s\u00e9lectionn\u00e9es | Casalma Menorca\" \/>\n<meta property=\"og:description\" content=\"Consultez votre panier Casalma et v\u00e9rifiez votre s\u00e9lection avant de finaliser votre commande. Des pi\u00e8ces artisanales et m\u00e9diterran\u00e9ennes pr\u00eates \u00e0 rejoindre votre int\u00e9rieur.\" \/>\n<meta property=\"og:url\" content=\"https:\/\/www.casalmamenorca.com\/es\/carrito\/\" \/>\n<meta property=\"og:site_name\" content=\"Casalma Menorca\" \/>\n<meta property=\"article:modified_time\" content=\"2026-03-18T16:31:27+00:00\" \/>\n<meta name=\"twitter:card\" content=\"summary_large_image\" \/>\n<meta name=\"twitter:label1\" content=\"Tiempo de lectura\" \/>\n\t<meta name=\"twitter:data1\" content=\"3 minutos\" \/>\n<script type=\"application\/ld+json\" class=\"yoast-schema-graph\">{\"@context\":\"https:\/\/schema.org\",\"@graph\":[{\"@type\":\"WebPage\",\"@id\":\"https:\/\/www.casalmamenorca.com\/es\/carrito\/\",\"url\":\"https:\/\/www.casalmamenorca.com\/es\/carrito\/\",\"name\":\"Panier \u2013 Vos pi\u00e8ces s\u00e9lectionn\u00e9es | Casalma Menorca\",\"isPartOf\":{\"@id\":\"https:\/\/www.casalmamenorca.com\/es\/#website\"},\"datePublished\":\"2025-11-25T19:03:25+00:00\",\"dateModified\":\"2026-03-18T16:31:27+00:00\",\"description\":\"Consultez votre panier Casalma et v\u00e9rifiez votre s\u00e9lection avant de finaliser votre commande. Des pi\u00e8ces artisanales et m\u00e9diterran\u00e9ennes pr\u00eates \u00e0 rejoindre votre int\u00e9rieur.\",\"breadcrumb\":{\"@id\":\"https:\/\/www.casalmamenorca.com\/es\/carrito\/#breadcrumb\"},\"inLanguage\":\"es\",\"potentialAction\":[{\"@type\":\"ReadAction\",\"target\":[\"https:\/\/www.casalmamenorca.com\/es\/carrito\/\"]}]},{\"@type\":\"BreadcrumbList\",\"@id\":\"https:\/\/www.casalmamenorca.com\/es\/carrito\/#breadcrumb\",\"itemListElement\":[{\"@type\":\"ListItem\",\"position\":1,\"name\":\"Accueil\",\"item\":\"https:\/\/www.casalmamenorca.com\/es\/inicio\/\"},{\"@type\":\"ListItem\",\"position\":2,\"name\":\"carrito\"}]},{\"@type\":\"WebSite\",\"@id\":\"https:\/\/www.casalmamenorca.com\/es\/#website\",\"url\":\"https:\/\/www.casalmamenorca.com\/es\/\",\"name\":\"Casalma Menorca\",\"description\":\"Objets porteurs d&#039;histoire\",\"potentialAction\":[{\"@type\":\"SearchAction\",\"target\":{\"@type\":\"EntryPoint\",\"urlTemplate\":\"https:\/\/www.casalmamenorca.com\/es\/?s={search_term_string}\"},\"query-input\":{\"@type\":\"PropertyValueSpecification\",\"valueRequired\":true,\"valueName\":\"search_term_string\"}}],\"inLanguage\":\"es\"}]}<\/script>\n<!-- \/ Yoast SEO plugin. -->","yoast_head_json":{"title":"Panier \u2013 Vos pi\u00e8ces s\u00e9lectionn\u00e9es | Casalma Menorca","description":"Consultez votre panier Casalma et v\u00e9rifiez votre s\u00e9lection avant de finaliser votre commande. Des pi\u00e8ces artisanales et m\u00e9diterran\u00e9ennes pr\u00eates \u00e0 rejoindre votre int\u00e9rieur.","robots":{"index":"index","follow":"follow","max-snippet":"max-snippet:-1","max-image-preview":"max-image-preview:large","max-video-preview":"max-video-preview:-1"},"canonical":"https:\/\/www.casalmamenorca.com\/es\/carrito\/","og_locale":"es_ES","og_type":"article","og_title":"Panier \u2013 Vos pi\u00e8ces s\u00e9lectionn\u00e9es | Casalma Menorca","og_description":"Consultez votre panier Casalma et v\u00e9rifiez votre s\u00e9lection avant de finaliser votre commande. Des pi\u00e8ces artisanales et m\u00e9diterran\u00e9ennes pr\u00eates \u00e0 rejoindre votre int\u00e9rieur.","og_url":"https:\/\/www.casalmamenorca.com\/es\/carrito\/","og_site_name":"Casalma Menorca","article_modified_time":"2026-03-18T16:31:27+00:00","twitter_card":"summary_large_image","twitter_misc":{"Tiempo de lectura":"3 minutos"},"schema":{"@context":"https:\/\/schema.org","@graph":[{"@type":"WebPage","@id":"https:\/\/www.casalmamenorca.com\/es\/carrito\/","url":"https:\/\/www.casalmamenorca.com\/es\/carrito\/","name":"Panier \u2013 Vos pi\u00e8ces s\u00e9lectionn\u00e9es | Casalma Menorca","isPartOf":{"@id":"https:\/\/www.casalmamenorca.com\/es\/#website"},"datePublished":"2025-11-25T19:03:25+00:00","dateModified":"2026-03-18T16:31:27+00:00","description":"Consultez votre panier Casalma et v\u00e9rifiez votre s\u00e9lection avant de finaliser votre commande. Des pi\u00e8ces artisanales et m\u00e9diterran\u00e9ennes pr\u00eates \u00e0 rejoindre votre int\u00e9rieur.","breadcrumb":{"@id":"https:\/\/www.casalmamenorca.com\/es\/carrito\/#breadcrumb"},"inLanguage":"es","potentialAction":[{"@type":"ReadAction","target":["https:\/\/www.casalmamenorca.com\/es\/carrito\/"]}]},{"@type":"BreadcrumbList","@id":"https:\/\/www.casalmamenorca.com\/es\/carrito\/#breadcrumb","itemListElement":[{"@type":"ListItem","position":1,"name":"Accueil","item":"https:\/\/www.casalmamenorca.com\/es\/inicio\/"},{"@type":"ListItem","position":2,"name":"carrito"}]},{"@type":"WebSite","@id":"https:\/\/www.casalmamenorca.com\/es\/#website","url":"https:\/\/www.casalmamenorca.com\/es\/","name":"Casalma Menorca","description":"Objets porteurs d&#039;histoire","potentialAction":[{"@type":"SearchAction","target":{"@type":"EntryPoint","urlTemplate":"https:\/\/www.casalmamenorca.com\/es\/?s={search_term_string}"},"query-input":{"@type":"PropertyValueSpecification","valueRequired":true,"valueName":"search_term_string"}}],"inLanguage":"es"}]}},"jetpack_sharing_enabled":true,"_links":{"self":[{"href":"https:\/\/www.casalmamenorca.com\/es\/wp-json\/wp\/v2\/pages\/1650","targetHints":{"allow":["GET"]}}],"collection":[{"href":"https:\/\/www.casalmamenorca.com\/es\/wp-json\/wp\/v2\/pages"}],"about":[{"href":"https:\/\/www.casalmamenorca.com\/es\/wp-json\/wp\/v2\/types\/page"}],"author":[{"embeddable":true,"href":"https:\/\/www.casalmamenorca.com\/es\/wp-json\/wp\/v2\/users\/1"}],"replies":[{"embeddable":true,"href":"https:\/\/www.casalmamenorca.com\/es\/wp-json\/wp\/v2\/comments?post=1650"}],"version-history":[{"count":9,"href":"https:\/\/www.casalmamenorca.com\/es\/wp-json\/wp\/v2\/pages\/1650\/revisions"}],"predecessor-version":[{"id":2164,"href":"https:\/\/www.casalmamenorca.com\/es\/wp-json\/wp\/v2\/pages\/1650\/revisions\/2164"}],"wp:attachment":[{"href":"https:\/\/www.casalmamenorca.com\/es\/wp-json\/wp\/v2\/media?parent=1650"}],"curies":[{"name":"wp","href":"https:\/\/api.w.org\/{rel}","templated":true}]}}