{"id":1392,"date":"2025-11-20T16:11:52","date_gmt":"2025-11-20T16:11:52","guid":{"rendered":"https:\/\/www.casalmamenorca.com\/politica-de-privacidad\/"},"modified":"2025-11-25T16:32:00","modified_gmt":"2025-11-25T16:32:00","slug":"politica-de-privacidad","status":"publish","type":"page","link":"https:\/\/www.casalmamenorca.com\/es\/politica-de-privacidad\/","title":{"rendered":"Pol\u00edtica de Privacidad"},"content":{"rendered":"<p>[et_pb_section fb_built=\u00bb1&#8243; _builder_version=\u00bb4.27.4&#8243; _module_preset=\u00bbdefault\u00bb background_image=\u00bbhttps:\/\/www.casalmamenorca.com\/wp-content\/uploads\/2025\/11\/5543ca82-e199-4dd9-9d35-8cb2613b4d84-1.jpg\u00bb height=\u00bb30vh\u00bb height_tablet=\u00bb30vh\u00bb height_phone=\u00bb21vh\u00bb height_last_edited=\u00bbon|phone\u00bb global_colors_info=\u00bb{}\u00bb][et_pb_row _builder_version=\u00bb4.27.4&#8243; _module_preset=\u00bbdefault\u00bb global_colors_info=\u00bb{}\u00bb][et_pb_column type=\u00bb4_4&#8243; _builder_version=\u00bb4.27.4&#8243; _module_preset=\u00bbdefault\u00bb global_colors_info=\u00bb{}\u00bb][\/et_pb_column][\/et_pb_row][\/et_pb_section][et_pb_section fb_built=\u00bb1&#8243; _builder_version=\u00bb4.27.4&#8243; _module_preset=\u00bbdefault\u00bb background_color=\u00bb#F5F4F0&#8243; custom_padding=\u00bb||||false|false\u00bb global_colors_info=\u00bb{}\u00bb][et_pb_row _builder_version=\u00bb4.27.4&#8243; _module_preset=\u00bbdefault\u00bb width=\u00bb50%\u00bb width_tablet=\u00bb50%\u00bb width_phone=\u00bb80%\u00bb width_last_edited=\u00bbon|phone\u00bb global_colors_info=\u00bb{}\u00bb][et_pb_column type=\u00bb4_4&#8243; _builder_version=\u00bb4.27.4&#8243; _module_preset=\u00bbdefault\u00bb global_colors_info=\u00bb{}\u00bb][et_pb_text _builder_version=\u00bb4.27.4&#8243; _module_preset=\u00bbdefault\u00bb text_font=\u00bbCormorant Garamond||||||||\u00bb text_text_color=\u00bb#46331C\u00bb text_font_size=\u00bb26px\u00bb text_line_height=\u00bb1em\u00bb text_font_size_tablet=\u00bb36px\u00bb text_font_size_phone=\u00bb33px\u00bb text_font_size_last_edited=\u00bbon|phone\u00bb global_colors_info=\u00bb{}\u00bb]<\/p>\n<p style=\"text-align: center\">Pol\u00edtica de Privacidad<\/p>\n<p>[\/et_pb_text][\/et_pb_column][\/et_pb_row][\/et_pb_section][et_pb_section fb_built=\u00bb1&#8243; _builder_version=\u00bb4.27.4&#8243; _module_preset=\u00bbdefault\u00bb background_color=\u00bb#F5F4F0&#8243; custom_margin=\u00bb||||false|false\u00bb custom_padding=\u00bb0px||||false|false\u00bb global_colors_info=\u00bb{}\u00bb][et_pb_row _builder_version=\u00bb4.27.4&#8243; _module_preset=\u00bbdefault\u00bb global_colors_info=\u00bb{}\u00bb][et_pb_column type=\u00bb4_4&#8243; _builder_version=\u00bb4.27.4&#8243; _module_preset=\u00bbdefault\u00bb global_colors_info=\u00bb{}\u00bb][et_pb_text _builder_version=\u00bb4.27.4&#8243; _module_preset=\u00bbdefault\u00bb text_font=\u00bbNEUEHAAS ROMAN|||on|||||\u00bb text_text_color=\u00bb#46331C\u00bb text_font_size=\u00bb10px\u00bb text_letter_spacing=\u00bb2px\u00bb custom_margin=\u00bb||0px||false|false\u00bb custom_padding=\u00bb||||false|false\u00bb global_colors_info=\u00bb{}\u00bb]<\/p>\n<p>1. Introducci\u00f3n<\/p>\n<p>[\/et_pb_text][et_pb_text _builder_version=\u00bb4.27.4&#8243; _module_preset=\u00bbdefault\u00bb text_font=\u00bbNEUEHAAS ROMAN||||||||\u00bb text_text_color=\u00bb#46331C\u00bb global_colors_info=\u00bb{}\u00bb]<\/p>\n<p data-start=\"2500\" data-end=\"2692\">CASALMA Menorca (\u201cnosotros\u201d, \u201cnuestro\u201d, \u201cnos\u201d) respeta su privacidad y se compromete a proteger sus datos personales de acuerdo con el RGPD (Reglamento General de Protecci\u00f3n de Datos).<\/p>\n<p data-start=\"2694\" data-end=\"2810\">Esta pol\u00edtica explica qu\u00e9 datos recopilamos, por qu\u00e9 lo hacemos y c\u00f3mo puede ejercer sus derechos.<\/p>\n<p>[\/et_pb_text][et_pb_text _builder_version=\u00bb4.27.4&#8243; _module_preset=\u00bbdefault\u00bb text_font=\u00bbNEUEHAAS ROMAN|||on|||||\u00bb text_text_color=\u00bb#46331C\u00bb text_font_size=\u00bb10px\u00bb text_letter_spacing=\u00bb2px\u00bb custom_margin=\u00bb||0px||false|false\u00bb custom_padding=\u00bb||||false|false\u00bb global_colors_info=\u00bb{}\u00bb]<\/p>\n<p>2. Datos que recopilamos<\/p>\n<p>[\/et_pb_text][et_pb_text _builder_version=\u00bb4.27.4&#8243; _module_preset=\u00bbdefault\u00bb text_font=\u00bbNEUEHAAS ROMAN||||||||\u00bb text_text_color=\u00bb#46331C\u00bb global_colors_info=\u00bb{}\u00bb]<\/p>\n<p>Datos proporcionados voluntariamente:<\/p>\n<div class=\"page\" title=\"Page 1\">\n<div class=\"section\">\n<div class=\"layoutArea\">\n<div class=\"column\">\n<p>\u2022 Nombre, apellidos<br \/>\u2022 Email<br \/>\u2022 Tel\u00e9fono (si se proporciona)<br \/>\u2022 Direcci\u00f3n postal (en caso de pedido e-commerce)<br \/>\u2022 Mensaje enviado a trav\u00e9s del formulario de contacto<\/p>\n<p>Datos recopilados autom\u00e1ticamente<br \/>\u2022 Direcci\u00f3n IP<br \/>\u2022 P\u00e1ginas visitadas y duraci\u00f3n de la visita<br \/>\u2022 Dispositivo + navegador<br \/>\u2022 Cookies \u2013 ver Pol\u00edtica de Cookies<\/p>\n<\/div>\n<\/div>\n<\/div>\n<\/div>\n<p>[\/et_pb_text][et_pb_text _builder_version=\u00bb4.27.4&#8243; _module_preset=\u00bbdefault\u00bb text_font=\u00bbNEUEHAAS ROMAN|||on|||||\u00bb text_text_color=\u00bb#46331C\u00bb text_font_size=\u00bb10px\u00bb text_letter_spacing=\u00bb2px\u00bb custom_margin=\u00bb||0px||false|false\u00bb custom_padding=\u00bb||||false|false\u00bb global_colors_info=\u00bb{}\u00bb]<\/p>\n<p>3. Uso de los datos<\/p>\n<p>[\/et_pb_text][et_pb_text _builder_version=\u00bb4.27.4&#8243; _module_preset=\u00bbdefault\u00bb text_font=\u00bbNEUEHAAS ROMAN||||||||\u00bb text_text_color=\u00bb#46331C\u00bb global_colors_info=\u00bb{}\u00bb]<\/p>\n<p data-start=\"1178\" data-end=\"1374\">Utilizamos sus datos para:<br \/>\u2022 responder a sus solicitudes<br \/>\u2022 contactarle tras un mensaje o un formulario<br \/>\u2022 enviar newsletters (con consentimiento)<br \/>\u2022 mejorar el sitio y analizar su uso<br \/>\u2022 gestionar los pedidos (si e-commerce)<\/p>\n<p><strong>Nunca vendemos<\/strong> sus datos personales.<\/p>\n<p>[\/et_pb_text][et_pb_text _builder_version=\u00bb4.27.4&#8243; _module_preset=\u00bbdefault\u00bb text_font=\u00bbNEUEHAAS ROMAN|||on|||||\u00bb text_text_color=\u00bb#46331C\u00bb text_font_size=\u00bb10px\u00bb text_letter_spacing=\u00bb2px\u00bb custom_margin=\u00bb||0px||false|false\u00bb custom_padding=\u00bb||||false|false\u00bb global_colors_info=\u00bb{}\u00bb]<\/p>\n<p>4. Compartici\u00f3n de datos<\/p>\n<p>[\/et_pb_text][et_pb_text _builder_version=\u00bb4.27.4&#8243; _module_preset=\u00bbdefault\u00bb text_font=\u00bbNEUEHAAS ROMAN||||||||\u00bb text_text_color=\u00bb#46331C\u00bb global_colors_info=\u00bb{}\u00bb]<\/p>\n<p>Los datos pueden compartirse \u00fanicamente con los proveedores necesarios para el funcionamiento del sitio:<br \/>\u2022 Alojamiento: OVH<br \/>\u2022 Herramienta de email \/ newsletter<br \/>\u2022 An\u00e1lisis estad\u00edstico: Google Analytics<br \/>\u2022 CMS \/ soluci\u00f3n e-commerce: WordPress \/ WooCommerce<\/p>\n<p>Ces prestataires s\u2019engagent \u00e0 respecter la confidentialit\u00e9 et la s\u00e9curit\u00e9 des donn\u00e9es.<\/p>\n<p>[\/et_pb_text][et_pb_text _builder_version=\u00bb4.27.4&#8243; _module_preset=\u00bbdefault\u00bb text_font=\u00bbNEUEHAAS ROMAN|||on|||||\u00bb text_text_color=\u00bb#46331C\u00bb text_font_size=\u00bb10px\u00bb text_letter_spacing=\u00bb2px\u00bb custom_margin=\u00bb||0px||false|false\u00bb custom_padding=\u00bb||||false|false\u00bb global_colors_info=\u00bb{}\u00bb]<\/p>\n<p>5. Conservaci\u00f3n de los datos<\/p>\n<p>[\/et_pb_text][et_pb_text _builder_version=\u00bb4.27.4&#8243; _module_preset=\u00bbdefault\u00bb text_font=\u00bbNEUEHAAS ROMAN||||||||\u00bb text_text_color=\u00bb#46331C\u00bb global_colors_info=\u00bb{}\u00bb]<\/p>\n<p data-start=\"4103\" data-end=\"4132\">Plazos legales recomendados:<\/p>\n<ul data-start=\"4134\" data-end=\"4268\">\n<li data-start=\"4134\" data-end=\"4169\">\n<p data-start=\"4136\" data-end=\"4169\">Contactos \/ mensajes: <strong data-start=\"4158\" data-end=\"4167\">3 a\u00f1os<\/strong><\/p>\n<\/li>\n<li data-start=\"4170\" data-end=\"4231\">\n<p data-start=\"4172\" data-end=\"4231\">Clientes (pedidos): <strong data-start=\"4194\" data-end=\"4204\">10 a\u00f1os<\/strong> (obligaciones contables)<\/p>\n<\/li>\n<li data-start=\"4232\" data-end=\"4268\">\n<p data-start=\"4234\" data-end=\"4268\">Cookies estad\u00edsticos: <strong data-start=\"4257\" data-end=\"4268\">13 meses<\/strong><\/p>\n<\/li>\n<\/ul>\n<p>[\/et_pb_text][et_pb_text _builder_version=\u00bb4.27.4&#8243; _module_preset=\u00bbdefault\u00bb text_font=\u00bbNEUEHAAS ROMAN|||on|||||\u00bb text_text_color=\u00bb#46331C\u00bb text_font_size=\u00bb10px\u00bb text_letter_spacing=\u00bb2px\u00bb custom_margin=\u00bb||0px||false|false\u00bb custom_padding=\u00bb||||false|false\u00bb global_colors_info=\u00bb{}\u00bb]<\/p>\n<p>6. Tus derechos (RGPD)<\/p>\n<p>[\/et_pb_text][et_pb_text _builder_version=\u00bb4.27.4&#8243; _module_preset=\u00bbdefault\u00bb text_font=\u00bbNEUEHAAS ROMAN||||||||\u00bb text_text_color=\u00bb#46331C\u00bb global_colors_info=\u00bb{}\u00bb]<\/p>\n<p data-start=\"4304\" data-end=\"4339\">Dispones de los siguientes derechos:<\/p>\n<ul data-start=\"4341\" data-end=\"4517\">\n<li data-start=\"4341\" data-end=\"4358\">\n<p data-start=\"4343\" data-end=\"4358\">derecho de acceso<\/p>\n<\/li>\n<li data-start=\"4359\" data-end=\"4385\">\n<p data-start=\"4361\" data-end=\"4385\">derecho de rectificaci\u00f3n<\/p>\n<\/li>\n<li data-start=\"4386\" data-end=\"4432\">\n<p data-start=\"4388\" data-end=\"4432\">derecho de supresi\u00f3n<\/p>\n<\/li>\n<li data-start=\"4433\" data-end=\"4455\">\n<p data-start=\"4435\" data-end=\"4455\">derecho de oposici\u00f3n<\/p>\n<\/li>\n<li data-start=\"4456\" data-end=\"4482\">\n<p data-start=\"4458\" data-end=\"4482\">derecho a la portabilidad<\/p>\n<\/li>\n<li data-start=\"4483\" data-end=\"4517\">\n<p data-start=\"4485\" data-end=\"4517\">derecho a retirar el consentimiento<\/p>\n<\/li>\n<\/ul>\n<p data-start=\"4519\" data-end=\"4587\">Para ejercer tus derechos:<br data-start=\"4544\" data-end=\"4547\">\ud83d\udce9 Email : <strong data-start=\"4558\" data-end=\"4587\">contact@casalmamenorca.com<\/strong><\/p>\n<p>[\/et_pb_text][et_pb_text _builder_version=\u00bb4.27.4&#8243; _module_preset=\u00bbdefault\u00bb text_font=\u00bbNEUEHAAS ROMAN|||on|||||\u00bb text_text_color=\u00bb#46331C\u00bb text_font_size=\u00bb10px\u00bb text_letter_spacing=\u00bb2px\u00bb custom_margin=\u00bb||0px||false|false\u00bb custom_padding=\u00bb||||false|false\u00bb global_colors_info=\u00bb{}\u00bb]<\/p>\n<p>7. Seguridad de los datos<\/p>\n<p>[\/et_pb_text][et_pb_text _builder_version=\u00bb4.27.4&#8243; _module_preset=\u00bbdefault\u00bb text_font=\u00bbNEUEHAAS ROMAN||||||||\u00bb text_text_color=\u00bb#46331C\u00bb global_colors_info=\u00bb{}\u00bb]<\/p>\n<p data-start=\"2133\" data-end=\"2229\">Implementamos medidas t\u00e9cnicas y organizativas para garantizar la protecci\u00f3n y confidencialidad de tus datos.<\/p>\n<p>[\/et_pb_text][et_pb_text _builder_version=\u00bb4.27.4&#8243; _module_preset=\u00bbdefault\u00bb text_font=\u00bbNEUEHAAS ROMAN|||on|||||\u00bb text_text_color=\u00bb#46331C\u00bb text_font_size=\u00bb10px\u00bb text_letter_spacing=\u00bb2px\u00bb custom_margin=\u00bb||0px||false|false\u00bb custom_padding=\u00bb||||false|false\u00bb global_colors_info=\u00bb{}\u00bb]<\/p>\n<p>8. Cookies<\/p>\n<p>[\/et_pb_text][et_pb_text _builder_version=\u00bb4.27.4&#8243; _module_preset=\u00bbdefault\u00bb text_font=\u00bbNEUEHAAS ROMAN||||||||\u00bb text_text_color=\u00bb#46331C\u00bb hover_enabled=\u00bb0&#8243; global_colors_info=\u00bb{}\u00bb sticky_enabled=\u00bb0&#8243;]<\/p>\n<p data-start=\"4784\" data-end=\"4876\">Para m\u00e1s informaci\u00f3n sobre las cookies utilizadas, consulta nuestra <a href=\"https:\/\/www.casalmamenorca.com\/es\/politica-de-cookies\/\">Pol\u00edtica de Cookies.<\/a><\/p>\n<p>[\/et_pb_text][et_pb_text _builder_version=\u00bb4.27.4&#8243; _module_preset=\u00bbdefault\u00bb text_font=\u00bbNEUEHAAS ROMAN|||on|||||\u00bb text_text_color=\u00bb#46331C\u00bb text_font_size=\u00bb10px\u00bb text_letter_spacing=\u00bb2px\u00bb custom_margin=\u00bb||0px||false|false\u00bb custom_padding=\u00bb||||false|false\u00bb global_colors_info=\u00bb{}\u00bb]<\/p>\n<p>9. Modificaciones<\/p>\n<p>[\/et_pb_text][et_pb_text _builder_version=\u00bb4.27.4&#8243; _module_preset=\u00bbdefault\u00bb text_font=\u00bbNEUEHAAS ROMAN||||||||\u00bb text_text_color=\u00bb#46331C\u00bb global_colors_info=\u00bb{}\u00bb]<\/p>\n<p>Esta pol\u00edtica puede actualizarse en cualquier momento.<br data-start=\"4960\" data-end=\"4963\">\u00daltima actualizaci\u00f3n: <strong data-start=\"4986\" data-end=\"4996\">20 de noviembre de 2025<\/strong><\/p>\n<p>[\/et_pb_text][et_pb_text _builder_version=\u00bb4.27.4&#8243; _module_preset=\u00bbdefault\u00bb text_font=\u00bbNEUEHAAS ROMAN|||on|||||\u00bb text_text_color=\u00bb#46331C\u00bb text_font_size=\u00bb10px\u00bb text_letter_spacing=\u00bb2px\u00bb custom_margin=\u00bb||0px||false|false\u00bb custom_padding=\u00bb||||false|false\u00bb global_colors_info=\u00bb{}\u00bb]<\/p>\n<p>10. Contacto<\/p>\n<p>[\/et_pb_text][et_pb_text _builder_version=\u00bb4.27.4&#8243; _module_preset=\u00bbdefault\u00bb text_font=\u00bbNEUEHAAS ROMAN||||||||\u00bb text_text_color=\u00bb#46331C\u00bb global_colors_info=\u00bb{}\u00bb]<\/p>\n<p>CASALMA Menorca<br data-start=\"5038\" data-end=\"5041\">Adresse : <span>Carrer de l\u2019\u00c0ngel, 4 \u2013 Ma\u00f3, Balears<\/span><br data-start=\"5073\" data-end=\"5076\">Email : <strong data-start=\"5084\" data-end=\"5095\">contact@casalmamenorca.com<\/strong><\/p>\n<p>[\/et_pb_text][\/et_pb_column][\/et_pb_row][\/et_pb_section]<\/p>\n","protected":false},"excerpt":{"rendered":"<p>Pol\u00edtica de Privacidad1. Introducci\u00f3nCASALMA Menorca (\u201cnosotros\u201d, \u201cnuestro\u201d, \u201cnos\u201d) respeta su privacidad y se compromete a proteger sus datos personales de acuerdo con el RGPD (Reglamento General de Protecci\u00f3n de Datos). Esta pol\u00edtica explica qu\u00e9 datos recopilamos, por qu\u00e9 lo hacemos y c\u00f3mo puede ejercer sus derechos.2. Datos que recopilamosDatos proporcionados voluntariamente: \u2022 Nombre, apellidos\u2022 Email\u2022 [&hellip;]<\/p>\n","protected":false},"author":1,"featured_media":0,"parent":0,"menu_order":0,"comment_status":"closed","ping_status":"closed","template":"","meta":{"_et_pb_use_builder":"on","_et_pb_old_content":"","_et_gb_content_width":"","inline_featured_image":false,"footnotes":""},"class_list":["post-1392","page","type-page","status-publish","hentry"],"yoast_head":"<!-- This site is optimized with the Yoast SEO plugin v27.2 - https:\/\/yoast.com\/product\/yoast-seo-wordpress\/ -->\n<title>Pol\u00edtica de Privacidad (RGPD) | Casalma Menorca<\/title>\n<meta name=\"description\" content=\"Descubre c\u00f3mo Casalma Menorca recoge, utiliza y protege tus datos personales conforme al RGPD. Informaci\u00f3n completa sobre tus derechos.\" \/>\n<meta name=\"robots\" content=\"index, follow, max-snippet:-1, max-image-preview:large, max-video-preview:-1\" \/>\n<link rel=\"canonical\" href=\"https:\/\/www.casalmamenorca.com\/es\/politica-de-privacidad\/\" \/>\n<meta property=\"og:locale\" content=\"es_ES\" \/>\n<meta property=\"og:type\" content=\"article\" \/>\n<meta property=\"og:title\" content=\"Pol\u00edtica de Privacidad (RGPD) | Casalma Menorca\" \/>\n<meta property=\"og:description\" content=\"Descubre c\u00f3mo Casalma Menorca recoge, utiliza y protege tus datos personales conforme al RGPD. Informaci\u00f3n completa sobre tus derechos.\" \/>\n<meta property=\"og:url\" content=\"https:\/\/www.casalmamenorca.com\/es\/politica-de-privacidad\/\" \/>\n<meta property=\"og:site_name\" content=\"Casalma Menorca\" \/>\n<meta property=\"article:modified_time\" content=\"2025-11-25T16:32:00+00:00\" \/>\n<meta name=\"twitter:card\" content=\"summary_large_image\" \/>\n<meta name=\"twitter:label1\" content=\"Tiempo de lectura\" \/>\n\t<meta name=\"twitter:data1\" content=\"6 minutos\" \/>\n<script type=\"application\/ld+json\" class=\"yoast-schema-graph\">{\"@context\":\"https:\/\/schema.org\",\"@graph\":[{\"@type\":\"WebPage\",\"@id\":\"https:\/\/www.casalmamenorca.com\/es\/politica-de-privacidad\/\",\"url\":\"https:\/\/www.casalmamenorca.com\/es\/politica-de-privacidad\/\",\"name\":\"Pol\u00edtica de Privacidad (RGPD) | Casalma Menorca\",\"isPartOf\":{\"@id\":\"https:\/\/www.casalmamenorca.com\/es\/#website\"},\"datePublished\":\"2025-11-20T16:11:52+00:00\",\"dateModified\":\"2025-11-25T16:32:00+00:00\",\"description\":\"Descubre c\u00f3mo Casalma Menorca recoge, utiliza y protege tus datos personales conforme al RGPD. Informaci\u00f3n completa sobre tus derechos.\",\"breadcrumb\":{\"@id\":\"https:\/\/www.casalmamenorca.com\/es\/politica-de-privacidad\/#breadcrumb\"},\"inLanguage\":\"es\",\"potentialAction\":[{\"@type\":\"ReadAction\",\"target\":[\"https:\/\/www.casalmamenorca.com\/es\/politica-de-privacidad\/\"]}]},{\"@type\":\"BreadcrumbList\",\"@id\":\"https:\/\/www.casalmamenorca.com\/es\/politica-de-privacidad\/#breadcrumb\",\"itemListElement\":[{\"@type\":\"ListItem\",\"position\":1,\"name\":\"Accueil\",\"item\":\"https:\/\/www.casalmamenorca.com\/es\/inicio\/\"},{\"@type\":\"ListItem\",\"position\":2,\"name\":\"Pol\u00edtica de Privacidad\"}]},{\"@type\":\"WebSite\",\"@id\":\"https:\/\/www.casalmamenorca.com\/es\/#website\",\"url\":\"https:\/\/www.casalmamenorca.com\/es\/\",\"name\":\"Casalma Menorca\",\"description\":\"Objets porteurs d&#039;histoire\",\"potentialAction\":[{\"@type\":\"SearchAction\",\"target\":{\"@type\":\"EntryPoint\",\"urlTemplate\":\"https:\/\/www.casalmamenorca.com\/es\/?s={search_term_string}\"},\"query-input\":{\"@type\":\"PropertyValueSpecification\",\"valueRequired\":true,\"valueName\":\"search_term_string\"}}],\"inLanguage\":\"es\"}]}<\/script>\n<!-- \/ Yoast SEO plugin. -->","yoast_head_json":{"title":"Pol\u00edtica de Privacidad (RGPD) | Casalma Menorca","description":"Descubre c\u00f3mo Casalma Menorca recoge, utiliza y protege tus datos personales conforme al RGPD. Informaci\u00f3n completa sobre tus derechos.","robots":{"index":"index","follow":"follow","max-snippet":"max-snippet:-1","max-image-preview":"max-image-preview:large","max-video-preview":"max-video-preview:-1"},"canonical":"https:\/\/www.casalmamenorca.com\/es\/politica-de-privacidad\/","og_locale":"es_ES","og_type":"article","og_title":"Pol\u00edtica de Privacidad (RGPD) | Casalma Menorca","og_description":"Descubre c\u00f3mo Casalma Menorca recoge, utiliza y protege tus datos personales conforme al RGPD. Informaci\u00f3n completa sobre tus derechos.","og_url":"https:\/\/www.casalmamenorca.com\/es\/politica-de-privacidad\/","og_site_name":"Casalma Menorca","article_modified_time":"2025-11-25T16:32:00+00:00","twitter_card":"summary_large_image","twitter_misc":{"Tiempo de lectura":"6 minutos"},"schema":{"@context":"https:\/\/schema.org","@graph":[{"@type":"WebPage","@id":"https:\/\/www.casalmamenorca.com\/es\/politica-de-privacidad\/","url":"https:\/\/www.casalmamenorca.com\/es\/politica-de-privacidad\/","name":"Pol\u00edtica de Privacidad (RGPD) | Casalma Menorca","isPartOf":{"@id":"https:\/\/www.casalmamenorca.com\/es\/#website"},"datePublished":"2025-11-20T16:11:52+00:00","dateModified":"2025-11-25T16:32:00+00:00","description":"Descubre c\u00f3mo Casalma Menorca recoge, utiliza y protege tus datos personales conforme al RGPD. Informaci\u00f3n completa sobre tus derechos.","breadcrumb":{"@id":"https:\/\/www.casalmamenorca.com\/es\/politica-de-privacidad\/#breadcrumb"},"inLanguage":"es","potentialAction":[{"@type":"ReadAction","target":["https:\/\/www.casalmamenorca.com\/es\/politica-de-privacidad\/"]}]},{"@type":"BreadcrumbList","@id":"https:\/\/www.casalmamenorca.com\/es\/politica-de-privacidad\/#breadcrumb","itemListElement":[{"@type":"ListItem","position":1,"name":"Accueil","item":"https:\/\/www.casalmamenorca.com\/es\/inicio\/"},{"@type":"ListItem","position":2,"name":"Pol\u00edtica de Privacidad"}]},{"@type":"WebSite","@id":"https:\/\/www.casalmamenorca.com\/es\/#website","url":"https:\/\/www.casalmamenorca.com\/es\/","name":"Casalma Menorca","description":"Objets porteurs d&#039;histoire","potentialAction":[{"@type":"SearchAction","target":{"@type":"EntryPoint","urlTemplate":"https:\/\/www.casalmamenorca.com\/es\/?s={search_term_string}"},"query-input":{"@type":"PropertyValueSpecification","valueRequired":true,"valueName":"search_term_string"}}],"inLanguage":"es"}]}},"jetpack_sharing_enabled":true,"_links":{"self":[{"href":"https:\/\/www.casalmamenorca.com\/es\/wp-json\/wp\/v2\/pages\/1392","targetHints":{"allow":["GET"]}}],"collection":[{"href":"https:\/\/www.casalmamenorca.com\/es\/wp-json\/wp\/v2\/pages"}],"about":[{"href":"https:\/\/www.casalmamenorca.com\/es\/wp-json\/wp\/v2\/types\/page"}],"author":[{"embeddable":true,"href":"https:\/\/www.casalmamenorca.com\/es\/wp-json\/wp\/v2\/users\/1"}],"replies":[{"embeddable":true,"href":"https:\/\/www.casalmamenorca.com\/es\/wp-json\/wp\/v2\/comments?post=1392"}],"version-history":[{"count":4,"href":"https:\/\/www.casalmamenorca.com\/es\/wp-json\/wp\/v2\/pages\/1392\/revisions"}],"predecessor-version":[{"id":1396,"href":"https:\/\/www.casalmamenorca.com\/es\/wp-json\/wp\/v2\/pages\/1392\/revisions\/1396"}],"wp:attachment":[{"href":"https:\/\/www.casalmamenorca.com\/es\/wp-json\/wp\/v2\/media?parent=1392"}],"curies":[{"name":"wp","href":"https:\/\/api.w.org\/{rel}","templated":true}]}}