{"id":1386,"date":"2025-11-20T16:24:34","date_gmt":"2025-11-20T16:24:34","guid":{"rendered":"https:\/\/www.casalmamenorca.com\/politica-de-cookies\/"},"modified":"2025-12-03T12:31:56","modified_gmt":"2025-12-03T12:31:56","slug":"politica-de-cookies","status":"publish","type":"page","link":"https:\/\/www.casalmamenorca.com\/es\/politica-de-cookies\/","title":{"rendered":"Pol\u00edtica de Cookies"},"content":{"rendered":"\n[et_pb_section fb_built=\u00bb1&#8243; _builder_version=\u00bb4.27.4&#8243; _module_preset=\u00bbdefault\u00bb background_image=\u00bbhttps:\/\/www.casalmamenorca.com\/wp-content\/uploads\/2025\/11\/25f10a59-4572-403e-8712-804f278323ba.jpg\u00bb height=\u00bb30vh\u00bb height_tablet=\u00bb30vh\u00bb height_phone=\u00bb21vh\u00bb height_last_edited=\u00bbon|phone\u00bb global_colors_info=\u00bb{}\u00bb][et_pb_row _builder_version=\u00bb4.27.4&#8243; _module_preset=\u00bbdefault\u00bb global_colors_info=\u00bb{}\u00bb][et_pb_column type=\u00bb4_4&#8243; _builder_version=\u00bb4.27.4&#8243; _module_preset=\u00bbdefault\u00bb global_colors_info=\u00bb{}\u00bb][\/et_pb_column][\/et_pb_row][\/et_pb_section][et_pb_section fb_built=\u00bb1&#8243; _builder_version=\u00bb4.27.4&#8243; _module_preset=\u00bbdefault\u00bb background_color=\u00bb#F5F4F0&#8243; custom_padding=\u00bb||||false|false\u00bb global_colors_info=\u00bb{}\u00bb][et_pb_row _builder_version=\u00bb4.27.4&#8243; _module_preset=\u00bbdefault\u00bb width=\u00bb50%\u00bb width_tablet=\u00bb50%\u00bb width_phone=\u00bb80%\u00bb width_last_edited=\u00bbon|phone\u00bb global_colors_info=\u00bb{}\u00bb][et_pb_column type=\u00bb4_4&#8243; _builder_version=\u00bb4.27.4&#8243; _module_preset=\u00bbdefault\u00bb global_colors_info=\u00bb{}\u00bb][et_pb_text _builder_version=\u00bb4.27.4&#8243; _module_preset=\u00bbdefault\u00bb text_font=\u00bbCormorant Garamond||||||||\u00bb text_text_color=\u00bb#46331C\u00bb text_font_size=\u00bb26px\u00bb text_line_height=\u00bb1em\u00bb hover_enabled=\u00bb0&#8243; text_font_size_tablet=\u00bb36px\u00bb text_font_size_phone=\u00bb33px\u00bb text_font_size_last_edited=\u00bbon|phone\u00bb global_colors_info=\u00bb{}\u00bb sticky_enabled=\u00bb0&#8243;]<p style=\"text-align: center;\">Pol\u00edtica de Cookies<\/p>[\/et_pb_text][\/et_pb_column][\/et_pb_row][\/et_pb_section][et_pb_section fb_built=\u00bb1&#8243; _builder_version=\u00bb4.27.4&#8243; _module_preset=\u00bbdefault\u00bb background_color=\u00bb#F5F4F0&#8243; custom_margin=\u00bb||||false|false\u00bb custom_padding=\u00bb0px||||false|false\u00bb global_colors_info=\u00bb{}\u00bb][et_pb_row _builder_version=\u00bb4.27.4&#8243; _module_preset=\u00bbdefault\u00bb global_colors_info=\u00bb{}\u00bb][et_pb_column type=\u00bb4_4&#8243; _builder_version=\u00bb4.27.4&#8243; _module_preset=\u00bbdefault\u00bb global_colors_info=\u00bb{}\u00bb][et_pb_text _builder_version=\u00bb4.27.4&#8243; _module_preset=\u00bbdefault\u00bb text_font=\u00bbNEUEHAAS ROMAN|||on|||||\u00bb text_text_color=\u00bb#46331C\u00bb text_font_size=\u00bb10px\u00bb text_letter_spacing=\u00bb2px\u00bb custom_margin=\u00bb||0px||false|false\u00bb custom_padding=\u00bb||||false|false\u00bb hover_enabled=\u00bb0&#8243; global_colors_info=\u00bb{}\u00bb sticky_enabled=\u00bb0&#8243;]<p>1. Introducci\u00f3n<\/p>[\/et_pb_text][et_pb_text _builder_version=\u00bb4.27.4&#8243; _module_preset=\u00bbdefault\u00bb text_font=\u00bbNEUEHAAS ROMAN||||||||\u00bb text_text_color=\u00bb#46331C\u00bb hover_enabled=\u00bb0&#8243; global_colors_info=\u00bb{}\u00bb sticky_enabled=\u00bb0&#8243;]<p data-start=\"363\" data-end=\"544\">Esta Pol\u00edtica de Cookies explica c\u00f3mo CASALMA Menorca (\u00ab nosotros \u00bb, \u00ab nuestro \u00bb, \u00ab nuestros \u00bb) utiliza cookies y tecnolog\u00edas similares en el sitio web <strong data-start=\"517\" data-end=\"543\"><a data-start=\"519\" data-end=\"541\" rel=\"noopener\" target=\"_new\" class=\"decorated-link cursor-pointer\">www.casalmamenorca.com<\/a><\/strong><\/p>\n<p data-start=\"546\" data-end=\"702\">Durante tu primera visita, un banner de consentimiento te permite aceptar, rechazar o personalizar las cookies no esenciales, de conformidad con el RGPD.<\/p>[\/et_pb_text][et_pb_text _builder_version=\u00bb4.27.4&#8243; _module_preset=\u00bbdefault\u00bb text_font=\u00bbNEUEHAAS ROMAN|||on|||||\u00bb text_text_color=\u00bb#46331C\u00bb text_font_size=\u00bb10px\u00bb text_letter_spacing=\u00bb2px\u00bb custom_margin=\u00bb||0px||false|false\u00bb custom_padding=\u00bb||||false|false\u00bb hover_enabled=\u00bb0&#8243; global_colors_info=\u00bb{}\u00bb sticky_enabled=\u00bb0&#8243;]<p>2. \u00bfQu\u00e9 es una cookie?<\/p>[\/et_pb_text][et_pb_text _builder_version=\u00bb4.27.4&#8243; _module_preset=\u00bbdefault\u00bb text_font=\u00bbNEUEHAAS ROMAN||||||||\u00bb text_text_color=\u00bb#46331C\u00bb hover_enabled=\u00bb0&#8243; global_colors_info=\u00bb{}\u00bb sticky_enabled=\u00bb0&#8243;]<p data-start=\"745\" data-end=\"892\">Una cookie es un peque\u00f1o archivo de texto almacenado en tu dispositivo (ordenador, m\u00f3vil, tableta) cuando visitas un sitio web.<br data-start=\"868\" data-end=\"871\">Permite, entre otras cosas:<\/p>\n<ul data-start=\"894\" data-end=\"1043\">\n<li data-start=\"894\" data-end=\"938\">\n<p data-start=\"896\" data-end=\"938\">garantizar el correcto funcionamiento del sitio,<\/p>\n<\/li>\n<li data-start=\"939\" data-end=\"972\">\n<p data-start=\"941\" data-end=\"972\">recordar tus preferencias,<\/p>\n<\/li>\n<li data-start=\"973\" data-end=\"999\">\n<p data-start=\"975\" data-end=\"999\">medir la audiencia del sitio,<\/p>\n<\/li>\n<li data-start=\"1000\" data-end=\"1043\">\n<p data-start=\"1002\" data-end=\"1043\">mejorar tu experiencia de usuario.<\/p>\n<\/li>\n<\/ul>[\/et_pb_text][et_pb_text _builder_version=\u00bb4.27.4&#8243; _module_preset=\u00bbdefault\u00bb text_font=\u00bbNEUEHAAS ROMAN|||on|||||\u00bb text_text_color=\u00bb#46331C\u00bb text_font_size=\u00bb10px\u00bb text_letter_spacing=\u00bb2px\u00bb custom_margin=\u00bb||0px||false|false\u00bb custom_padding=\u00bb||||false|false\u00bb hover_enabled=\u00bb0&#8243; global_colors_info=\u00bb{}\u00bb sticky_enabled=\u00bb0&#8243;]<p>3. Tipos de cookies utilizados en este sitio web<\/p>[\/et_pb_text][et_pb_text _builder_version=\u00bb4.27.4&#8243; _module_preset=\u00bbdefault\u00bb text_font=\u00bbNEUEHAAS ROMAN||||||||\u00bb text_text_color=\u00bb#46331C\u00bb hover_enabled=\u00bb0&#8243; global_colors_info=\u00bb{}\u00bb sticky_enabled=\u00bb0&#8243;]<p>a) Cookies strictement n\u00e9cessaires<\/p>\n<p>Indispensables para el funcionamiento del sitio.<\/p>\n<p>Permiten, por ejemplo:<br>\u2022 el acceso a p\u00e1ginas seguras,<br>\u2022 el uso del carrito de compra,<br>\u2022 la gesti\u00f3n del consentimiento mediante el banner de cookies.<\/p>\n<p>Estas cookies no pueden desactivarse.<\/p>\n<p>b) Cookies de rendimiento y estad\u00edsticas<\/p>\n<p>Estas cookies permiten medir la audiencia del sitio: p\u00e1ginas visitadas, duraci\u00f3n de las visitas, navegaci\u00f3n, etc.<br>Nos ayudan a mejorar la experiencia en el sitio.<br>Servicio utilizado: Google Analytics<\/p>\n<p>c) Cookies de funcionalidad<\/p>\n<p data-start=\"1726\" data-end=\"1781\">Permiten mejorar la comodidad de navegaci\u00f3n:<\/p>\n<ul data-start=\"1782\" data-end=\"1858\">\n<li data-start=\"1782\" data-end=\"1804\">\n<p data-start=\"1784\" data-end=\"1804\">reproducci\u00f3n de v\u00eddeos,<\/p>\n<\/li>\n<li data-start=\"1805\" data-end=\"1831\">\n<p data-start=\"1807\" data-end=\"1831\">integraci\u00f3n de mapas,<\/p>\n<\/li>\n<li data-start=\"1832\" data-end=\"1858\">\n<p data-start=\"1834\" data-end=\"1858\">preferencias del usuario.<\/p>\n<\/li>\n<\/ul>\n<p data-start=\"1860\" data-end=\"1887\">Proveedores potenciales:<\/p>\n<p data-start=\"1890\" data-end=\"1933\">YouTube \/ Vimeo \/ Google Maps<\/p>\n<p>d) Cookies de redes sociales<\/p>\n<p data-start=\"1980\" data-end=\"2095\">Algunos contenidos presentes en el sitio (botones o integraciones de Instagram, Pinterest\u2026) pueden depositar cookies.<\/p>\n<p data-start=\"2097\" data-end=\"2123\">Proveedores posibles:<\/p>\n<ul data-start=\"2124\" data-end=\"2205\">\n<li data-start=\"2124\" data-end=\"2137\">\n<p data-start=\"2126\" data-end=\"2137\">Instagram<\/p>\n<\/li>\n<li data-start=\"2138\" data-end=\"2151\">\n<p data-start=\"2140\" data-end=\"2151\">Pinterest<\/p>\n<\/li>\n<li data-start=\"2152\" data-end=\"2164\">\n<p data-start=\"2154\" data-end=\"2164\">Facebook<\/p>\n<\/li>\n<li data-start=\"2165\" data-end=\"2175\">\n<p data-start=\"2167\" data-end=\"2175\">TikTok<\/p>\n<\/li>\n<\/ul>\n<p data-start=\"2207\" data-end=\"2270\">Estos servicios pueden seguir tu navegaci\u00f3n en otros sitios web.<\/p>[\/et_pb_text][et_pb_text _builder_version=\u00bb4.27.4&#8243; _module_preset=\u00bbdefault\u00bb text_font=\u00bbNEUEHAAS ROMAN|||on|||||\u00bb text_text_color=\u00bb#46331C\u00bb text_font_size=\u00bb10px\u00bb text_letter_spacing=\u00bb2px\u00bb custom_margin=\u00bb||0px||false|false\u00bb custom_padding=\u00bb||||false|false\u00bb hover_enabled=\u00bb0&#8243; global_colors_info=\u00bb{}\u00bb sticky_enabled=\u00bb0&#8243;]<p>4. Gesti\u00f3n del consentimiento<\/p>[\/et_pb_text][et_pb_text _builder_version=\u00bb4.27.4&#8243; _module_preset=\u00bbdefault\u00bb text_font=\u00bbNEUEHAAS ROMAN||||||||\u00bb text_text_color=\u00bb#46331C\u00bb hover_enabled=\u00bb0&#8243; global_colors_info=\u00bb{}\u00bb sticky_enabled=\u00bb0&#8243;]<p data-start=\"2312\" data-end=\"2386\">Durante tu primera visita, un banner de consentimiento te permite:<\/p>\n<p data-start=\"2388\" data-end=\"2482\">\u2714 aceptar todas las cookies<br data-start=\"2415\" data-end=\"2418\">\u2714 rechazar las cookies no esenciales<br data-start=\"2454\" data-end=\"2457\">\u2714 personalizar tus elecciones<\/p>\n<p data-start=\"2484\" data-end=\"2536\">Puedes modificar tus preferencias en cualquier momento:<br><strong data-start=\"2541\" data-end=\"2604\">\u201cGestionar cookies\u201d<\/strong><br data-start=\"2604\" data-end=\"2607\"><\/p>[\/et_pb_text][et_pb_text _builder_version=\u00bb4.27.4&#8243; _module_preset=\u00bbdefault\u00bb text_font=\u00bbNEUEHAAS ROMAN|||on|||||\u00bb text_text_color=\u00bb#46331C\u00bb text_font_size=\u00bb10px\u00bb text_letter_spacing=\u00bb2px\u00bb custom_margin=\u00bb||0px||false|false\u00bb custom_padding=\u00bb||||false|false\u00bb hover_enabled=\u00bb0&#8243; global_colors_info=\u00bb{}\u00bb sticky_enabled=\u00bb0&#8243;]<p>5. Duraci\u00f3n de conservaci\u00f3n de las cookies<\/p>[\/et_pb_text][et_pb_text _builder_version=\u00bb4.27.4&#8243; _module_preset=\u00bbdefault\u00bb text_font=\u00bbNEUEHAAS ROMAN||||||||\u00bb text_text_color=\u00bb#46331C\u00bb hover_enabled=\u00bb0&#8243; global_colors_info=\u00bb{}\u00bb sticky_enabled=\u00bb0&#8243;]<ul data-start=\"2732\" data-end=\"2918\">\n<li data-start=\"2732\" data-end=\"2781\">\n<p data-start=\"2734\" data-end=\"2781\">Cookies necesarias: duraci\u00f3n t\u00e9cnica limitada<\/p>\n<\/li>\n<li data-start=\"2782\" data-end=\"2828\">\n<p data-start=\"2784\" data-end=\"2828\">Cookies estad\u00edsticos: <strong data-start=\"2807\" data-end=\"2826\">m\u00e1ximo 13 meses<\/strong><\/p>\n<\/li>\n<li data-start=\"2829\" data-end=\"2876\">\n<p data-start=\"2831\" data-end=\"2876\">Cookies publicitarios: <strong data-start=\"2855\" data-end=\"2874\">m\u00e1ximo 13 meses<\/strong><\/p>\n<\/li>\n<li data-start=\"2877\" data-end=\"2918\">\n<p data-start=\"2879\" data-end=\"2918\">Datos asociados: <strong data-start=\"2899\" data-end=\"2918\">m\u00e1ximo 25 meses<\/strong><\/p>\n<\/li>\n<\/ul>\n<p data-start=\"2920\" data-end=\"2954\">Estas duraciones cumplen con el RGPD.<\/p>[\/et_pb_text][et_pb_text _builder_version=\u00bb4.27.4&#8243; _module_preset=\u00bbdefault\u00bb text_font=\u00bbNEUEHAAS ROMAN|||on|||||\u00bb text_text_color=\u00bb#46331C\u00bb text_font_size=\u00bb10px\u00bb text_letter_spacing=\u00bb2px\u00bb custom_margin=\u00bb||0px||false|false\u00bb custom_padding=\u00bb||||false|false\u00bb hover_enabled=\u00bb0&#8243; global_colors_info=\u00bb{}\u00bb sticky_enabled=\u00bb0&#8243;]<p>6. C\u00f3mo desactivar las cookies desde tu navegador<\/p>[\/et_pb_text][et_pb_text _builder_version=\u00bb4.27.4&#8243; _module_preset=\u00bbdefault\u00bb text_font=\u00bbNEUEHAAS ROMAN||||||||\u00bb text_text_color=\u00bb#46331C\u00bb hover_enabled=\u00bb0&#8243; global_colors_info=\u00bb{}\u00bb sticky_enabled=\u00bb0&#8243;]<p data-start=\"3027\" data-end=\"3116\">Tambi\u00e9n puedes configurar tu navegador para bloquear o eliminar las cookies:<\/p>\n<ul data-start=\"3118\" data-end=\"3395\">\n<li data-start=\"3118\" data-end=\"3177\">\n<p data-start=\"3120\" data-end=\"3177\">Chrome : <a data-start=\"3129\" data-end=\"3175\" rel=\"noopener\" target=\"_new\" class=\"decorated-link cursor-pointer\">https:\/\/support.google.com\/chrome\/answer\/95647<span aria-hidden=\"true\" class=\"ms-0.5 inline-block align-middle leading-none\"><svg xmlns=\"http:\/\/www.w3.org\/2000\/svg\" width=\"20\" height=\"20\" viewbox=\"0 0 20 20\" fill=\"currentColor\" data-rtl-flip=\"\" class=\"block h-[0.75em] w-[0.75em] stroke-current stroke-[0.75]\"><path d=\"M14.3349 13.3301V6.60645L5.47065 15.4707C5.21095 15.7304 4.78895 15.7304 4.52925 15.4707C4.26955 15.211 4.26955 14.789 4.52925 14.5293L13.3935 5.66504H6.66011C6.29284 5.66504 5.99507 5.36727 5.99507 5C5.99507 4.63273 6.29284 4.33496 6.66011 4.33496H14.9999L15.1337 4.34863C15.4369 4.41057 15.665 4.67857 15.665 5V13.3301C15.6649 13.6973 15.3672 13.9951 14.9999 13.9951C14.6327 13.9951 14.335 13.6973 14.3349 13.3301Z\"><\/path><\/svg><\/span><\/a><\/p>\n<\/li>\n<li data-start=\"3178\" data-end=\"3249\">\n<p data-start=\"3180\" data-end=\"3249\">Safari : <a data-start=\"3189\" data-end=\"3247\" rel=\"noopener\" target=\"_new\" class=\"decorated-link\" href=\"https:\/\/support.apple.com\/fr-fr\/guide\/safari\/sfri11471\/mac\">https:\/\/support.apple.com\/fr-fr\/guide\/safari\/sfri11471\/mac<span aria-hidden=\"true\" class=\"ms-0.5 inline-block align-middle leading-none\"><svg xmlns=\"http:\/\/www.w3.org\/2000\/svg\" width=\"20\" height=\"20\" viewbox=\"0 0 20 20\" fill=\"currentColor\" data-rtl-flip=\"\" class=\"block h-[0.75em] w-[0.75em] stroke-current stroke-[0.75]\"><path d=\"M14.3349 13.3301V6.60645L5.47065 15.4707C5.21095 15.7304 4.78895 15.7304 4.52925 15.4707C4.26955 15.211 4.26955 14.789 4.52925 14.5293L13.3935 5.66504H6.66011C6.29284 5.66504 5.99507 5.36727 5.99507 5C5.99507 4.63273 6.29284 4.33496 6.66011 4.33496H14.9999L15.1337 4.34863C15.4369 4.41057 15.665 4.67857 15.665 5V13.3301C15.6649 13.6973 15.3672 13.9951 14.9999 13.9951C14.6327 13.9951 14.335 13.6973 14.3349 13.3301Z\"><\/path><\/svg><\/span><\/a><\/p>\n<\/li>\n<li data-start=\"3250\" data-end=\"3335\">\n<p data-start=\"3252\" data-end=\"3335\">Firefox : <a data-start=\"3262\" data-end=\"3333\" rel=\"noopener\" target=\"_new\" class=\"decorated-link cursor-pointer\">https:\/\/support.mozilla.org\/fr\/kb\/effacer-cookies-donnees-sites-firefox<span aria-hidden=\"true\" class=\"ms-0.5 inline-block align-middle leading-none\"><svg xmlns=\"http:\/\/www.w3.org\/2000\/svg\" width=\"20\" height=\"20\" viewbox=\"0 0 20 20\" fill=\"currentColor\" data-rtl-flip=\"\" class=\"block h-[0.75em] w-[0.75em] stroke-current stroke-[0.75]\"><path d=\"M14.3349 13.3301V6.60645L5.47065 15.4707C5.21095 15.7304 4.78895 15.7304 4.52925 15.4707C4.26955 15.211 4.26955 14.789 4.52925 14.5293L13.3935 5.66504H6.66011C6.29284 5.66504 5.99507 5.36727 5.99507 5C5.99507 4.63273 6.29284 4.33496 6.66011 4.33496H14.9999L15.1337 4.34863C15.4369 4.41057 15.665 4.67857 15.665 5V13.3301C15.6649 13.6973 15.3672 13.9951 14.9999 13.9951C14.6327 13.9951 14.335 13.6973 14.3349 13.3301Z\"><\/path><\/svg><\/span><\/a><\/p>\n<\/li>\n<li data-start=\"3336\" data-end=\"3395\">\n<p data-start=\"3338\" data-end=\"3395\">Edge : <a data-start=\"3345\" data-end=\"3393\" rel=\"noopener\" target=\"_new\" class=\"decorated-link cursor-pointer\">https:\/\/support.microsoft.com\/fr-fr\/help\/4027947<span aria-hidden=\"true\" class=\"ms-0.5 inline-block align-middle leading-none\"><svg xmlns=\"http:\/\/www.w3.org\/2000\/svg\" width=\"20\" height=\"20\" viewbox=\"0 0 20 20\" fill=\"currentColor\" data-rtl-flip=\"\" class=\"block h-[0.75em] w-[0.75em] stroke-current stroke-[0.75]\"><path d=\"M14.3349 13.3301V6.60645L5.47065 15.4707C5.21095 15.7304 4.78895 15.7304 4.52925 15.4707C4.26955 15.211 4.26955 14.789 4.52925 14.5293L13.3935 5.66504H6.66011C6.29284 5.66504 5.99507 5.36727 5.99507 5C5.99507 4.63273 6.29284 4.33496 6.66011 4.33496H14.9999L15.1337 4.34863C15.4369 4.41057 15.665 4.67857 15.665 5V13.3301C15.6649 13.6973 15.3672 13.9951 14.9999 13.9951C14.6327 13.9951 14.335 13.6973 14.3349 13.3301Z\"><\/path><\/svg><\/span><\/a><\/p>\n<\/li>\n<\/ul>\n<p data-start=\"3397\" data-end=\"3483\"><em data-start=\"3397\" data-end=\"3483\">Nota: desactivar algunas cookies puede afectar la experiencia de navegaci\u00f3n.<\/em><\/p>[\/et_pb_text][et_pb_text _builder_version=\u00bb4.27.4&#8243; _module_preset=\u00bbdefault\u00bb text_font=\u00bbNEUEHAAS ROMAN|||on|||||\u00bb text_text_color=\u00bb#46331C\u00bb text_font_size=\u00bb10px\u00bb text_letter_spacing=\u00bb2px\u00bb custom_margin=\u00bb||0px||false|false\u00bb custom_padding=\u00bb||||false|false\u00bb hover_enabled=\u00bb0&#8243; global_colors_info=\u00bb{}\u00bb sticky_enabled=\u00bb0&#8243;]<p>7. Modificaciones de esta pol\u00edtica<\/p>[\/et_pb_text][et_pb_text _builder_version=\u00bb4.27.4&#8243; _module_preset=\u00bbdefault\u00bb text_font=\u00bbNEUEHAAS ROMAN||||||||\u00bb text_text_color=\u00bb#46331C\u00bb hover_enabled=\u00bb0&#8243; global_colors_info=\u00bb{}\u00bb sticky_enabled=\u00bb0&#8243;]<p data-start=\"3534\" data-end=\"3640\">Esta pol\u00edtica puede actualizarse en cualquier momento para reflejar cambios legales o t\u00e9cnicos.<\/p>\n<p data-start=\"3642\" data-end=\"3675\">\u00daltima actualizaci\u00f3n: <strong data-start=\"3665\" data-end=\"3675\">20 de noviembre de 2025<\/strong><\/p>[\/et_pb_text][et_pb_text _builder_version=\u00bb4.27.4&#8243; _module_preset=\u00bbdefault\u00bb text_font=\u00bbNEUEHAAS ROMAN|||on|||||\u00bb text_text_color=\u00bb#46331C\u00bb text_font_size=\u00bb10px\u00bb text_letter_spacing=\u00bb2px\u00bb custom_margin=\u00bb||0px||false|false\u00bb custom_padding=\u00bb||||false|false\u00bb hover_enabled=\u00bb0&#8243; global_colors_info=\u00bb{}\u00bb sticky_enabled=\u00bb0&#8243;]<p>8. Contacto<\/p>[\/et_pb_text][et_pb_text _builder_version=\u00bb4.27.4&#8243; _module_preset=\u00bbdefault\u00bb text_font=\u00bbNEUEHAAS ROMAN||||||||\u00bb text_text_color=\u00bb#46331C\u00bb hover_enabled=\u00bb0&#8243; global_colors_info=\u00bb{}\u00bb sticky_enabled=\u00bb0&#8243;]<p data-start=\"2264\" data-end=\"2366\">Para cualquier pregunta relacionada con esta Pol\u00edtica de Cookies:<br data-start=\"3760\" data-end=\"3763\"><strong data-start=\"3766\" data-end=\"3788\">contact@casalmamenorca.com<\/strong><br data-start=\"3788\" data-end=\"3791\">CASALMA Menorca \u2013 <span>Carrer de l\u2019\u00c0ngel, 4 \u2013 Ma\u00f3<\/span><br>Baleares<\/p>[\/et_pb_text][\/et_pb_column][\/et_pb_row][\/et_pb_section]\n","protected":false},"excerpt":{"rendered":"<p>Pol\u00edtica de Cookies1. Introducci\u00f3nEsta Pol\u00edtica de Cookies explica c\u00f3mo CASALMA Menorca (\u00ab nosotros \u00bb, \u00ab nuestro \u00bb, \u00ab nuestros \u00bb) utiliza cookies y tecnolog\u00edas similares en el sitio web www.casalmamenorca.com Durante tu primera visita, un banner de consentimiento te permite aceptar, rechazar o personalizar las cookies no esenciales, de conformidad con el RGPD.2. \u00bfQu\u00e9 es [&hellip;]<\/p>\n","protected":false},"author":1,"featured_media":0,"parent":0,"menu_order":0,"comment_status":"closed","ping_status":"closed","template":"","meta":{"_et_pb_use_builder":"on","_et_pb_old_content":"","_et_gb_content_width":"","inline_featured_image":false,"footnotes":""},"class_list":["post-1386","page","type-page","status-publish","hentry"],"yoast_head":"<!-- This site is optimized with the Yoast SEO plugin v27.2 - https:\/\/yoast.com\/product\/yoast-seo-wordpress\/ -->\n<title>Pol\u00edtica de cookies | Casalma Menorca<\/title>\n<meta name=\"description\" content=\"Informaci\u00f3n sobre el uso de cookies por parte de Casalma Menorca: tipos de cookies, finalidades, gesti\u00f3n del consentimiento y derechos de los usuarios.\" \/>\n<meta name=\"robots\" content=\"index, follow, max-snippet:-1, max-image-preview:large, max-video-preview:-1\" \/>\n<link rel=\"canonical\" href=\"https:\/\/www.casalmamenorca.com\/es\/politica-de-cookies\/\" \/>\n<meta property=\"og:locale\" content=\"es_ES\" \/>\n<meta property=\"og:type\" content=\"article\" \/>\n<meta property=\"og:title\" content=\"Pol\u00edtica de cookies | Casalma Menorca\" \/>\n<meta property=\"og:description\" content=\"Informaci\u00f3n sobre el uso de cookies por parte de Casalma Menorca: tipos de cookies, finalidades, gesti\u00f3n del consentimiento y derechos de los usuarios.\" \/>\n<meta property=\"og:url\" content=\"https:\/\/www.casalmamenorca.com\/es\/politica-de-cookies\/\" \/>\n<meta property=\"og:site_name\" content=\"Casalma Menorca\" \/>\n<meta property=\"article:modified_time\" content=\"2025-12-03T12:31:56+00:00\" \/>\n<meta name=\"twitter:card\" content=\"summary_large_image\" \/>\n<meta name=\"twitter:label1\" content=\"Tiempo de lectura\" \/>\n\t<meta name=\"twitter:data1\" content=\"6 minutos\" \/>\n<script type=\"application\/ld+json\" class=\"yoast-schema-graph\">{\"@context\":\"https:\/\/schema.org\",\"@graph\":[{\"@type\":\"WebPage\",\"@id\":\"https:\/\/www.casalmamenorca.com\/es\/politica-de-cookies\/\",\"url\":\"https:\/\/www.casalmamenorca.com\/es\/politica-de-cookies\/\",\"name\":\"Pol\u00edtica de cookies | Casalma Menorca\",\"isPartOf\":{\"@id\":\"https:\/\/www.casalmamenorca.com\/es\/#website\"},\"datePublished\":\"2025-11-20T16:24:34+00:00\",\"dateModified\":\"2025-12-03T12:31:56+00:00\",\"description\":\"Informaci\u00f3n sobre el uso de cookies por parte de Casalma Menorca: tipos de cookies, finalidades, gesti\u00f3n del consentimiento y derechos de los usuarios.\",\"breadcrumb\":{\"@id\":\"https:\/\/www.casalmamenorca.com\/es\/politica-de-cookies\/#breadcrumb\"},\"inLanguage\":\"es\",\"potentialAction\":[{\"@type\":\"ReadAction\",\"target\":[\"https:\/\/www.casalmamenorca.com\/es\/politica-de-cookies\/\"]}]},{\"@type\":\"BreadcrumbList\",\"@id\":\"https:\/\/www.casalmamenorca.com\/es\/politica-de-cookies\/#breadcrumb\",\"itemListElement\":[{\"@type\":\"ListItem\",\"position\":1,\"name\":\"Accueil\",\"item\":\"https:\/\/www.casalmamenorca.com\/es\/inicio\/\"},{\"@type\":\"ListItem\",\"position\":2,\"name\":\"Pol\u00edtica de Cookies\"}]},{\"@type\":\"WebSite\",\"@id\":\"https:\/\/www.casalmamenorca.com\/es\/#website\",\"url\":\"https:\/\/www.casalmamenorca.com\/es\/\",\"name\":\"Casalma Menorca\",\"description\":\"Objets porteurs d&#039;histoire\",\"potentialAction\":[{\"@type\":\"SearchAction\",\"target\":{\"@type\":\"EntryPoint\",\"urlTemplate\":\"https:\/\/www.casalmamenorca.com\/es\/?s={search_term_string}\"},\"query-input\":{\"@type\":\"PropertyValueSpecification\",\"valueRequired\":true,\"valueName\":\"search_term_string\"}}],\"inLanguage\":\"es\"}]}<\/script>\n<!-- \/ Yoast SEO plugin. -->","yoast_head_json":{"title":"Pol\u00edtica de cookies | Casalma Menorca","description":"Informaci\u00f3n sobre el uso de cookies por parte de Casalma Menorca: tipos de cookies, finalidades, gesti\u00f3n del consentimiento y derechos de los usuarios.","robots":{"index":"index","follow":"follow","max-snippet":"max-snippet:-1","max-image-preview":"max-image-preview:large","max-video-preview":"max-video-preview:-1"},"canonical":"https:\/\/www.casalmamenorca.com\/es\/politica-de-cookies\/","og_locale":"es_ES","og_type":"article","og_title":"Pol\u00edtica de cookies | Casalma Menorca","og_description":"Informaci\u00f3n sobre el uso de cookies por parte de Casalma Menorca: tipos de cookies, finalidades, gesti\u00f3n del consentimiento y derechos de los usuarios.","og_url":"https:\/\/www.casalmamenorca.com\/es\/politica-de-cookies\/","og_site_name":"Casalma Menorca","article_modified_time":"2025-12-03T12:31:56+00:00","twitter_card":"summary_large_image","twitter_misc":{"Tiempo de lectura":"6 minutos"},"schema":{"@context":"https:\/\/schema.org","@graph":[{"@type":"WebPage","@id":"https:\/\/www.casalmamenorca.com\/es\/politica-de-cookies\/","url":"https:\/\/www.casalmamenorca.com\/es\/politica-de-cookies\/","name":"Pol\u00edtica de cookies | Casalma Menorca","isPartOf":{"@id":"https:\/\/www.casalmamenorca.com\/es\/#website"},"datePublished":"2025-11-20T16:24:34+00:00","dateModified":"2025-12-03T12:31:56+00:00","description":"Informaci\u00f3n sobre el uso de cookies por parte de Casalma Menorca: tipos de cookies, finalidades, gesti\u00f3n del consentimiento y derechos de los usuarios.","breadcrumb":{"@id":"https:\/\/www.casalmamenorca.com\/es\/politica-de-cookies\/#breadcrumb"},"inLanguage":"es","potentialAction":[{"@type":"ReadAction","target":["https:\/\/www.casalmamenorca.com\/es\/politica-de-cookies\/"]}]},{"@type":"BreadcrumbList","@id":"https:\/\/www.casalmamenorca.com\/es\/politica-de-cookies\/#breadcrumb","itemListElement":[{"@type":"ListItem","position":1,"name":"Accueil","item":"https:\/\/www.casalmamenorca.com\/es\/inicio\/"},{"@type":"ListItem","position":2,"name":"Pol\u00edtica de Cookies"}]},{"@type":"WebSite","@id":"https:\/\/www.casalmamenorca.com\/es\/#website","url":"https:\/\/www.casalmamenorca.com\/es\/","name":"Casalma Menorca","description":"Objets porteurs d&#039;histoire","potentialAction":[{"@type":"SearchAction","target":{"@type":"EntryPoint","urlTemplate":"https:\/\/www.casalmamenorca.com\/es\/?s={search_term_string}"},"query-input":{"@type":"PropertyValueSpecification","valueRequired":true,"valueName":"search_term_string"}}],"inLanguage":"es"}]}},"jetpack_sharing_enabled":true,"_links":{"self":[{"href":"https:\/\/www.casalmamenorca.com\/es\/wp-json\/wp\/v2\/pages\/1386","targetHints":{"allow":["GET"]}}],"collection":[{"href":"https:\/\/www.casalmamenorca.com\/es\/wp-json\/wp\/v2\/pages"}],"about":[{"href":"https:\/\/www.casalmamenorca.com\/es\/wp-json\/wp\/v2\/types\/page"}],"author":[{"embeddable":true,"href":"https:\/\/www.casalmamenorca.com\/es\/wp-json\/wp\/v2\/users\/1"}],"replies":[{"embeddable":true,"href":"https:\/\/www.casalmamenorca.com\/es\/wp-json\/wp\/v2\/comments?post=1386"}],"version-history":[{"count":4,"href":"https:\/\/www.casalmamenorca.com\/es\/wp-json\/wp\/v2\/pages\/1386\/revisions"}],"predecessor-version":[{"id":1878,"href":"https:\/\/www.casalmamenorca.com\/es\/wp-json\/wp\/v2\/pages\/1386\/revisions\/1878"}],"wp:attachment":[{"href":"https:\/\/www.casalmamenorca.com\/es\/wp-json\/wp\/v2\/media?parent=1386"}],"curies":[{"name":"wp","href":"https:\/\/api.w.org\/{rel}","templated":true}]}}