{"id":1365,"date":"2025-11-20T15:42:42","date_gmt":"2025-11-20T15:42:42","guid":{"rendered":"https:\/\/www.casalmamenorca.com\/aviso-legal\/"},"modified":"2026-03-15T17:08:18","modified_gmt":"2026-03-15T17:08:18","slug":"aviso-legal","status":"publish","type":"page","link":"https:\/\/www.casalmamenorca.com\/es\/aviso-legal\/","title":{"rendered":"Aviso legal"},"content":{"rendered":"<p>[et_pb_section fb_built=\u00bb1&#8243; _builder_version=\u00bb4.27.4&#8243; _module_preset=\u00bbdefault\u00bb background_image=\u00bbhttps:\/\/www.casalmamenorca.com\/wp-content\/uploads\/2025\/11\/60c25211-9acf-4693-a431-fc1603d5f7ec-1.jpg\u00bb height=\u00bb30vh\u00bb height_tablet=\u00bb30vh\u00bb height_phone=\u00bb21vh\u00bb height_last_edited=\u00bbon|phone\u00bb global_colors_info=\u00bb{}\u00bb][et_pb_row _builder_version=\u00bb4.27.4&#8243; _module_preset=\u00bbdefault\u00bb global_colors_info=\u00bb{}\u00bb][et_pb_column type=\u00bb4_4&#8243; _builder_version=\u00bb4.27.4&#8243; _module_preset=\u00bbdefault\u00bb global_colors_info=\u00bb{}\u00bb][\/et_pb_column][\/et_pb_row][\/et_pb_section][et_pb_section fb_built=\u00bb1&#8243; _builder_version=\u00bb4.27.4&#8243; _module_preset=\u00bbdefault\u00bb background_color=\u00bb#F5F4F0&#8243; custom_padding=\u00bb||||false|false\u00bb global_colors_info=\u00bb{}\u00bb][et_pb_row _builder_version=\u00bb4.27.4&#8243; _module_preset=\u00bbdefault\u00bb width=\u00bb50%\u00bb width_tablet=\u00bb50%\u00bb width_phone=\u00bb80%\u00bb width_last_edited=\u00bbon|phone\u00bb global_colors_info=\u00bb{}\u00bb][et_pb_column type=\u00bb4_4&#8243; _builder_version=\u00bb4.27.4&#8243; _module_preset=\u00bbdefault\u00bb global_colors_info=\u00bb{}\u00bb][et_pb_text _builder_version=\u00bb4.27.4&#8243; _module_preset=\u00bbdefault\u00bb text_font=\u00bbCormorant Garamond||||||||\u00bb text_text_color=\u00bb#46331C\u00bb text_font_size=\u00bb26px\u00bb text_line_height=\u00bb1em\u00bb text_font_size_tablet=\u00bb36px\u00bb text_font_size_phone=\u00bb33px\u00bb text_font_size_last_edited=\u00bbon|phone\u00bb global_colors_info=\u00bb{}\u00bb]<\/p>\n<p style=\"text-align: center;\">Aviso legal<\/p>\n<p>[\/et_pb_text][\/et_pb_column][\/et_pb_row][\/et_pb_section][et_pb_section fb_built=\u00bb1&#8243; _builder_version=\u00bb4.27.4&#8243; _module_preset=\u00bbdefault\u00bb background_color=\u00bb#F5F4F0&#8243; custom_margin=\u00bb||||false|false\u00bb custom_padding=\u00bb0px||||false|false\u00bb global_colors_info=\u00bb{}\u00bb][et_pb_row _builder_version=\u00bb4.27.4&#8243; _module_preset=\u00bbdefault\u00bb global_colors_info=\u00bb{}\u00bb][et_pb_column type=\u00bb4_4&#8243; _builder_version=\u00bb4.27.4&#8243; _module_preset=\u00bbdefault\u00bb global_colors_info=\u00bb{}\u00bb][et_pb_text _builder_version=\u00bb4.27.4&#8243; _module_preset=\u00bbdefault\u00bb text_font=\u00bbNEUEHAAS ROMAN|||on|||||\u00bb text_text_color=\u00bb#46331C\u00bb text_font_size=\u00bb10px\u00bb text_letter_spacing=\u00bb2px\u00bb custom_margin=\u00bb||0px||false|false\u00bb custom_padding=\u00bb||||false|false\u00bb global_colors_info=\u00bb{}\u00bb]<\/p>\n<p>1. Editor del sitio web<\/p>\n<p>[\/et_pb_text][et_pb_text _builder_version=\u00bb4.27.4&#8243; _module_preset=\u00bbdefault\u00bb text_font=\u00bbNEUEHAAS ROMAN||||||||\u00bb text_text_color=\u00bb#46331C\u00bb global_colors_info=\u00bb{}\u00bb]<\/p>\n<p>El sitio <strong>www.casalmamenorca.com<\/strong> est\u00e1 editado por:<br \/><strong>Nombre de la empresa:<\/strong> Casalma Menorca<br \/><strong>Forma jur\u00eddica:<\/strong> Aut\u00f3nomo (Espa\u00f1a)<br \/>Capital social: Ninguno<br \/><strong>Direcci\u00f3n social:<\/strong> Carrer de l\u2019\u00c0ngel 4, 07703 Mah\u00f3n, Espa\u00f1a<br \/><strong>N\u00famero de identificaci\u00f3n (CIF): :<\/strong> <span>0Z1117860L<br \/><\/span><span><strong>N\u00famero de IVA intracomunitario:<\/strong> ESZ1117860L<\/span><br \/><strong>Correo de contacto:<\/strong> contact@casalmamenorca.com<br \/><strong>Tel\u00e9fono (opcional):<\/strong> [n\u00famero]<br \/><span><strong>Responsable de publicaci\u00f3n:<\/strong> Auriane Maindon<\/span><\/p>\n<p>[\/et_pb_text][et_pb_text _builder_version=\u00bb4.27.4&#8243; _module_preset=\u00bbdefault\u00bb text_font=\u00bbNEUEHAAS ROMAN|||on|||||\u00bb text_text_color=\u00bb#46331C\u00bb text_font_size=\u00bb10px\u00bb text_letter_spacing=\u00bb2px\u00bb custom_margin=\u00bb||0px||false|false\u00bb custom_padding=\u00bb||||false|false\u00bb global_colors_info=\u00bb{}\u00bb]<\/p>\n<p>2. Alojamiento del sitio web<\/p>\n<p>[\/et_pb_text][et_pb_text _builder_version=\u00bb4.27.4&#8243; _module_preset=\u00bbdefault\u00bb text_font=\u00bbNEUEHAAS ROMAN||||||||\u00bb text_text_color=\u00bb#46331C\u00bb global_colors_info=\u00bb{}\u00bb]<\/p>\n<p><span>Este sitio web est\u00e1 alojado por OVH SAS, 2 rue Kellermann &#8211; 59100 Roubaix &#8211; Francia<\/span><\/p>\n<p>[\/et_pb_text][et_pb_text _builder_version=\u00bb4.27.4&#8243; _module_preset=\u00bbdefault\u00bb text_font=\u00bbNEUEHAAS ROMAN|||on|||||\u00bb text_text_color=\u00bb#46331C\u00bb text_font_size=\u00bb10px\u00bb text_letter_spacing=\u00bb2px\u00bb custom_margin=\u00bb||0px||false|false\u00bb custom_padding=\u00bb||||false|false\u00bb global_colors_info=\u00bb{}\u00bb]<\/p>\n<p>3. Propiedad intelectual<\/p>\n<p>[\/et_pb_text][et_pb_text _builder_version=\u00bb4.27.4&#8243; _module_preset=\u00bbdefault\u00bb text_font=\u00bbNEUEHAAS ROMAN||||||||\u00bb text_text_color=\u00bb#46331C\u00bb global_colors_info=\u00bb{}\u00bb]<\/p>\n<p data-start=\"1178\" data-end=\"1374\">Todo el contenido del sitio (textos, im\u00e1genes, fotograf\u00edas, v\u00eddeos, logotipo, elementos gr\u00e1ficos, estructura, dise\u00f1o\u2026) est\u00e1 protegido por el C\u00f3digo de Propiedad Intelectual y las leyes europeas.<\/p>\n<p data-start=\"1376\" data-end=\"1511\">Cualquier reproducci\u00f3n, representaci\u00f3n, modificaci\u00f3n o difusi\u00f3n, total o parcial, sin autorizaci\u00f3n escrita est\u00e1 estrictamente prohibida.<\/p>\n<p>[\/et_pb_text][et_pb_text _builder_version=\u00bb4.27.4&#8243; _module_preset=\u00bbdefault\u00bb text_font=\u00bbNEUEHAAS ROMAN|||on|||||\u00bb text_text_color=\u00bb#46331C\u00bb text_font_size=\u00bb10px\u00bb text_letter_spacing=\u00bb2px\u00bb custom_margin=\u00bb||0px||false|false\u00bb custom_padding=\u00bb||||false|false\u00bb global_colors_info=\u00bb{}\u00bb]<\/p>\n<p>4. Responsabilidad<\/p>\n<p>[\/et_pb_text][et_pb_text _builder_version=\u00bb4.27.4&#8243; _module_preset=\u00bbdefault\u00bb text_font=\u00bbNEUEHAAS ROMAN||||||||\u00bb text_text_color=\u00bb#46331C\u00bb global_colors_info=\u00bb{}\u00bb]<\/p>\n<p>CASALMA Menorca se esfuerza por proporcionar informaci\u00f3n exacta y actualizada. No obstante, la empresa no puede ser considerada responsable de errores, omisiones o indisponibilidades t\u00e9cnicas. <\/p>\n<p>[\/et_pb_text][et_pb_text _builder_version=\u00bb4.27.4&#8243; _module_preset=\u00bbdefault\u00bb text_font=\u00bbNEUEHAAS ROMAN|||on|||||\u00bb text_text_color=\u00bb#46331C\u00bb text_font_size=\u00bb10px\u00bb text_letter_spacing=\u00bb2px\u00bb custom_margin=\u00bb||0px||false|false\u00bb custom_padding=\u00bb||||false|false\u00bb global_colors_info=\u00bb{}\u00bb]<\/p>\n<p>5. Enlaces externos<\/p>\n<p>[\/et_pb_text][et_pb_text _builder_version=\u00bb4.27.4&#8243; _module_preset=\u00bbdefault\u00bb text_font=\u00bbNEUEHAAS ROMAN||||||||\u00bb text_text_color=\u00bb#46331C\u00bb global_colors_info=\u00bb{}\u00bb]<\/p>\n<p>El sitio puede contener enlaces a otros sitios web. CASALMA Menorca no ejerce ning\u00fan control sobre ellos y declina cualquier responsabilidad sobre su contenido. <\/p>\n<p>[\/et_pb_text][et_pb_text _builder_version=\u00bb4.27.4&#8243; _module_preset=\u00bbdefault\u00bb text_font=\u00bbNEUEHAAS ROMAN|||on|||||\u00bb text_text_color=\u00bb#46331C\u00bb text_font_size=\u00bb10px\u00bb text_letter_spacing=\u00bb2px\u00bb custom_margin=\u00bb||0px||false|false\u00bb custom_padding=\u00bb||||false|false\u00bb global_colors_info=\u00bb{}\u00bb]<\/p>\n<p>6. Datos personales<\/p>\n<p>[\/et_pb_text][et_pb_text _builder_version=\u00bb4.27.4&#8243; _module_preset=\u00bbdefault\u00bb text_font=\u00bbNEUEHAAS ROMAN||||||||\u00bb text_text_color=\u00bb#46331C\u00bb global_colors_info=\u00bb{}\u00bb]<\/p>\n<p>Para cualquier informaci\u00f3n sobre la recopilaci\u00f3n y el uso de datos personales, consulta nuestra Pol\u00edtica de Privacidad.<\/p>\n<p>[\/et_pb_text][et_pb_text _builder_version=\u00bb4.27.4&#8243; _module_preset=\u00bbdefault\u00bb text_font=\u00bbNEUEHAAS ROMAN|||on|||||\u00bb text_text_color=\u00bb#46331C\u00bb text_font_size=\u00bb10px\u00bb text_letter_spacing=\u00bb2px\u00bb custom_margin=\u00bb||0px||false|false\u00bb custom_padding=\u00bb||||false|false\u00bb global_colors_info=\u00bb{}\u00bb]<\/p>\n<p>7. Cookies<\/p>\n<p>[\/et_pb_text][et_pb_text _builder_version=\u00bb4.27.4&#8243; _module_preset=\u00bbdefault\u00bb text_font=\u00bbNEUEHAAS ROMAN||||||||\u00bb text_text_color=\u00bb#46331C\u00bb global_colors_info=\u00bb{}\u00bb]<\/p>\n<p data-start=\"2133\" data-end=\"2229\">Este sitio utiliza cookies. Para m\u00e1s informaci\u00f3n, consulta nuestra <strong data-start=\"2204\" data-end=\"2228\"><a href=\"https:\/\/www.casalmamenorca.com\/es\/politica-de-cookies\/\">Pol\u00edtica de Cookies<\/a>.<\/strong> <\/p>\n<p>[\/et_pb_text][et_pb_text _builder_version=\u00bb4.27.4&#8243; _module_preset=\u00bbdefault\u00bb text_font=\u00bbNEUEHAAS ROMAN|||on|||||\u00bb text_text_color=\u00bb#46331C\u00bb text_font_size=\u00bb10px\u00bb text_letter_spacing=\u00bb2px\u00bb custom_margin=\u00bb||0px||false|false\u00bb custom_padding=\u00bb||||false|false\u00bb global_colors_info=\u00bb{}\u00bb]<\/p>\n<p>8. Ley aplicable<\/p>\n<p>[\/et_pb_text][et_pb_text _builder_version=\u00bb4.27.4&#8243; _module_preset=\u00bbdefault\u00bb text_font=\u00bbNEUEHAAS ROMAN||||||||\u00bb text_text_color=\u00bb#46331C\u00bb hover_enabled=\u00bb0&#8243; global_colors_info=\u00bb{}\u00bb sticky_enabled=\u00bb0&#8243;]<\/p>\n<p data-start=\"2264\" data-end=\"2366\">Este sitio web se rige por la legislaci\u00f3n espa\u00f1ola<\/p>\n<p>[\/et_pb_text][et_pb_text _builder_version=\u00bb4.27.4&#8243; _module_preset=\u00bbdefault\u00bb text_font=\u00bbNEUEHAAS ROMAN|||on|||||\u00bb text_text_color=\u00bb#46331C\u00bb text_font_size=\u00bb10px\u00bb text_letter_spacing=\u00bb2px\u00bb custom_margin=\u00bb||0px||false|false\u00bb custom_padding=\u00bb||||false|false\u00bb global_colors_info=\u00bb{}\u00bb]<\/p>\n<p>9. Cr\u00e9ditos<\/p>\n<p>[\/et_pb_text][et_pb_text _builder_version=\u00bb4.27.4&#8243; _module_preset=\u00bbdefault\u00bb text_font=\u00bbNEUEHAAS ROMAN||||||||\u00bb text_text_color=\u00bb#46331C\u00bb global_colors_info=\u00bb{}\u00bb]<\/p>\n<p data-start=\"516\" data-end=\"649\"><strong data-start=\"516\" data-end=\"551\">Direcci\u00f3n art\u00edstica y branding<\/strong><br data-start=\"551\" data-end=\"554\">Realizado por <a href=\"https:\/\/www.instagram.com\/studioaeyle\/\" target=\"_blank\" rel=\"noopener\"><strong data-start=\"567\" data-end=\"600\">Studio Aeyle<\/strong><\/a><br data-start=\"600\" data-end=\"603\">Sitio web: <a href=\"https:\/\/www.studioaeyle.com\/\" target=\"_blank\" rel=\"noopener\"><strong>www.studioaeyle.com<\/strong><\/a><\/p>\n<p data-start=\"651\" data-end=\"734\"><strong data-start=\"651\" data-end=\"689\">Dise\u00f1o y desarrollo del sitio web<\/strong><br data-start=\"689\" data-end=\"692\">Creado y desarrollado por <a href=\"https:\/\/www.instagram.com\/studioaeyle\/\" target=\"_blank\" rel=\"noopener\"><strong data-start=\"567\" data-end=\"600\">Studio Aeyle<\/strong><\/a><\/p>\n<p data-start=\"736\" data-end=\"904\"><strong data-start=\"736\" data-end=\"753\">Fotograf\u00edas<\/strong><br data-start=\"753\" data-end=\"756\">Todas las fotograf\u00edas presentes en este sitio han sido realizadas por: <a href=\"https:\/\/www.instagram.com\/studioyuco\/\" target=\"_blank\" rel=\"noopener\"><strong>studioyuco<\/strong><\/a><br data-start=\"860\" data-end=\"863\">Instagram : <a href=\"https:\/\/www.instagram.com\/studioyuco\/\" target=\"_blank\" rel=\"noopener\"><strong>studioyuco<\/strong><\/a><\/p>\n<p data-start=\"906\" data-end=\"993\">Cualquier reproducci\u00f3n de las im\u00e1genes est\u00e1 estrictamente prohibida sin el consentimiento de sus autores.<\/p>\n<p>[\/et_pb_text][\/et_pb_column][\/et_pb_row][\/et_pb_section]<\/p>\n","protected":false},"excerpt":{"rendered":"<p>Aviso legal1. Editor del sitio webEl sitio www.casalmamenorca.com est\u00e1 editado por:Nombre de la empresa: Casalma MenorcaForma jur\u00eddica: Aut\u00f3nomo (Espa\u00f1a)Capital social: NingunoDirecci\u00f3n social: Carrer de l\u2019\u00c0ngel 4, 07703 Mah\u00f3n, Espa\u00f1aN\u00famero de identificaci\u00f3n (CIF): : 0Z1117860LN\u00famero de IVA intracomunitario: ESZ1117860LCorreo de contacto: contact@casalmamenorca.comTel\u00e9fono (opcional): [n\u00famero]Responsable de publicaci\u00f3n: Auriane Maindon2. Alojamiento del sitio webEste sitio web est\u00e1 alojado [&hellip;]<\/p>\n","protected":false},"author":1,"featured_media":0,"parent":0,"menu_order":0,"comment_status":"closed","ping_status":"closed","template":"","meta":{"_et_pb_use_builder":"on","_et_pb_old_content":"","_et_gb_content_width":"","inline_featured_image":false,"footnotes":""},"class_list":["post-1365","page","type-page","status-publish","hentry"],"yoast_head":"<!-- This site is optimized with the Yoast SEO plugin v27.2 - https:\/\/yoast.com\/product\/yoast-seo-wordpress\/ -->\n<title>Aviso legal | Casalma Menorca<\/title>\n<meta name=\"description\" content=\"Aviso legal de Casalma Menorca: informaci\u00f3n sobre el editor del sitio, el alojamiento, los derechos de autor y las condiciones de uso.Mentions l\u00e9gales de Casalma Menorca : informations sur l\u2019\u00e9diteur du site, l\u2019h\u00e9bergement, les droits d\u2019auteur et les conditions d\u2019utilisation.\" \/>\n<meta name=\"robots\" content=\"index, follow, max-snippet:-1, max-image-preview:large, max-video-preview:-1\" \/>\n<link rel=\"canonical\" href=\"https:\/\/www.casalmamenorca.com\/es\/aviso-legal\/\" \/>\n<meta property=\"og:locale\" content=\"es_ES\" \/>\n<meta property=\"og:type\" content=\"article\" \/>\n<meta property=\"og:title\" content=\"Aviso legal | Casalma Menorca\" \/>\n<meta property=\"og:description\" content=\"Aviso legal de Casalma Menorca: informaci\u00f3n sobre el editor del sitio, el alojamiento, los derechos de autor y las condiciones de uso.Mentions l\u00e9gales de Casalma Menorca : informations sur l\u2019\u00e9diteur du site, l\u2019h\u00e9bergement, les droits d\u2019auteur et les conditions d\u2019utilisation.\" \/>\n<meta property=\"og:url\" content=\"https:\/\/www.casalmamenorca.com\/es\/aviso-legal\/\" \/>\n<meta property=\"og:site_name\" content=\"Casalma Menorca\" \/>\n<meta property=\"article:modified_time\" content=\"2026-03-15T17:08:18+00:00\" \/>\n<meta name=\"twitter:card\" content=\"summary_large_image\" \/>\n<meta name=\"twitter:label1\" content=\"Tiempo de lectura\" \/>\n\t<meta name=\"twitter:data1\" content=\"6 minutos\" \/>\n<script type=\"application\/ld+json\" class=\"yoast-schema-graph\">{\"@context\":\"https:\/\/schema.org\",\"@graph\":[{\"@type\":\"WebPage\",\"@id\":\"https:\/\/www.casalmamenorca.com\/es\/aviso-legal\/\",\"url\":\"https:\/\/www.casalmamenorca.com\/es\/aviso-legal\/\",\"name\":\"Aviso legal | Casalma Menorca\",\"isPartOf\":{\"@id\":\"https:\/\/www.casalmamenorca.com\/es\/#website\"},\"datePublished\":\"2025-11-20T15:42:42+00:00\",\"dateModified\":\"2026-03-15T17:08:18+00:00\",\"description\":\"Aviso legal de Casalma Menorca: informaci\u00f3n sobre el editor del sitio, el alojamiento, los derechos de autor y las condiciones de uso.Mentions l\u00e9gales de Casalma Menorca : informations sur l\u2019\u00e9diteur du site, l\u2019h\u00e9bergement, les droits d\u2019auteur et les conditions d\u2019utilisation.\",\"breadcrumb\":{\"@id\":\"https:\/\/www.casalmamenorca.com\/es\/aviso-legal\/#breadcrumb\"},\"inLanguage\":\"es\",\"potentialAction\":[{\"@type\":\"ReadAction\",\"target\":[\"https:\/\/www.casalmamenorca.com\/es\/aviso-legal\/\"]}]},{\"@type\":\"BreadcrumbList\",\"@id\":\"https:\/\/www.casalmamenorca.com\/es\/aviso-legal\/#breadcrumb\",\"itemListElement\":[{\"@type\":\"ListItem\",\"position\":1,\"name\":\"Accueil\",\"item\":\"https:\/\/www.casalmamenorca.com\/es\/inicio\/\"},{\"@type\":\"ListItem\",\"position\":2,\"name\":\"Aviso legal\"}]},{\"@type\":\"WebSite\",\"@id\":\"https:\/\/www.casalmamenorca.com\/es\/#website\",\"url\":\"https:\/\/www.casalmamenorca.com\/es\/\",\"name\":\"Casalma Menorca\",\"description\":\"Objets porteurs d&#039;histoire\",\"potentialAction\":[{\"@type\":\"SearchAction\",\"target\":{\"@type\":\"EntryPoint\",\"urlTemplate\":\"https:\/\/www.casalmamenorca.com\/es\/?s={search_term_string}\"},\"query-input\":{\"@type\":\"PropertyValueSpecification\",\"valueRequired\":true,\"valueName\":\"search_term_string\"}}],\"inLanguage\":\"es\"}]}<\/script>\n<!-- \/ Yoast SEO plugin. -->","yoast_head_json":{"title":"Aviso legal | Casalma Menorca","description":"Aviso legal de Casalma Menorca: informaci\u00f3n sobre el editor del sitio, el alojamiento, los derechos de autor y las condiciones de uso.Mentions l\u00e9gales de Casalma Menorca : informations sur l\u2019\u00e9diteur du site, l\u2019h\u00e9bergement, les droits d\u2019auteur et les conditions d\u2019utilisation.","robots":{"index":"index","follow":"follow","max-snippet":"max-snippet:-1","max-image-preview":"max-image-preview:large","max-video-preview":"max-video-preview:-1"},"canonical":"https:\/\/www.casalmamenorca.com\/es\/aviso-legal\/","og_locale":"es_ES","og_type":"article","og_title":"Aviso legal | Casalma Menorca","og_description":"Aviso legal de Casalma Menorca: informaci\u00f3n sobre el editor del sitio, el alojamiento, los derechos de autor y las condiciones de uso.Mentions l\u00e9gales de Casalma Menorca : informations sur l\u2019\u00e9diteur du site, l\u2019h\u00e9bergement, les droits d\u2019auteur et les conditions d\u2019utilisation.","og_url":"https:\/\/www.casalmamenorca.com\/es\/aviso-legal\/","og_site_name":"Casalma Menorca","article_modified_time":"2026-03-15T17:08:18+00:00","twitter_card":"summary_large_image","twitter_misc":{"Tiempo de lectura":"6 minutos"},"schema":{"@context":"https:\/\/schema.org","@graph":[{"@type":"WebPage","@id":"https:\/\/www.casalmamenorca.com\/es\/aviso-legal\/","url":"https:\/\/www.casalmamenorca.com\/es\/aviso-legal\/","name":"Aviso legal | Casalma Menorca","isPartOf":{"@id":"https:\/\/www.casalmamenorca.com\/es\/#website"},"datePublished":"2025-11-20T15:42:42+00:00","dateModified":"2026-03-15T17:08:18+00:00","description":"Aviso legal de Casalma Menorca: informaci\u00f3n sobre el editor del sitio, el alojamiento, los derechos de autor y las condiciones de uso.Mentions l\u00e9gales de Casalma Menorca : informations sur l\u2019\u00e9diteur du site, l\u2019h\u00e9bergement, les droits d\u2019auteur et les conditions d\u2019utilisation.","breadcrumb":{"@id":"https:\/\/www.casalmamenorca.com\/es\/aviso-legal\/#breadcrumb"},"inLanguage":"es","potentialAction":[{"@type":"ReadAction","target":["https:\/\/www.casalmamenorca.com\/es\/aviso-legal\/"]}]},{"@type":"BreadcrumbList","@id":"https:\/\/www.casalmamenorca.com\/es\/aviso-legal\/#breadcrumb","itemListElement":[{"@type":"ListItem","position":1,"name":"Accueil","item":"https:\/\/www.casalmamenorca.com\/es\/inicio\/"},{"@type":"ListItem","position":2,"name":"Aviso legal"}]},{"@type":"WebSite","@id":"https:\/\/www.casalmamenorca.com\/es\/#website","url":"https:\/\/www.casalmamenorca.com\/es\/","name":"Casalma Menorca","description":"Objets porteurs d&#039;histoire","potentialAction":[{"@type":"SearchAction","target":{"@type":"EntryPoint","urlTemplate":"https:\/\/www.casalmamenorca.com\/es\/?s={search_term_string}"},"query-input":{"@type":"PropertyValueSpecification","valueRequired":true,"valueName":"search_term_string"}}],"inLanguage":"es"}]}},"jetpack_sharing_enabled":true,"_links":{"self":[{"href":"https:\/\/www.casalmamenorca.com\/es\/wp-json\/wp\/v2\/pages\/1365","targetHints":{"allow":["GET"]}}],"collection":[{"href":"https:\/\/www.casalmamenorca.com\/es\/wp-json\/wp\/v2\/pages"}],"about":[{"href":"https:\/\/www.casalmamenorca.com\/es\/wp-json\/wp\/v2\/types\/page"}],"author":[{"embeddable":true,"href":"https:\/\/www.casalmamenorca.com\/es\/wp-json\/wp\/v2\/users\/1"}],"replies":[{"embeddable":true,"href":"https:\/\/www.casalmamenorca.com\/es\/wp-json\/wp\/v2\/comments?post=1365"}],"version-history":[{"count":8,"href":"https:\/\/www.casalmamenorca.com\/es\/wp-json\/wp\/v2\/pages\/1365\/revisions"}],"predecessor-version":[{"id":2151,"href":"https:\/\/www.casalmamenorca.com\/es\/wp-json\/wp\/v2\/pages\/1365\/revisions\/2151"}],"wp:attachment":[{"href":"https:\/\/www.casalmamenorca.com\/es\/wp-json\/wp\/v2\/media?parent=1365"}],"curies":[{"name":"wp","href":"https:\/\/api.w.org\/{rel}","templated":true}]}}