{"id":1352,"date":"2025-11-24T11:40:19","date_gmt":"2025-11-24T11:40:19","guid":{"rendered":"https:\/\/www.casalmamenorca.com\/condiciones-de-devolucion\/"},"modified":"2025-11-25T17:35:26","modified_gmt":"2025-11-25T17:35:26","slug":"condiciones-de-devolucion","status":"publish","type":"page","link":"https:\/\/www.casalmamenorca.com\/es\/condiciones-de-devolucion\/","title":{"rendered":"Condiciones de devoluci\u00f3n"},"content":{"rendered":"<p>[et_pb_section fb_built=\u00bb1&#8243; _builder_version=\u00bb4.27.4&#8243; _module_preset=\u00bbdefault\u00bb background_image=\u00bbhttps:\/\/www.casalmamenorca.com\/wp-content\/uploads\/2025\/11\/9B0A9323.jpg\u00bb height=\u00bb30vh\u00bb height_tablet=\u00bb30vh\u00bb height_phone=\u00bb21vh\u00bb height_last_edited=\u00bbon|phone\u00bb global_colors_info=\u00bb{}\u00bb][et_pb_row _builder_version=\u00bb4.27.4&#8243; _module_preset=\u00bbdefault\u00bb global_colors_info=\u00bb{}\u00bb][et_pb_column type=\u00bb4_4&#8243; _builder_version=\u00bb4.27.4&#8243; _module_preset=\u00bbdefault\u00bb global_colors_info=\u00bb{}\u00bb][\/et_pb_column][\/et_pb_row][\/et_pb_section][et_pb_section fb_built=\u00bb1&#8243; _builder_version=\u00bb4.27.4&#8243; _module_preset=\u00bbdefault\u00bb background_color=\u00bb#F5F4F0&#8243; custom_padding=\u00bb||||false|false\u00bb global_colors_info=\u00bb{}\u00bb][et_pb_row _builder_version=\u00bb4.27.4&#8243; _module_preset=\u00bbdefault\u00bb width=\u00bb50%\u00bb width_tablet=\u00bb50%\u00bb width_phone=\u00bb80%\u00bb width_last_edited=\u00bbon|phone\u00bb global_colors_info=\u00bb{}\u00bb][et_pb_column type=\u00bb4_4&#8243; _builder_version=\u00bb4.27.4&#8243; _module_preset=\u00bbdefault\u00bb global_colors_info=\u00bb{}\u00bb][et_pb_text _builder_version=\u00bb4.27.4&#8243; _module_preset=\u00bbdefault\u00bb text_font=\u00bbCormorant Garamond||||||||\u00bb text_text_color=\u00bb#46331C\u00bb text_font_size=\u00bb26px\u00bb text_line_height=\u00bb1em\u00bb hover_enabled=\u00bb0&#8243; text_font_size_tablet=\u00bb36px\u00bb text_font_size_phone=\u00bb33px\u00bb text_font_size_last_edited=\u00bbon|phone\u00bb global_colors_info=\u00bb{}\u00bb sticky_enabled=\u00bb0&#8243;]<\/p>\n<p style=\"text-align: center;\"><span>Condiciones de devoluci\u00f3n<\/span><\/p>\n<p>[\/et_pb_text][\/et_pb_column][\/et_pb_row][\/et_pb_section][et_pb_section fb_built=\u00bb1&#8243; _builder_version=\u00bb4.27.4&#8243; _module_preset=\u00bbdefault\u00bb background_color=\u00bb#F5F4F0&#8243; custom_margin=\u00bb||||false|false\u00bb custom_padding=\u00bb0px||||false|false\u00bb global_colors_info=\u00bb{}\u00bb][et_pb_row _builder_version=\u00bb4.27.4&#8243; _module_preset=\u00bbdefault\u00bb global_colors_info=\u00bb{}\u00bb][et_pb_column type=\u00bb4_4&#8243; _builder_version=\u00bb4.27.4&#8243; _module_preset=\u00bbdefault\u00bb global_colors_info=\u00bb{}\u00bb][et_pb_text _builder_version=\u00bb4.27.4&#8243; _module_preset=\u00bbdefault\u00bb text_font=\u00bbNEUEHAAS ROMAN|||on|||||\u00bb text_text_color=\u00bb#46331C\u00bb text_font_size=\u00bb10px\u00bb text_letter_spacing=\u00bb2px\u00bb custom_margin=\u00bb||0px||false|false\u00bb custom_padding=\u00bb||||false|false\u00bb hover_enabled=\u00bb0&#8243; global_colors_info=\u00bb{}\u00bb sticky_enabled=\u00bb0&#8243;]<\/p>\n<p><span>Devoluciones y cambios<\/span><\/p>\n<p>[\/et_pb_text][et_pb_text _builder_version=\u00bb4.27.4&#8243; _module_preset=\u00bbdefault\u00bb text_font=\u00bbNEUEHAAS ROMAN||||||||\u00bb text_text_color=\u00bb#46331C\u00bb hover_enabled=\u00bb0&#8243; global_colors_info=\u00bb{}\u00bb sticky_enabled=\u00bb0&#8243;]<\/p>\n<p>Aceptamos devoluciones dentro de los 14 d\u00edas posteriores a la recepci\u00f3n de tu pedido. Los art\u00edculos deben devolverse nuevos, sin usar, sin instalar, en su estado original, con su embalaje inicial y todos sus accesorios.<\/p>\n<p><span>Las devoluciones que no cumplan estas condiciones no podr\u00e1n ser aceptadas.<\/span><\/p>\n<p>[\/et_pb_text][et_pb_text _builder_version=\u00bb4.27.4&#8243; _module_preset=\u00bbdefault\u00bb text_font=\u00bbNEUEHAAS ROMAN|||on|||||\u00bb text_text_color=\u00bb#46331C\u00bb text_font_size=\u00bb10px\u00bb text_letter_spacing=\u00bb2px\u00bb custom_margin=\u00bb||0px||false|false\u00bb custom_padding=\u00bb||||false|false\u00bb hover_enabled=\u00bb0&#8243; global_colors_info=\u00bb{}\u00bb sticky_enabled=\u00bb0&#8243;]<\/p>\n<p><span>Art\u00edculos excluidos de devoluci\u00f3n<\/span><\/p>\n<p>[\/et_pb_text][et_pb_text _builder_version=\u00bb4.27.4&#8243; _module_preset=\u00bbdefault\u00bb text_font=\u00bbNEUEHAAS ROMAN||||||||\u00bb text_text_color=\u00bb#46331C\u00bb hover_enabled=\u00bb0&#8243; global_colors_info=\u00bb{}\u00bb sticky_enabled=\u00bb0&#8243;]<\/p>\n<p><span>Por razones de fragilidad o de fabricaci\u00f3n artesanal, algunos art\u00edculos no pueden devolverse:<br \/><\/span>\u2022 Piezas a medida o hechas por encargo<br \/>\u2022 Piezas artesanales \u00fanicas con variaciones naturales (color, textura, forma)<br \/>\u2022 Muebles de gran tama\u00f1o<br \/>\u2022 Art\u00edculos en promoci\u00f3n o con c\u00f3digo de descuento especial<br \/>\u2022 Productos sellados abiertos (cosm\u00e9ticos, perfumes de hogar\u2026)<\/p>\n<p>[\/et_pb_text][et_pb_text _builder_version=\u00bb4.27.4&#8243; _module_preset=\u00bbdefault\u00bb text_font=\u00bbNEUEHAAS ROMAN|||on|||||\u00bb text_text_color=\u00bb#46331C\u00bb text_font_size=\u00bb10px\u00bb text_letter_spacing=\u00bb2px\u00bb custom_margin=\u00bb||0px||false|false\u00bb custom_padding=\u00bb||||false|false\u00bb hover_enabled=\u00bb0&#8243; global_colors_info=\u00bb{}\u00bb sticky_enabled=\u00bb0&#8243;]<\/p>\n<p><span>Procedimiento de devoluci\u00f3n<\/span><\/p>\n<p>[\/et_pb_text][et_pb_text _builder_version=\u00bb4.27.4&#8243; _module_preset=\u00bbdefault\u00bb text_font=\u00bbNEUEHAAS ROMAN||||||||\u00bb text_text_color=\u00bb#46331C\u00bb hover_enabled=\u00bb0&#8243; global_colors_info=\u00bb{}\u00bb sticky_enabled=\u00bb0&#8243;]<\/p>\n<p> <span>1. Cont\u00e1ctanos previamente por email a <span style=\"font-family: UICTFontTextStyleEmphasizedBody;\"><b><a href=\"mailto:contact@casalmamenorca.com\" target=\"_blank\" rel=\"noopener\">contact@casalmamenorca.com<\/a><\/b><\/span><\/span><span> indicando:<br \/><\/span>\u2022 el n\u00famero de pedido<br \/>\u2022 los art\u00edculos correspondientes<br \/>\u2022 el motivo de la devoluci\u00f3n<\/p>\n<p><span>  2. 2. Tras la validaci\u00f3n de nuestro equipo, recibir\u00e1s la direcci\u00f3n de devoluci\u00f3n y las instrucciones de env\u00edo.<\/span><\/p>\n<p><span>  3. 3. Los art\u00edculos deben ser cuidadosamente reempaquetados para garantizar un transporte seguro.<\/span><\/p>\n<p> 4. Los gastos de devoluci\u00f3n corren a cargo del cliente, salvo error por nuestra parte o producto defectuoso.<\/p>\n<p>[\/et_pb_text][et_pb_text _builder_version=\u00bb4.27.4&#8243; _module_preset=\u00bbdefault\u00bb text_font=\u00bbNEUEHAAS ROMAN|||on|||||\u00bb text_text_color=\u00bb#46331C\u00bb text_font_size=\u00bb10px\u00bb text_letter_spacing=\u00bb2px\u00bb custom_margin=\u00bb||0px||false|false\u00bb custom_padding=\u00bb||||false|false\u00bb hover_enabled=\u00bb0&#8243; global_colors_info=\u00bb{}\u00bb sticky_enabled=\u00bb0&#8243;]<\/p>\n<p><span>Reembolsos<\/span><\/p>\n<p>[\/et_pb_text][et_pb_text _builder_version=\u00bb4.27.4&#8243; _module_preset=\u00bbdefault\u00bb text_font=\u00bbNEUEHAAS ROMAN||||||||\u00bb text_text_color=\u00bb#46331C\u00bb hover_enabled=\u00bb0&#8243; global_colors_info=\u00bb{}\u00bb sticky_enabled=\u00bb0&#8243;]<\/p>\n<p>Una vez recibido y comprobado tu retorno, el reembolso se realizar\u00e1 en un plazo de 7 a 10 d\u00edas laborables mediante el mismo m\u00e9todo de pago utilizado en la compra.<\/p>\n<p><span>Los gastos de env\u00edo iniciales no son reembolsables, salvo en caso de producto defectuoso o error en la preparaci\u00f3n.<\/span><\/p>\n<p>[\/et_pb_text][et_pb_text _builder_version=\u00bb4.27.4&#8243; _module_preset=\u00bbdefault\u00bb text_font=\u00bbNEUEHAAS ROMAN|||on|||||\u00bb text_text_color=\u00bb#46331C\u00bb text_font_size=\u00bb10px\u00bb text_letter_spacing=\u00bb2px\u00bb custom_margin=\u00bb||0px||false|false\u00bb custom_padding=\u00bb||||false|false\u00bb hover_enabled=\u00bb0&#8243; global_colors_info=\u00bb{}\u00bb sticky_enabled=\u00bb0&#8243;]<\/p>\n<p><span>Art\u00edculos da\u00f1ados en la entrega<\/span><\/p>\n<p>[\/et_pb_text][et_pb_text _builder_version=\u00bb4.27.4&#8243; _module_preset=\u00bbdefault\u00bb text_font=\u00bbNEUEHAAS ROMAN||||||||\u00bb text_text_color=\u00bb#46331C\u00bb hover_enabled=\u00bb0&#8243; global_colors_info=\u00bb{}\u00bb sticky_enabled=\u00bb0&#8243;]<\/p>\n<p><span>Si tu pedido llega da\u00f1ado, debes contactarnos en un plazo de 48 horas con:<br \/><\/span>\u2022 una descripci\u00f3n del problema<br \/>\u2022 fotos del paquete y del art\u00edculo<br \/>\u2022 el n\u00famero de pedido<\/p>\n<p><span>Abriremos una reclamaci\u00f3n con el transportista y te ofreceremos una soluci\u00f3n (cambio, vale o reembolso).<\/span><\/p>\n<p>[\/et_pb_text][et_pb_text _builder_version=\u00bb4.27.4&#8243; _module_preset=\u00bbdefault\u00bb text_font=\u00bbNEUEHAAS ROMAN|||on|||||\u00bb text_text_color=\u00bb#46331C\u00bb text_font_size=\u00bb10px\u00bb text_letter_spacing=\u00bb2px\u00bb custom_margin=\u00bb||0px||false|false\u00bb custom_padding=\u00bb||||false|false\u00bb hover_enabled=\u00bb0&#8243; global_colors_info=\u00bb{}\u00bb sticky_enabled=\u00bb0&#8243;]<\/p>\n<p><span>Cambios<\/span><\/p>\n<p>[\/et_pb_text][et_pb_text _builder_version=\u00bb4.27.4&#8243; _module_preset=\u00bbdefault\u00bb text_font=\u00bbNEUEHAAS ROMAN||||||||\u00bb text_text_color=\u00bb#46331C\u00bb hover_enabled=\u00bb0&#8243; global_colors_info=\u00bb{}\u00bb sticky_enabled=\u00bb0&#8243;]<\/p>\n<p><span>No realizamos cambios directos.<br \/><\/span>Para cambiar un art\u00edculo, solo tienes que devolver el producto y realizar un nuevo pedido.<\/p>\n<p>[\/et_pb_text][et_pb_text _builder_version=\u00bb4.27.4&#8243; _module_preset=\u00bbdefault\u00bb text_font=\u00bbNEUEHAAS ROMAN|||on|||||\u00bb text_text_color=\u00bb#46331C\u00bb text_font_size=\u00bb10px\u00bb text_letter_spacing=\u00bb2px\u00bb custom_margin=\u00bb||0px||false|false\u00bb custom_padding=\u00bb||||false|false\u00bb hover_enabled=\u00bb0&#8243; global_colors_info=\u00bb{}\u00bb sticky_enabled=\u00bb0&#8243;]<\/p>\n<p><span>Mobiliario y piezas voluminosas<\/span><\/p>\n<p>[\/et_pb_text][et_pb_text _builder_version=\u00bb4.27.4&#8243; _module_preset=\u00bbdefault\u00bb text_font=\u00bbNEUEHAAS ROMAN||||||||\u00bb text_text_color=\u00bb#46331C\u00bb hover_enabled=\u00bb0&#8243; global_colors_info=\u00bb{}\u00bb sticky_enabled=\u00bb0&#8243;]<\/p>\n<p>Para mobiliario o piezas grandes (mesas, sillones, espejos, luminarias XL), las devoluciones deben gestionarse caso por caso.<br \/>Por favor, cont\u00e1ctanos antes de cualquier devoluci\u00f3n; pueden aplicarse gastos espec\u00edficos de transporte<\/p>\n<p>[\/et_pb_text][\/et_pb_column][\/et_pb_row][\/et_pb_section]<\/p>\n","protected":false},"excerpt":{"rendered":"<p>Condiciones de devoluci\u00f3nDevoluciones y cambiosAceptamos devoluciones dentro de los 14 d\u00edas posteriores a la recepci\u00f3n de tu pedido. Los art\u00edculos deben devolverse nuevos, sin usar, sin instalar, en su estado original, con su embalaje inicial y todos sus accesorios. Las devoluciones que no cumplan estas condiciones no podr\u00e1n ser aceptadas.Art\u00edculos excluidos de devoluci\u00f3nPor razones de [&hellip;]<\/p>\n","protected":false},"author":1,"featured_media":0,"parent":0,"menu_order":0,"comment_status":"closed","ping_status":"closed","template":"","meta":{"_et_pb_use_builder":"on","_et_pb_old_content":"","_et_gb_content_width":"","inline_featured_image":false,"footnotes":""},"class_list":["post-1352","page","type-page","status-publish","hentry"],"yoast_head":"<!-- This site is optimized with the Yoast SEO plugin v27.2 - https:\/\/yoast.com\/product\/yoast-seo-wordpress\/ -->\n<title>Pol\u00edtica de devoluciones \u2013 Condiciones de cambios y devoluciones | Casalma Menorca<\/title>\n<meta name=\"description\" content=\"Pol\u00edtica de devoluciones Casalma: plazos, condiciones y proceso para devoluciones y cambios. Todo lo necesario para comprar con tranquilidad.\" \/>\n<meta name=\"robots\" content=\"index, follow, max-snippet:-1, max-image-preview:large, max-video-preview:-1\" \/>\n<link rel=\"canonical\" href=\"https:\/\/www.casalmamenorca.com\/es\/condiciones-de-devolucion\/\" \/>\n<meta property=\"og:locale\" content=\"es_ES\" \/>\n<meta property=\"og:type\" content=\"article\" \/>\n<meta property=\"og:title\" content=\"Pol\u00edtica de devoluciones \u2013 Condiciones de cambios y devoluciones | Casalma Menorca\" \/>\n<meta property=\"og:description\" content=\"Pol\u00edtica de devoluciones Casalma: plazos, condiciones y proceso para devoluciones y cambios. Todo lo necesario para comprar con tranquilidad.\" \/>\n<meta property=\"og:url\" content=\"https:\/\/www.casalmamenorca.com\/es\/condiciones-de-devolucion\/\" \/>\n<meta property=\"og:site_name\" content=\"Casalma Menorca\" \/>\n<meta property=\"article:modified_time\" content=\"2025-11-25T17:35:26+00:00\" \/>\n<meta name=\"twitter:card\" content=\"summary_large_image\" \/>\n<meta name=\"twitter:label1\" content=\"Tiempo de lectura\" \/>\n\t<meta name=\"twitter:data1\" content=\"5 minutos\" \/>\n<script type=\"application\/ld+json\" class=\"yoast-schema-graph\">{\"@context\":\"https:\/\/schema.org\",\"@graph\":[{\"@type\":\"WebPage\",\"@id\":\"https:\/\/www.casalmamenorca.com\/es\/condiciones-de-devolucion\/\",\"url\":\"https:\/\/www.casalmamenorca.com\/es\/condiciones-de-devolucion\/\",\"name\":\"Pol\u00edtica de devoluciones \u2013 Condiciones de cambios y devoluciones | Casalma Menorca\",\"isPartOf\":{\"@id\":\"https:\/\/www.casalmamenorca.com\/es\/#website\"},\"datePublished\":\"2025-11-24T11:40:19+00:00\",\"dateModified\":\"2025-11-25T17:35:26+00:00\",\"description\":\"Pol\u00edtica de devoluciones Casalma: plazos, condiciones y proceso para devoluciones y cambios. Todo lo necesario para comprar con tranquilidad.\",\"breadcrumb\":{\"@id\":\"https:\/\/www.casalmamenorca.com\/es\/condiciones-de-devolucion\/#breadcrumb\"},\"inLanguage\":\"es\",\"potentialAction\":[{\"@type\":\"ReadAction\",\"target\":[\"https:\/\/www.casalmamenorca.com\/es\/condiciones-de-devolucion\/\"]}]},{\"@type\":\"BreadcrumbList\",\"@id\":\"https:\/\/www.casalmamenorca.com\/es\/condiciones-de-devolucion\/#breadcrumb\",\"itemListElement\":[{\"@type\":\"ListItem\",\"position\":1,\"name\":\"Accueil\",\"item\":\"https:\/\/www.casalmamenorca.com\/es\/inicio\/\"},{\"@type\":\"ListItem\",\"position\":2,\"name\":\"Condiciones de devoluci\u00f3n\"}]},{\"@type\":\"WebSite\",\"@id\":\"https:\/\/www.casalmamenorca.com\/es\/#website\",\"url\":\"https:\/\/www.casalmamenorca.com\/es\/\",\"name\":\"Casalma Menorca\",\"description\":\"Objets porteurs d&#039;histoire\",\"potentialAction\":[{\"@type\":\"SearchAction\",\"target\":{\"@type\":\"EntryPoint\",\"urlTemplate\":\"https:\/\/www.casalmamenorca.com\/es\/?s={search_term_string}\"},\"query-input\":{\"@type\":\"PropertyValueSpecification\",\"valueRequired\":true,\"valueName\":\"search_term_string\"}}],\"inLanguage\":\"es\"}]}<\/script>\n<!-- \/ Yoast SEO plugin. -->","yoast_head_json":{"title":"Pol\u00edtica de devoluciones \u2013 Condiciones de cambios y devoluciones | Casalma Menorca","description":"Pol\u00edtica de devoluciones Casalma: plazos, condiciones y proceso para devoluciones y cambios. Todo lo necesario para comprar con tranquilidad.","robots":{"index":"index","follow":"follow","max-snippet":"max-snippet:-1","max-image-preview":"max-image-preview:large","max-video-preview":"max-video-preview:-1"},"canonical":"https:\/\/www.casalmamenorca.com\/es\/condiciones-de-devolucion\/","og_locale":"es_ES","og_type":"article","og_title":"Pol\u00edtica de devoluciones \u2013 Condiciones de cambios y devoluciones | Casalma Menorca","og_description":"Pol\u00edtica de devoluciones Casalma: plazos, condiciones y proceso para devoluciones y cambios. Todo lo necesario para comprar con tranquilidad.","og_url":"https:\/\/www.casalmamenorca.com\/es\/condiciones-de-devolucion\/","og_site_name":"Casalma Menorca","article_modified_time":"2025-11-25T17:35:26+00:00","twitter_card":"summary_large_image","twitter_misc":{"Tiempo de lectura":"5 minutos"},"schema":{"@context":"https:\/\/schema.org","@graph":[{"@type":"WebPage","@id":"https:\/\/www.casalmamenorca.com\/es\/condiciones-de-devolucion\/","url":"https:\/\/www.casalmamenorca.com\/es\/condiciones-de-devolucion\/","name":"Pol\u00edtica de devoluciones \u2013 Condiciones de cambios y devoluciones | Casalma Menorca","isPartOf":{"@id":"https:\/\/www.casalmamenorca.com\/es\/#website"},"datePublished":"2025-11-24T11:40:19+00:00","dateModified":"2025-11-25T17:35:26+00:00","description":"Pol\u00edtica de devoluciones Casalma: plazos, condiciones y proceso para devoluciones y cambios. Todo lo necesario para comprar con tranquilidad.","breadcrumb":{"@id":"https:\/\/www.casalmamenorca.com\/es\/condiciones-de-devolucion\/#breadcrumb"},"inLanguage":"es","potentialAction":[{"@type":"ReadAction","target":["https:\/\/www.casalmamenorca.com\/es\/condiciones-de-devolucion\/"]}]},{"@type":"BreadcrumbList","@id":"https:\/\/www.casalmamenorca.com\/es\/condiciones-de-devolucion\/#breadcrumb","itemListElement":[{"@type":"ListItem","position":1,"name":"Accueil","item":"https:\/\/www.casalmamenorca.com\/es\/inicio\/"},{"@type":"ListItem","position":2,"name":"Condiciones de devoluci\u00f3n"}]},{"@type":"WebSite","@id":"https:\/\/www.casalmamenorca.com\/es\/#website","url":"https:\/\/www.casalmamenorca.com\/es\/","name":"Casalma Menorca","description":"Objets porteurs d&#039;histoire","potentialAction":[{"@type":"SearchAction","target":{"@type":"EntryPoint","urlTemplate":"https:\/\/www.casalmamenorca.com\/es\/?s={search_term_string}"},"query-input":{"@type":"PropertyValueSpecification","valueRequired":true,"valueName":"search_term_string"}}],"inLanguage":"es"}]}},"jetpack_sharing_enabled":true,"_links":{"self":[{"href":"https:\/\/www.casalmamenorca.com\/es\/wp-json\/wp\/v2\/pages\/1352","targetHints":{"allow":["GET"]}}],"collection":[{"href":"https:\/\/www.casalmamenorca.com\/es\/wp-json\/wp\/v2\/pages"}],"about":[{"href":"https:\/\/www.casalmamenorca.com\/es\/wp-json\/wp\/v2\/types\/page"}],"author":[{"embeddable":true,"href":"https:\/\/www.casalmamenorca.com\/es\/wp-json\/wp\/v2\/users\/1"}],"replies":[{"embeddable":true,"href":"https:\/\/www.casalmamenorca.com\/es\/wp-json\/wp\/v2\/comments?post=1352"}],"version-history":[{"count":4,"href":"https:\/\/www.casalmamenorca.com\/es\/wp-json\/wp\/v2\/pages\/1352\/revisions"}],"predecessor-version":[{"id":1434,"href":"https:\/\/www.casalmamenorca.com\/es\/wp-json\/wp\/v2\/pages\/1352\/revisions\/1434"}],"wp:attachment":[{"href":"https:\/\/www.casalmamenorca.com\/es\/wp-json\/wp\/v2\/media?parent=1352"}],"curies":[{"name":"wp","href":"https:\/\/api.w.org\/{rel}","templated":true}]}}