{"id":1334,"date":"2025-11-16T17:44:07","date_gmt":"2025-11-16T17:44:07","guid":{"rendered":"https:\/\/www.casalmamenorca.com\/nuestra-coleccion\/"},"modified":"2025-11-28T09:30:08","modified_gmt":"2025-11-28T09:30:08","slug":"nuestra-coleccion","status":"publish","type":"page","link":"https:\/\/www.casalmamenorca.com\/es\/nuestra-coleccion\/","title":{"rendered":"Nuestra colecci\u00f3n"},"content":{"rendered":"<p>[et_pb_section fb_built=\u00bb1&#8243; _builder_version=\u00bb4.27.4&#8243; _module_preset=\u00bbdefault\u00bb background_image=\u00bbhttps:\/\/www.casalmamenorca.com\/wp-content\/uploads\/2025\/11\/collection-casalma.jpg\u00bb height=\u00bb30vh\u00bb height_tablet=\u00bb30vh\u00bb height_phone=\u00bb21vh\u00bb height_last_edited=\u00bbon|phone\u00bb global_colors_info=\u00bb{}\u00bb][et_pb_row _builder_version=\u00bb4.27.4&#8243; _module_preset=\u00bbdefault\u00bb global_colors_info=\u00bb{}\u00bb][et_pb_column type=\u00bb4_4&#8243; _builder_version=\u00bb4.27.4&#8243; _module_preset=\u00bbdefault\u00bb global_colors_info=\u00bb{}\u00bb][\/et_pb_column][\/et_pb_row][\/et_pb_section][et_pb_section fb_built=\u00bb1&#8243; _builder_version=\u00bb4.27.4&#8243; _module_preset=\u00bbdefault\u00bb background_color=\u00bb#F5F4F0&#8243; custom_margin=\u00bb||||false|false\u00bb custom_padding=\u00bb||0px||false|false\u00bb global_colors_info=\u00bb{}\u00bb][et_pb_row _builder_version=\u00bb4.27.4&#8243; _module_preset=\u00bbdefault\u00bb width=\u00bb50%\u00bb width_tablet=\u00bb50%\u00bb width_phone=\u00bb90%\u00bb width_last_edited=\u00bbon|phone\u00bb global_colors_info=\u00bb{}\u00bb][et_pb_column type=\u00bb4_4&#8243; _builder_version=\u00bb4.27.4&#8243; _module_preset=\u00bbdefault\u00bb global_colors_info=\u00bb{}\u00bb][et_pb_text _builder_version=\u00bb4.27.4&#8243; _module_preset=\u00bbdefault\u00bb text_font=\u00bbNEUEHAAS ROMAN|||on|||||\u00bb text_text_color=\u00bb#46331C\u00bb text_font_size=\u00bb10px\u00bb text_letter_spacing=\u00bb2px\u00bb module_alignment=\u00bbcenter\u00bb global_colors_info=\u00bb{}\u00bb]<\/p>\n<p style=\"text-align: center;\">nuestra colecci\u00f3n<\/p>\n<p>[\/et_pb_text][et_pb_text _builder_version=\u00bb4.27.4&#8243; _module_preset=\u00bbdefault\u00bb text_font=\u00bbCormorant Garamond||||||||\u00bb text_text_color=\u00bb#46331C\u00bb text_font_size=\u00bb36px\u00bb text_line_height=\u00bb1.2em\u00bb module_alignment=\u00bbcenter\u00bb text_font_size_tablet=\u00bb36px\u00bb text_font_size_phone=\u00bb33px\u00bb text_font_size_last_edited=\u00bbon|phone\u00bb global_colors_info=\u00bb{}\u00bb]<\/p>\n<p style=\"text-align: center;\">Una colecci\u00f3n de art\u00edculos y muebles cuidadosamente seleccionados para usted<\/p>\n<p>[\/et_pb_text][\/et_pb_column][\/et_pb_row][\/et_pb_section][et_pb_section fb_built=\u00bb1&#8243; _builder_version=\u00bb4.27.4&#8243; _module_preset=\u00bbdefault\u00bb background_color=\u00bb#F5F4F0&#8243; custom_padding=\u00bb0px||||false|false\u00bb global_colors_info=\u00bb{}\u00bb][et_pb_row _builder_version=\u00bb4.27.4&#8243; _module_preset=\u00bbdefault\u00bb width=\u00bb100%\u00bb max_width=\u00bb1700px\u00bb custom_padding=\u00bb|3vw||3vw|false|false\u00bb global_colors_info=\u00bb{}\u00bb][et_pb_column type=\u00bb4_4&#8243; _builder_version=\u00bb4.27.4&#8243; _module_preset=\u00bbdefault\u00bb global_colors_info=\u00bb{}\u00bb][et_pb_shop _builder_version=\u00bb4.27.4&#8243; _module_preset=\u00bbdefault\u00bb show_rating=\u00bboff\u00bb show_sale_badge=\u00bboff\u00bb show_pagination=\u00bbon\u00bb type=\u00bbproduct_category\u00bb include_categories=\u00bball\u00bb hover_enabled=\u00bb0&#8243; sticky_enabled=\u00bb0&#8243;][\/et_pb_shop][\/et_pb_column][\/et_pb_row][\/et_pb_section]<\/p>\n","protected":false},"excerpt":{"rendered":"<p>nuestra colecci\u00f3nUna colecci\u00f3n de art\u00edculos y muebles cuidadosamente seleccionados para usted<\/p>\n","protected":false},"author":1,"featured_media":0,"parent":0,"menu_order":0,"comment_status":"closed","ping_status":"closed","template":"","meta":{"_et_pb_use_builder":"on","_et_pb_old_content":"","_et_gb_content_width":"","inline_featured_image":false,"footnotes":""},"class_list":["post-1334","page","type-page","status-publish","hentry"],"yoast_head":"<!-- This site is optimized with the Yoast SEO plugin v27.2 - https:\/\/yoast.com\/product\/yoast-seo-wordpress\/ -->\n<title>Nuestra Colecci\u00f3n \u2013 Decoraci\u00f3n, mobiliario y piezas artesanales | Casalma Menorca<\/title>\n<meta name=\"description\" content=\"Descubra la colecci\u00f3n Casalma Menorca: mobiliario, objetos de decoraci\u00f3n, art\u00edculos de mesa y piezas artesanales inspiradas en el alma mediterr\u00e1nea.\" \/>\n<meta name=\"robots\" content=\"index, follow, max-snippet:-1, max-image-preview:large, max-video-preview:-1\" \/>\n<link rel=\"canonical\" href=\"https:\/\/www.casalmamenorca.com\/es\/nuestra-coleccion\/\" \/>\n<meta property=\"og:locale\" content=\"es_ES\" \/>\n<meta property=\"og:type\" content=\"article\" \/>\n<meta property=\"og:title\" content=\"Nuestra Colecci\u00f3n \u2013 Decoraci\u00f3n, mobiliario y piezas artesanales | Casalma Menorca\" \/>\n<meta property=\"og:description\" content=\"Descubra la colecci\u00f3n Casalma Menorca: mobiliario, objetos de decoraci\u00f3n, art\u00edculos de mesa y piezas artesanales inspiradas en el alma mediterr\u00e1nea.\" \/>\n<meta property=\"og:url\" content=\"https:\/\/www.casalmamenorca.com\/es\/nuestra-coleccion\/\" \/>\n<meta property=\"og:site_name\" content=\"Casalma Menorca\" \/>\n<meta property=\"article:modified_time\" content=\"2025-11-28T09:30:08+00:00\" \/>\n<meta name=\"twitter:card\" content=\"summary_large_image\" \/>\n<meta name=\"twitter:label1\" content=\"Tiempo de lectura\" \/>\n\t<meta name=\"twitter:data1\" content=\"2 minutos\" \/>\n<script type=\"application\/ld+json\" class=\"yoast-schema-graph\">{\"@context\":\"https:\/\/schema.org\",\"@graph\":[{\"@type\":\"WebPage\",\"@id\":\"https:\/\/www.casalmamenorca.com\/es\/nuestra-coleccion\/\",\"url\":\"https:\/\/www.casalmamenorca.com\/es\/nuestra-coleccion\/\",\"name\":\"Nuestra Colecci\u00f3n \u2013 Decoraci\u00f3n, mobiliario y piezas artesanales | Casalma Menorca\",\"isPartOf\":{\"@id\":\"https:\/\/www.casalmamenorca.com\/es\/#website\"},\"datePublished\":\"2025-11-16T17:44:07+00:00\",\"dateModified\":\"2025-11-28T09:30:08+00:00\",\"description\":\"Descubra la colecci\u00f3n Casalma Menorca: mobiliario, objetos de decoraci\u00f3n, art\u00edculos de mesa y piezas artesanales inspiradas en el alma mediterr\u00e1nea.\",\"breadcrumb\":{\"@id\":\"https:\/\/www.casalmamenorca.com\/es\/nuestra-coleccion\/#breadcrumb\"},\"inLanguage\":\"es\",\"potentialAction\":[{\"@type\":\"ReadAction\",\"target\":[\"https:\/\/www.casalmamenorca.com\/es\/nuestra-coleccion\/\"]}]},{\"@type\":\"BreadcrumbList\",\"@id\":\"https:\/\/www.casalmamenorca.com\/es\/nuestra-coleccion\/#breadcrumb\",\"itemListElement\":[{\"@type\":\"ListItem\",\"position\":1,\"name\":\"Accueil\",\"item\":\"https:\/\/www.casalmamenorca.com\/es\/inicio\/\"},{\"@type\":\"ListItem\",\"position\":2,\"name\":\"Nuestra colecci\u00f3n\"}]},{\"@type\":\"WebSite\",\"@id\":\"https:\/\/www.casalmamenorca.com\/es\/#website\",\"url\":\"https:\/\/www.casalmamenorca.com\/es\/\",\"name\":\"Casalma Menorca\",\"description\":\"Objets porteurs d&#039;histoire\",\"potentialAction\":[{\"@type\":\"SearchAction\",\"target\":{\"@type\":\"EntryPoint\",\"urlTemplate\":\"https:\/\/www.casalmamenorca.com\/es\/?s={search_term_string}\"},\"query-input\":{\"@type\":\"PropertyValueSpecification\",\"valueRequired\":true,\"valueName\":\"search_term_string\"}}],\"inLanguage\":\"es\"}]}<\/script>\n<!-- \/ Yoast SEO plugin. -->","yoast_head_json":{"title":"Nuestra Colecci\u00f3n \u2013 Decoraci\u00f3n, mobiliario y piezas artesanales | Casalma Menorca","description":"Descubra la colecci\u00f3n Casalma Menorca: mobiliario, objetos de decoraci\u00f3n, art\u00edculos de mesa y piezas artesanales inspiradas en el alma mediterr\u00e1nea.","robots":{"index":"index","follow":"follow","max-snippet":"max-snippet:-1","max-image-preview":"max-image-preview:large","max-video-preview":"max-video-preview:-1"},"canonical":"https:\/\/www.casalmamenorca.com\/es\/nuestra-coleccion\/","og_locale":"es_ES","og_type":"article","og_title":"Nuestra Colecci\u00f3n \u2013 Decoraci\u00f3n, mobiliario y piezas artesanales | Casalma Menorca","og_description":"Descubra la colecci\u00f3n Casalma Menorca: mobiliario, objetos de decoraci\u00f3n, art\u00edculos de mesa y piezas artesanales inspiradas en el alma mediterr\u00e1nea.","og_url":"https:\/\/www.casalmamenorca.com\/es\/nuestra-coleccion\/","og_site_name":"Casalma Menorca","article_modified_time":"2025-11-28T09:30:08+00:00","twitter_card":"summary_large_image","twitter_misc":{"Tiempo de lectura":"2 minutos"},"schema":{"@context":"https:\/\/schema.org","@graph":[{"@type":"WebPage","@id":"https:\/\/www.casalmamenorca.com\/es\/nuestra-coleccion\/","url":"https:\/\/www.casalmamenorca.com\/es\/nuestra-coleccion\/","name":"Nuestra Colecci\u00f3n \u2013 Decoraci\u00f3n, mobiliario y piezas artesanales | Casalma Menorca","isPartOf":{"@id":"https:\/\/www.casalmamenorca.com\/es\/#website"},"datePublished":"2025-11-16T17:44:07+00:00","dateModified":"2025-11-28T09:30:08+00:00","description":"Descubra la colecci\u00f3n Casalma Menorca: mobiliario, objetos de decoraci\u00f3n, art\u00edculos de mesa y piezas artesanales inspiradas en el alma mediterr\u00e1nea.","breadcrumb":{"@id":"https:\/\/www.casalmamenorca.com\/es\/nuestra-coleccion\/#breadcrumb"},"inLanguage":"es","potentialAction":[{"@type":"ReadAction","target":["https:\/\/www.casalmamenorca.com\/es\/nuestra-coleccion\/"]}]},{"@type":"BreadcrumbList","@id":"https:\/\/www.casalmamenorca.com\/es\/nuestra-coleccion\/#breadcrumb","itemListElement":[{"@type":"ListItem","position":1,"name":"Accueil","item":"https:\/\/www.casalmamenorca.com\/es\/inicio\/"},{"@type":"ListItem","position":2,"name":"Nuestra colecci\u00f3n"}]},{"@type":"WebSite","@id":"https:\/\/www.casalmamenorca.com\/es\/#website","url":"https:\/\/www.casalmamenorca.com\/es\/","name":"Casalma Menorca","description":"Objets porteurs d&#039;histoire","potentialAction":[{"@type":"SearchAction","target":{"@type":"EntryPoint","urlTemplate":"https:\/\/www.casalmamenorca.com\/es\/?s={search_term_string}"},"query-input":{"@type":"PropertyValueSpecification","valueRequired":true,"valueName":"search_term_string"}}],"inLanguage":"es"}]}},"jetpack_sharing_enabled":true,"_links":{"self":[{"href":"https:\/\/www.casalmamenorca.com\/es\/wp-json\/wp\/v2\/pages\/1334","targetHints":{"allow":["GET"]}}],"collection":[{"href":"https:\/\/www.casalmamenorca.com\/es\/wp-json\/wp\/v2\/pages"}],"about":[{"href":"https:\/\/www.casalmamenorca.com\/es\/wp-json\/wp\/v2\/types\/page"}],"author":[{"embeddable":true,"href":"https:\/\/www.casalmamenorca.com\/es\/wp-json\/wp\/v2\/users\/1"}],"replies":[{"embeddable":true,"href":"https:\/\/www.casalmamenorca.com\/es\/wp-json\/wp\/v2\/comments?post=1334"}],"version-history":[{"count":8,"href":"https:\/\/www.casalmamenorca.com\/es\/wp-json\/wp\/v2\/pages\/1334\/revisions"}],"predecessor-version":[{"id":1750,"href":"https:\/\/www.casalmamenorca.com\/es\/wp-json\/wp\/v2\/pages\/1334\/revisions\/1750"}],"wp:attachment":[{"href":"https:\/\/www.casalmamenorca.com\/es\/wp-json\/wp\/v2\/media?parent=1334"}],"curies":[{"name":"wp","href":"https:\/\/api.w.org\/{rel}","templated":true}]}}