{"id":1316,"date":"2025-11-19T16:19:59","date_gmt":"2025-11-19T16:19:59","guid":{"rendered":"https:\/\/www.casalmamenorca.com\/nuestros-servicios\/"},"modified":"2025-11-24T11:10:43","modified_gmt":"2025-11-24T11:10:43","slug":"nuestros-servicios","status":"publish","type":"page","link":"https:\/\/www.casalmamenorca.com\/es\/nuestros-servicios\/","title":{"rendered":"Nuestros servicios"},"content":{"rendered":"<p>[et_pb_section fb_built=\u00bb1&#8243; _builder_version=\u00bb4.27.4&#8243; _module_preset=\u00bbdefault\u00bb background_image=\u00bbhttp:\/\/casalmamenorca.com\/wp-content\/uploads\/2025\/11\/contact-casalma.jpg\u00bb height=\u00bb30vh\u00bb height_tablet=\u00bb30vh\u00bb height_phone=\u00bb21vh\u00bb height_last_edited=\u00bbon|phone\u00bb global_colors_info=\u00bb{}\u00bb][et_pb_row _builder_version=\u00bb4.27.4&#8243; _module_preset=\u00bbdefault\u00bb global_colors_info=\u00bb{}\u00bb][et_pb_column type=\u00bb4_4&#8243; _builder_version=\u00bb4.27.4&#8243; _module_preset=\u00bbdefault\u00bb global_colors_info=\u00bb{}\u00bb][\/et_pb_column][\/et_pb_row][\/et_pb_section][et_pb_section fb_built=\u00bb1&#8243; _builder_version=\u00bb4.27.4&#8243; _module_preset=\u00bbdefault\u00bb background_color=\u00bb#F5F4F0&#8243; global_colors_info=\u00bb{}\u00bb][et_pb_row _builder_version=\u00bb4.27.4&#8243; _module_preset=\u00bbdefault\u00bb width=\u00bb50%\u00bb width_tablet=\u00bb50%\u00bb width_phone=\u00bb80%\u00bb width_last_edited=\u00bbon|phone\u00bb global_colors_info=\u00bb{}\u00bb][et_pb_column type=\u00bb4_4&#8243; _builder_version=\u00bb4.27.4&#8243; _module_preset=\u00bbdefault\u00bb global_colors_info=\u00bb{}\u00bb][et_pb_text _builder_version=\u00bb4.27.4&#8243; _module_preset=\u00bbdefault\u00bb text_font=\u00bbNEUEHAAS ROMAN|||on|||||\u00bb text_text_color=\u00bb#46331C\u00bb text_font_size=\u00bb10px\u00bb text_letter_spacing=\u00bb2px\u00bb global_colors_info=\u00bb{}\u00bb]<\/p>\n<p style=\"text-align: center;\">Nuestros servicios<\/p>\n<p>[\/et_pb_text][et_pb_text _builder_version=\u00bb4.27.4&#8243; _module_preset=\u00bbdefault\u00bb text_font=\u00bbCormorant Garamond||||||||\u00bb text_text_color=\u00bb#46331C\u00bb text_font_size=\u00bb36px\u00bb text_line_height=\u00bb1em\u00bb text_font_size_tablet=\u00bb36px\u00bb text_font_size_phone=\u00bb33px\u00bb text_font_size_last_edited=\u00bbon|phone\u00bb global_colors_info=\u00bb{}\u00bb]<\/p>\n<p style=\"text-align: center;\">Dise\u00f1o de interiores, mobiliario y acompa\u00f1amiento<\/p>\n<p>[\/et_pb_text][et_pb_text _builder_version=\u00bb4.27.4&#8243; _module_preset=\u00bbdefault\u00bb text_font=\u00bbNEUEHAAS ROMAN||||||||\u00bb text_text_color=\u00bb#46331C\u00bb global_colors_info=\u00bb{}\u00bb]<\/p>\n<p style=\"text-align: center;\">Nuestros servicios de decoraci\u00f3n y dise\u00f1o de interiores acompa\u00f1an cada uno de tus proyectos en Ma\u00f3, Menorca. Casalma Menorca te gu\u00eda en la creaci\u00f3n de espacios armoniosos y acogedores, inspirados en el alma mediterr\u00e1nea.<\/p>\n<p>[\/et_pb_text][\/et_pb_column][\/et_pb_row][\/et_pb_section][et_pb_section fb_built=\u00bb1&#8243; module_id=\u00bbservices01&#8243; _builder_version=\u00bb4.27.4&#8243; _module_preset=\u00bbdefault\u00bb background_color=\u00bb#F5F4F0&#8243; custom_margin=\u00bb||||false|false\u00bb custom_padding=\u00bb0px||||false|false\u00bb global_colors_info=\u00bb{}\u00bb][et_pb_row column_structure=\u00bb1_2,1_2&#8243; make_equal=\u00bbon\u00bb _builder_version=\u00bb4.27.4&#8243; _module_preset=\u00bbdefault\u00bb global_colors_info=\u00bb{}\u00bb][et_pb_column type=\u00bb1_2&#8243; _builder_version=\u00bb4.27.4&#8243; _module_preset=\u00bbdefault\u00bb custom_css_main_element=\u00bbdisplay: flex;||flex-direction: column;||justify-content: center;\u00bb global_colors_info=\u00bb{}\u00bb][et_pb_image src=\u00bbhttps:\/\/www.casalmamenorca.com\/wp-content\/uploads\/2025\/11\/services-01.jpg\u00bb title_text=\u00bb29da0af8-b896-4f0a-85de-ca9262149ab4&#8243; disabled_on=\u00bboff|off|on\u00bb _builder_version=\u00bb4.27.4&#8243; _module_preset=\u00bbdefault\u00bb global_colors_info=\u00bb{}\u00bb][\/et_pb_image][et_pb_text _builder_version=\u00bb4.27.4&#8243; _module_preset=\u00bbdefault\u00bb text_font=\u00bbCormorant Garamond||on||||||\u00bb text_text_color=\u00bb#46331C\u00bb text_font_size=\u00bb62px\u00bb text_line_height=\u00bb0.9em\u00bb custom_margin=\u00bb||0px||false|false\u00bb custom_padding=\u00bb||||false|false\u00bb text_font_size_tablet=\u00bb62px\u00bb text_font_size_phone=\u00bb58px\u00bb text_font_size_last_edited=\u00bbon|phone\u00bb global_colors_info=\u00bb{}\u00bb]<\/p>\n<p><span>Decoraci\u00f3n<\/span><\/p>\n<p>[\/et_pb_text][et_pb_text _builder_version=\u00bb4.27.4&#8243; _module_preset=\u00bbdefault\u00bb text_font=\u00bbCormorant Garamond|||on|||||\u00bb text_text_color=\u00bb#46331C\u00bb text_font_size=\u00bb52px\u00bb text_line_height=\u00bb0.9em\u00bb text_font_size_tablet=\u00bb52px\u00bb text_font_size_phone=\u00bb37px\u00bb text_font_size_last_edited=\u00bbon|phone\u00bb global_colors_info=\u00bb{}\u00bb]<\/p>\n<p><span>&amp; dise\u00f1o de interiores<\/span><\/p>\n<p>[\/et_pb_text][et_pb_text _builder_version=\u00bb4.27.4&#8243; _module_preset=\u00bbdefault\u00bb text_font=\u00bbNEUEHAAS ROMAN||||||||\u00bb text_text_color=\u00bb#46331C\u00bb global_colors_info=\u00bb{}\u00bb]<\/p>\n<p>La boutique, concebida como un showroom vivo, es el punto de partida de cada proyecto. Es un lugar donde se descubren ambientes, materiales y objetos que reflejan nuestro enfoque de la decoraci\u00f3n: una est\u00e9tica c\u00e1lida, natural y calmante.<br \/>All\u00ed se encuentra una selecci\u00f3n de art\u00edculos cuidadosamente elegidos, desde mobiliario hasta iluminaci\u00f3n, pasando por textiles para el hogar, cer\u00e1micas y objetos decorativos, todos ellos reflejo de nuestro gusto por los materiales en bruto y las l\u00edneas sencillas.<\/p>\n<p><span>Aqu\u00ed, nuestros clientes pueden tocar, ver y sentir las combinaciones de texturas, colores y vol\u00famenes que nos gusta trabajar en nuestros proyectos. Esta inmersi\u00f3n tangible permite imaginar tu propio interior, proyectarte en una atm\u00f3sfera y encontrar inspiraci\u00f3n.<\/span><\/p>\n<p>[\/et_pb_text][et_pb_button button_url=\u00bbhttps:\/\/www.casalmamenorca.com\/es\/contacto\/\u00bb button_text=\u00bbCont\u00e1ctanos para este servicio\u00bb _builder_version=\u00bb4.27.4&#8243; _module_preset=\u00bbdefault\u00bb custom_button=\u00bbon\u00bb button_text_color=\u00bb#46331C\u00bb button_border_width=\u00bb1px\u00bb button_border_radius=\u00bb0px\u00bb button_font=\u00bbCormorant Garamond||on||||||\u00bb global_colors_info=\u00bb{}\u00bb button_bg_color__hover_enabled=\u00bbon|hover\u00bb button_bg_color__hover=\u00bb#EFEBE1&#8243; button_bg_enable_color__hover=\u00bbon\u00bb][\/et_pb_button][\/et_pb_column][et_pb_column type=\u00bb1_2&#8243; _builder_version=\u00bb4.27.4&#8243; _module_preset=\u00bbdefault\u00bb custom_css_main_element=\u00bbdisplay: flex;||flex-direction: column;||justify-content: center;\u00bb global_colors_info=\u00bb{}\u00bb][et_pb_image src=\u00bbhttps:\/\/www.casalmamenorca.com\/wp-content\/uploads\/2025\/11\/services-01.jpg\u00bb disabled_on=\u00bbon|on|off\u00bb _builder_version=\u00bb4.27.4&#8243; _module_preset=\u00bbdefault\u00bb hover_enabled=\u00bb0&#8243; global_colors_info=\u00bb{}\u00bb sticky_enabled=\u00bb0&#8243;][\/et_pb_image][\/et_pb_column][\/et_pb_row][\/et_pb_section][et_pb_section fb_built=\u00bb1&#8243; module_id=\u00bbservices02&#8243; _builder_version=\u00bb4.27.4&#8243; _module_preset=\u00bbdefault\u00bb background_color=\u00bb#FFFFFF\u00bb global_colors_info=\u00bb{}\u00bb][et_pb_row column_structure=\u00bb1_2,1_2&#8243; make_equal=\u00bbon\u00bb _builder_version=\u00bb4.27.4&#8243; _module_preset=\u00bbdefault\u00bb global_colors_info=\u00bb{}\u00bb][et_pb_column type=\u00bb1_2&#8243; _builder_version=\u00bb4.27.4&#8243; _module_preset=\u00bbdefault\u00bb custom_css_main_element=\u00bbdisplay: flex;||flex-direction: column;||justify-content: center;\u00bb global_colors_info=\u00bb{}\u00bb][et_pb_image src=\u00bbhttps:\/\/www.casalmamenorca.com\/wp-content\/uploads\/2025\/11\/services-03.jpg\u00bb _builder_version=\u00bb4.27.4&#8243; _module_preset=\u00bbdefault\u00bb hover_enabled=\u00bb0&#8243; global_colors_info=\u00bb{}\u00bb sticky_enabled=\u00bb0&#8243;][\/et_pb_image][\/et_pb_column][et_pb_column type=\u00bb1_2&#8243; _builder_version=\u00bb4.27.4&#8243; _module_preset=\u00bbdefault\u00bb custom_css_main_element=\u00bbdisplay: flex;||flex-direction: column;||justify-content: center;\u00bb global_colors_info=\u00bb{}\u00bb][et_pb_text _builder_version=\u00bb4.27.4&#8243; _module_preset=\u00bbdefault\u00bb text_font=\u00bbCormorant Garamond||on||||||\u00bb text_text_color=\u00bb#46331C\u00bb text_font_size=\u00bb62px\u00bb text_line_height=\u00bb0.9em\u00bb custom_margin=\u00bb||0px||false|false\u00bb custom_padding=\u00bb||||false|false\u00bb text_font_size_tablet=\u00bb62px\u00bb text_font_size_phone=\u00bb43px\u00bb text_font_size_last_edited=\u00bbon|phone\u00bb global_colors_info=\u00bb{}\u00bb]<\/p>\n<p><span>Selecci\u00f3n de mobiliario<\/span><\/p>\n<p>[\/et_pb_text][et_pb_text _builder_version=\u00bb4.27.4&#8243; _module_preset=\u00bbdefault\u00bb text_font=\u00bbCormorant Garamond|||on|||||\u00bb text_text_color=\u00bb#46331C\u00bb text_font_size=\u00bb52px\u00bb text_line_height=\u00bb0.9em\u00bb text_font_size_tablet=\u00bb52px\u00bb text_font_size_phone=\u00bb42px\u00bb text_font_size_last_edited=\u00bbon|phone\u00bb global_colors_info=\u00bb{}\u00bb]<\/p>\n<p><span>&amp; objetos artesanales<\/span><\/p>\n<p>[\/et_pb_text][et_pb_text _builder_version=\u00bb4.27.4&#8243; _module_preset=\u00bbdefault\u00bb text_font=\u00bbNEUEHAAS ROMAN||||||||\u00bb text_text_color=\u00bb#46331C\u00bb global_colors_info=\u00bb{}\u00bb]<\/p>\n<p><span>En el coraz\u00f3n de la boutique, cada pieza ha sido elegida con intenci\u00f3n. Nuestra selecci\u00f3n re\u00fane mobiliario y objetos hechos a mano, fruto del trabajo de artesanos cuyo saber hacer y sensibilidad dan alma a la materia. Madera, cer\u00e1mica, lino, piedra\u2026 cada material cuenta una historia, cada imperfecci\u00f3n se convierte en una huella del gesto, un signo de autenticidad.<\/span><\/p>\n<p><span>Dar protagonismo a los artesanos tambi\u00e9n significa defender otra manera de consumir y de vivir en casa. Priorizamos creaciones del entorno mediterr\u00e1neo, realizadas en talleres independientes que comparten nuestro gusto por la sencillez y las formas atemporales. Estos objetos no siguen las tendencias: se inscriben en el tiempo, se suavizan, se patinan y se transmiten.<\/span><\/p>\n<p><span>Nuestro papel es crear el v\u00ednculo entre estos oficios y los interiores que imaginamos. <\/span><\/p>\n<p>[\/et_pb_text][et_pb_button button_url=\u00bbhttps:\/\/www.casalmamenorca.com\/es\/contacto\/\u00bb button_text=\u00bbCont\u00e1ctanos para este servicio\u00bb _builder_version=\u00bb4.27.4&#8243; _module_preset=\u00bbdefault\u00bb custom_button=\u00bbon\u00bb button_text_color=\u00bb#46331C\u00bb button_border_width=\u00bb1px\u00bb button_border_radius=\u00bb0px\u00bb button_font=\u00bbCormorant Garamond||on||||||\u00bb global_colors_info=\u00bb{}\u00bb button_bg_color__hover_enabled=\u00bbon|hover\u00bb button_bg_color__hover=\u00bb#EFEBE1&#8243; button_bg_enable_color__hover=\u00bbon\u00bb][\/et_pb_button][\/et_pb_column][\/et_pb_row][\/et_pb_section][et_pb_section fb_built=\u00bb1&#8243; module_id=\u00bbservices03&#8243; _builder_version=\u00bb4.27.4&#8243; _module_preset=\u00bbdefault\u00bb background_color=\u00bb#F5F4F0&#8243; global_colors_info=\u00bb{}\u00bb][et_pb_row column_structure=\u00bb1_2,1_2&#8243; make_equal=\u00bbon\u00bb _builder_version=\u00bb4.27.4&#8243; _module_preset=\u00bbdefault\u00bb global_colors_info=\u00bb{}\u00bb][et_pb_column type=\u00bb1_2&#8243; _builder_version=\u00bb4.27.4&#8243; _module_preset=\u00bbdefault\u00bb custom_css_main_element=\u00bbdisplay: flex;||flex-direction: column;||justify-content: center;\u00bb global_colors_info=\u00bb{}\u00bb][et_pb_image src=\u00bbhttps:\/\/www.casalmamenorca.com\/wp-content\/uploads\/2025\/11\/services-02.jpg\u00bb title_text=\u00bb29da0af8-b896-4f0a-85de-ca9262149ab4&#8243; disabled_on=\u00bboff|off|on\u00bb _builder_version=\u00bb4.27.4&#8243; _module_preset=\u00bbdefault\u00bb global_colors_info=\u00bb{}\u00bb][\/et_pb_image][et_pb_text _builder_version=\u00bb4.27.4&#8243; _module_preset=\u00bbdefault\u00bb text_font=\u00bbCormorant Garamond||on||||||\u00bb text_text_color=\u00bb#46331C\u00bb text_font_size=\u00bb62px\u00bb text_line_height=\u00bb0.9em\u00bb custom_margin=\u00bb||0px||false|false\u00bb custom_padding=\u00bb||||false|false\u00bb text_font_size_tablet=\u00bb62px\u00bb text_font_size_phone=\u00bb43px\u00bb text_font_size_last_edited=\u00bbon|phone\u00bb global_colors_info=\u00bb{}\u00bb]<\/p>\n<p><span>Acompa\u00f1amiento<\/span><\/p>\n<p>[\/et_pb_text][et_pb_text _builder_version=\u00bb4.27.4&#8243; _module_preset=\u00bbdefault\u00bb text_font=\u00bbCormorant Garamond|||on|||||\u00bb text_text_color=\u00bb#46331C\u00bb text_font_size=\u00bb52px\u00bb text_line_height=\u00bb0.9em\u00bb text_font_size_tablet=\u00bb52px\u00bb text_font_size_phone=\u00bb42px\u00bb text_font_size_last_edited=\u00bbon|phone\u00bb global_colors_info=\u00bb{}\u00bb]<\/p>\n<p><span>personalizado<\/span><\/p>\n<p>[\/et_pb_text][et_pb_text _builder_version=\u00bb4.27.4&#8243; _module_preset=\u00bbdefault\u00bb text_font=\u00bbNEUEHAAS ROMAN||||||||\u00bb text_text_color=\u00bb#46331C\u00bb global_colors_info=\u00bb{}\u00bb]<\/p>\n<p>Cada proyecto <strong>es ante todo un encuentro<\/strong>. Nos tomamos el tiempo de escuchar, observar y comprender c\u00f3mo vive cada persona su espacio. El acompa\u00f1amiento personalizado es esa atenci\u00f3n a los detalles invisibles: una luz, una circulaci\u00f3n, una atm\u00f3sfera. Tambi\u00e9n es un di\u00e1logo constante entre nuestras ideas y los deseos de nuestros clientes, para dar vida a espacios que realmente se parezcan a ellos.<br \/>Este acompa\u00f1amiento puede tomar varias formas: un simple consejo para reorganizar una habitaci\u00f3n, un proyecto completo de decoraci\u00f3n, o la selecci\u00f3n de mobiliario y piezas artesanales adaptadas a un interior ya existente. Siempre trabajamos con la misma exigencia de armon\u00eda, mezclando funci\u00f3n y emoci\u00f3n, est\u00e9tica y confort.<\/p>\n<p><span>Nuestro enfoque nunca es r\u00edgido; se adapta a cada persona y a cada ritmo. Algunos proyectos se construyen con el tiempo, otros nacen de una evidencia inmediata. En todos los casos, permanecemos presentes, disponibles y atentos para guiar, proponer y ajustar. La idea no es solo decorar, sino crear un lugar coherente donde uno se sienta bien, en armon\u00eda consigo mismo y con lo que le rodea.<\/span><\/p>\n<p>[\/et_pb_text][et_pb_button button_url=\u00bbhttps:\/\/www.casalmamenorca.com\/es\/contacto\/\u00bb button_text=\u00bbCont\u00e1ctanos para este servicio\u00bb _builder_version=\u00bb4.27.4&#8243; _module_preset=\u00bbdefault\u00bb custom_button=\u00bbon\u00bb button_text_color=\u00bb#46331C\u00bb button_border_width=\u00bb1px\u00bb button_border_radius=\u00bb0px\u00bb button_font=\u00bbCormorant Garamond||on||||||\u00bb global_colors_info=\u00bb{}\u00bb button_bg_color__hover_enabled=\u00bbon|hover\u00bb button_bg_color__hover=\u00bb#EFEBE1&#8243; button_bg_enable_color__hover=\u00bbon\u00bb][\/et_pb_button][\/et_pb_column][et_pb_column type=\u00bb1_2&#8243; _builder_version=\u00bb4.27.4&#8243; _module_preset=\u00bbdefault\u00bb custom_css_main_element=\u00bbdisplay: flex;||flex-direction: column;||justify-content: center;\u00bb global_colors_info=\u00bb{}\u00bb][et_pb_image src=\u00bbhttps:\/\/www.casalmamenorca.com\/wp-content\/uploads\/2025\/11\/services-02.jpg\u00bb disabled_on=\u00bbon|on|off\u00bb _builder_version=\u00bb4.27.4&#8243; _module_preset=\u00bbdefault\u00bb hover_enabled=\u00bb0&#8243; global_colors_info=\u00bb{}\u00bb sticky_enabled=\u00bb0&#8243;][\/et_pb_image][\/et_pb_column][\/et_pb_row][\/et_pb_section]<\/p>\n","protected":false},"excerpt":{"rendered":"<p>Nuestros serviciosDise\u00f1o de interiores, mobiliario y acompa\u00f1amientoNuestros servicios de decoraci\u00f3n y dise\u00f1o de interiores acompa\u00f1an cada uno de tus proyectos en Ma\u00f3, Menorca. Casalma Menorca te gu\u00eda en la creaci\u00f3n de espacios armoniosos y acogedores, inspirados en el alma mediterr\u00e1nea.Decoraci\u00f3n&amp; dise\u00f1o de interioresLa boutique, concebida como un showroom vivo, es el punto de partida de [&hellip;]<\/p>\n","protected":false},"author":1,"featured_media":0,"parent":0,"menu_order":0,"comment_status":"closed","ping_status":"closed","template":"","meta":{"_et_pb_use_builder":"on","_et_pb_old_content":"","_et_gb_content_width":"","inline_featured_image":false,"footnotes":""},"class_list":["post-1316","page","type-page","status-publish","hentry"],"yoast_head":"<!-- This site is optimized with the Yoast SEO plugin v27.2 - https:\/\/yoast.com\/product\/yoast-seo-wordpress\/ -->\n<title>Nuestros Servicios \u2013 Decoraci\u00f3n y dise\u00f1o de interiores | Casalma Menorca<\/title>\n<meta name=\"description\" content=\"Casalma Menorca ofrece servicios de decoraci\u00f3n, dise\u00f1o de interiores y selecci\u00f3n de mobiliario. Un acompa\u00f1amiento personalizado en Ma\u00f3, Menorca.\" \/>\n<meta name=\"robots\" content=\"index, follow, max-snippet:-1, max-image-preview:large, max-video-preview:-1\" \/>\n<link rel=\"canonical\" href=\"https:\/\/www.casalmamenorca.com\/es\/nuestros-servicios\/\" \/>\n<meta property=\"og:locale\" content=\"es_ES\" \/>\n<meta property=\"og:type\" content=\"article\" \/>\n<meta property=\"og:title\" content=\"Nuestros Servicios \u2013 Decoraci\u00f3n y dise\u00f1o de interiores | Casalma Menorca\" \/>\n<meta property=\"og:description\" content=\"Casalma Menorca ofrece servicios de decoraci\u00f3n, dise\u00f1o de interiores y selecci\u00f3n de mobiliario. Un acompa\u00f1amiento personalizado en Ma\u00f3, Menorca.\" \/>\n<meta property=\"og:url\" content=\"https:\/\/www.casalmamenorca.com\/es\/nuestros-servicios\/\" \/>\n<meta property=\"og:site_name\" content=\"Casalma Menorca\" \/>\n<meta property=\"article:modified_time\" content=\"2025-11-24T11:10:43+00:00\" \/>\n<meta name=\"twitter:card\" content=\"summary_large_image\" \/>\n<meta name=\"twitter:label1\" content=\"Tiempo de lectura\" \/>\n\t<meta name=\"twitter:data1\" content=\"9 minutos\" \/>\n<script type=\"application\/ld+json\" class=\"yoast-schema-graph\">{\"@context\":\"https:\/\/schema.org\",\"@graph\":[{\"@type\":\"WebPage\",\"@id\":\"https:\/\/www.casalmamenorca.com\/es\/nuestros-servicios\/\",\"url\":\"https:\/\/www.casalmamenorca.com\/es\/nuestros-servicios\/\",\"name\":\"Nuestros Servicios \u2013 Decoraci\u00f3n y dise\u00f1o de interiores | Casalma Menorca\",\"isPartOf\":{\"@id\":\"https:\/\/www.casalmamenorca.com\/es\/#website\"},\"datePublished\":\"2025-11-19T16:19:59+00:00\",\"dateModified\":\"2025-11-24T11:10:43+00:00\",\"description\":\"Casalma Menorca ofrece servicios de decoraci\u00f3n, dise\u00f1o de interiores y selecci\u00f3n de mobiliario. Un acompa\u00f1amiento personalizado en Ma\u00f3, Menorca.\",\"breadcrumb\":{\"@id\":\"https:\/\/www.casalmamenorca.com\/es\/nuestros-servicios\/#breadcrumb\"},\"inLanguage\":\"es\",\"potentialAction\":[{\"@type\":\"ReadAction\",\"target\":[\"https:\/\/www.casalmamenorca.com\/es\/nuestros-servicios\/\"]}]},{\"@type\":\"BreadcrumbList\",\"@id\":\"https:\/\/www.casalmamenorca.com\/es\/nuestros-servicios\/#breadcrumb\",\"itemListElement\":[{\"@type\":\"ListItem\",\"position\":1,\"name\":\"Accueil\",\"item\":\"https:\/\/www.casalmamenorca.com\/es\/inicio\/\"},{\"@type\":\"ListItem\",\"position\":2,\"name\":\"Nuestros servicios\"}]},{\"@type\":\"WebSite\",\"@id\":\"https:\/\/www.casalmamenorca.com\/es\/#website\",\"url\":\"https:\/\/www.casalmamenorca.com\/es\/\",\"name\":\"Casalma Menorca\",\"description\":\"Objets porteurs d&#039;histoire\",\"potentialAction\":[{\"@type\":\"SearchAction\",\"target\":{\"@type\":\"EntryPoint\",\"urlTemplate\":\"https:\/\/www.casalmamenorca.com\/es\/?s={search_term_string}\"},\"query-input\":{\"@type\":\"PropertyValueSpecification\",\"valueRequired\":true,\"valueName\":\"search_term_string\"}}],\"inLanguage\":\"es\"}]}<\/script>\n<!-- \/ Yoast SEO plugin. -->","yoast_head_json":{"title":"Nuestros Servicios \u2013 Decoraci\u00f3n y dise\u00f1o de interiores | Casalma Menorca","description":"Casalma Menorca ofrece servicios de decoraci\u00f3n, dise\u00f1o de interiores y selecci\u00f3n de mobiliario. Un acompa\u00f1amiento personalizado en Ma\u00f3, Menorca.","robots":{"index":"index","follow":"follow","max-snippet":"max-snippet:-1","max-image-preview":"max-image-preview:large","max-video-preview":"max-video-preview:-1"},"canonical":"https:\/\/www.casalmamenorca.com\/es\/nuestros-servicios\/","og_locale":"es_ES","og_type":"article","og_title":"Nuestros Servicios \u2013 Decoraci\u00f3n y dise\u00f1o de interiores | Casalma Menorca","og_description":"Casalma Menorca ofrece servicios de decoraci\u00f3n, dise\u00f1o de interiores y selecci\u00f3n de mobiliario. Un acompa\u00f1amiento personalizado en Ma\u00f3, Menorca.","og_url":"https:\/\/www.casalmamenorca.com\/es\/nuestros-servicios\/","og_site_name":"Casalma Menorca","article_modified_time":"2025-11-24T11:10:43+00:00","twitter_card":"summary_large_image","twitter_misc":{"Tiempo de lectura":"9 minutos"},"schema":{"@context":"https:\/\/schema.org","@graph":[{"@type":"WebPage","@id":"https:\/\/www.casalmamenorca.com\/es\/nuestros-servicios\/","url":"https:\/\/www.casalmamenorca.com\/es\/nuestros-servicios\/","name":"Nuestros Servicios \u2013 Decoraci\u00f3n y dise\u00f1o de interiores | Casalma Menorca","isPartOf":{"@id":"https:\/\/www.casalmamenorca.com\/es\/#website"},"datePublished":"2025-11-19T16:19:59+00:00","dateModified":"2025-11-24T11:10:43+00:00","description":"Casalma Menorca ofrece servicios de decoraci\u00f3n, dise\u00f1o de interiores y selecci\u00f3n de mobiliario. Un acompa\u00f1amiento personalizado en Ma\u00f3, Menorca.","breadcrumb":{"@id":"https:\/\/www.casalmamenorca.com\/es\/nuestros-servicios\/#breadcrumb"},"inLanguage":"es","potentialAction":[{"@type":"ReadAction","target":["https:\/\/www.casalmamenorca.com\/es\/nuestros-servicios\/"]}]},{"@type":"BreadcrumbList","@id":"https:\/\/www.casalmamenorca.com\/es\/nuestros-servicios\/#breadcrumb","itemListElement":[{"@type":"ListItem","position":1,"name":"Accueil","item":"https:\/\/www.casalmamenorca.com\/es\/inicio\/"},{"@type":"ListItem","position":2,"name":"Nuestros servicios"}]},{"@type":"WebSite","@id":"https:\/\/www.casalmamenorca.com\/es\/#website","url":"https:\/\/www.casalmamenorca.com\/es\/","name":"Casalma Menorca","description":"Objets porteurs d&#039;histoire","potentialAction":[{"@type":"SearchAction","target":{"@type":"EntryPoint","urlTemplate":"https:\/\/www.casalmamenorca.com\/es\/?s={search_term_string}"},"query-input":{"@type":"PropertyValueSpecification","valueRequired":true,"valueName":"search_term_string"}}],"inLanguage":"es"}]}},"jetpack_sharing_enabled":true,"_links":{"self":[{"href":"https:\/\/www.casalmamenorca.com\/es\/wp-json\/wp\/v2\/pages\/1316","targetHints":{"allow":["GET"]}}],"collection":[{"href":"https:\/\/www.casalmamenorca.com\/es\/wp-json\/wp\/v2\/pages"}],"about":[{"href":"https:\/\/www.casalmamenorca.com\/es\/wp-json\/wp\/v2\/types\/page"}],"author":[{"embeddable":true,"href":"https:\/\/www.casalmamenorca.com\/es\/wp-json\/wp\/v2\/users\/1"}],"replies":[{"embeddable":true,"href":"https:\/\/www.casalmamenorca.com\/es\/wp-json\/wp\/v2\/comments?post=1316"}],"version-history":[{"count":2,"href":"https:\/\/www.casalmamenorca.com\/es\/wp-json\/wp\/v2\/pages\/1316\/revisions"}],"predecessor-version":[{"id":1318,"href":"https:\/\/www.casalmamenorca.com\/es\/wp-json\/wp\/v2\/pages\/1316\/revisions\/1318"}],"wp:attachment":[{"href":"https:\/\/www.casalmamenorca.com\/es\/wp-json\/wp\/v2\/media?parent=1316"}],"curies":[{"name":"wp","href":"https:\/\/api.w.org\/{rel}","templated":true}]}}