{"id":1918,"date":"2025-12-04T10:30:20","date_gmt":"2025-12-04T10:30:20","guid":{"rendered":"https:\/\/www.casalmamenorca.com\/?post_type=product&#038;p=1918"},"modified":"2025-12-08T08:17:17","modified_gmt":"2025-12-08T08:17:17","slug":"nus-pendant-light-copie","status":"publish","type":"product","link":"https:\/\/www.casalmamenorca.com\/en\/produit\/nus-pendant-light-copie\/","title":{"rendered":"Pasta Plate"},"content":{"rendered":"<p>[et_pb_section fb_built=&#8221;1&#8243; module_class=&#8221;product-information-section&#8221; _builder_version=&#8221;4.27.4&#8243; width=&#8221;100%&#8221; max_width=&#8221;100%&#8221; custom_padding=&#8221;0px||||false|false&#8221; global_colors_info=&#8221;{}&#8221;][et_pb_row column_structure=&#8221;1_2,1_2&#8243; make_equal=&#8221;on&#8221; _builder_version=&#8221;4.27.4&#8243; background_size=&#8221;initial&#8221; background_position=&#8221;top_left&#8221; background_repeat=&#8221;repeat&#8221; width=&#8221;100%&#8221; max_width=&#8221;100%&#8221; custom_padding=&#8221;0px||||false|false&#8221; global_colors_info=&#8221;{}&#8221;][et_pb_column type=&#8221;1_2&#8243; _builder_version=&#8221;4.16&#8243; custom_padding=&#8221;|||&#8221; global_colors_info=&#8221;{}&#8221; custom_padding__hover=&#8221;|||&#8221;][et_pb_wc_images show_product_gallery=&#8221;off&#8221; show_sale_badge=&#8221;off&#8221; module_class=&#8221;product-default-image&#8221; _builder_version=&#8221;4.27.4&#8243; global_colors_info=&#8221;{}&#8221;][\/et_pb_wc_images][\/et_pb_column][et_pb_column type=&#8221;1_2&#8243; module_class=&#8221;product-information&#8221; _builder_version=&#8221;4.27.4&#8243; custom_padding=&#8221;|||&#8221; global_colors_info=&#8221;{}&#8221; custom_padding__hover=&#8221;|||&#8221;][et_pb_wc_breadcrumb _builder_version=&#8221;4.16&#8243; global_colors_info=&#8221;{}&#8221;][\/et_pb_wc_breadcrumb][et_pb_wc_title _builder_version=&#8221;4.27.4&#8243; header_font=&#8221;Cormorant Garamond||||||||&#8221; header_font_size=&#8221;42px&#8221; global_colors_info=&#8221;{}&#8221;][\/et_pb_wc_title][et_pb_wc_price _builder_version=&#8221;4.27.4&#8243; body_font=&#8221;NEUEHAAS ROMAN||||||||&#8221; body_text_color=&#8221;#46331C&#8221; body_font_size=&#8221;14px&#8221; body_letter_spacing=&#8221;2px&#8221; global_colors_info=&#8221;{}&#8221;][\/et_pb_wc_price][et_pb_wc_description description_type=&#8221;description&#8221; _builder_version=&#8221;4.27.4&#8243; body_font=&#8221;NEUEHAAS ROMAN||||||||&#8221; global_colors_info=&#8221;{}&#8221;][\/et_pb_wc_description][et_pb_wc_add_to_cart show_stock=&#8221;off&#8221; _builder_version=&#8221;4.27.4&#8243; fields_background_color=&#8221;RGBA(255,255,255,0)&#8221; fields_text_color=&#8221;#4F3F22&#8243; fields_custom_padding=&#8221;12px|12px|12px|12px|false|false&#8221; custom_button=&#8221;on&#8221; button_text_color=&#8221;#46331C&#8221; button_bg_color=&#8221;RGBA(255,255,255,0)&#8221; button_border_width=&#8221;1px&#8221; button_border_color=&#8221;#4F3F22&#8243; button_border_radius=&#8221;0px&#8221; button_font=&#8221;Cormorant Garamond||on||||||&#8221; button_use_icon=&#8221;off&#8221; custom_padding=&#8221;12px|12px|12px|12px|false|false&#8221; border_width_all_fields=&#8221;1px&#8221; border_color_all_fields=&#8221;#4F3F22&#8243; global_colors_info=&#8221;{}&#8221; button_bg_color__hover_enabled=&#8221;on|hover&#8221; button_bg_color__hover=&#8221;#EFEBE1&#8243; button_bg_enable_color__hover=&#8221;on&#8221; button_border_width__hover_enabled=&#8221;on|hover&#8221; button_border_color__hover_enabled=&#8221;on|desktop&#8221; button_border_color__hover=&#8221;#EFEBE1&#8243; button_border_width__hover=&#8221;1px&#8221;][\/et_pb_wc_add_to_cart][et_pb_code _builder_version=&#8221;4.27.4&#8243; _module_preset=&#8221;default&#8221; global_colors_info=&#8221;{}&#8221;]<table class=\"custom-product-attributes\"><tr><th>Dimensions<\/th><td>Diameter: 23 cm, height: 4 cm<\/td><\/tr><tr><th>materials<\/th><td>Ceramic<\/td><\/tr><tr><th>color<\/th><td>Almond<\/td><\/tr><tr><th>manufacturing<\/th><td>100% Handmade<\/td><\/tr><tr><th>Origin<\/th><td>Portugal<\/td><\/tr><\/table>[\/et_pb_code][\/et_pb_column][\/et_pb_row][et_pb_row _builder_version=&#8221;4.16&#8243; background_size=&#8221;initial&#8221; background_position=&#8221;top_left&#8221; background_repeat=&#8221;repeat&#8221; width=&#8221;100%&#8221; global_colors_info=&#8221;{}&#8221;][et_pb_column type=&#8221;4_4&#8243; _builder_version=&#8221;4.16&#8243; custom_padding=&#8221;|||&#8221; global_colors_info=&#8221;{}&#8221; custom_padding__hover=&#8221;|||&#8221;][et_pb_wc_gallery fullwidth=&#8221;off&#8221; posts_number=&#8221;30&#8243; orientation=&#8221;portrait&#8221; _builder_version=&#8221;4.27.4&#8243; _module_preset=&#8221;default&#8221; global_colors_info=&#8221;{}&#8221;][\/et_pb_wc_gallery][\/et_pb_column][\/et_pb_row][\/et_pb_section]<\/p>\n","protected":false},"excerpt":{"rendered":"<table class=\"custom-product-attributes\"><tr><th>Dimensions<\/th><td>Diameter: 23 cm, height: 4 cm<\/td><\/tr><tr><th>materials<\/th><td>Ceramic<\/td><\/tr><tr><th>color<\/th><td>Almond<\/td><\/tr><tr><th>manufacturing<\/th><td>100% Handmade<\/td><\/tr><tr><th>Origin<\/th><td>Portugal<\/td><\/tr><\/table>\n","protected":false},"featured_media":1921,"template":"","meta":{"_et_pb_use_builder":"on","_et_pb_old_content":"<div dir=\"ltr\">Assiette \u00e0 p\u00e2tes - Amande<\/div>\r\n<div dir=\"ltr\"><\/div>\r\n<div id=\"m_-4380435299013075534AppleMailSignature\" dir=\"ltr\">\r\n\r\nCes assiettes en gr\u00e8s, r\u00e9alis\u00e9es dans une teinte amande douce, apportent une jolie pr\u00e9sence \u00e0 table sans jamais voler la vedette \u00e0 vos plats. Leur forme g\u00e9n\u00e9reuse est id\u00e9ale pour les p\u00e2tes, mais elles fonctionnent aussi parfaitement pour les plats mijot\u00e9s ou les salades. Un essentiel qui traverse les saisons, dans un esprit m\u00e9diterran\u00e9en simple et raffin\u00e9.\r\n\r\n<\/div>\r\n<div dir=\"ltr\">Passe au lave-vaisselle et au micro-ondes.<\/div>\r\n<div dir=\"ltr\">Sans Cadmium.<\/div>\r\n<div dir=\"ltr\">\r\n<div class=\"et_pb_column et_pb_column_3_5 et_pb_column_3 et_pb_css_mix_blend_mode_passthrough et-last-child\"><\/div>\r\n<\/div>","_et_gb_content_width":"","inline_featured_image":false},"product_brand":[],"product_cat":[93],"product_tag":[],"class_list":{"0":"post-1918","1":"product","2":"type-product","3":"status-publish","4":"has-post-thumbnail","6":"product_cat-tableware","8":"first","9":"instock","10":"shipping-taxable","11":"purchasable","12":"product-type-simple"},"yoast_head":"<!-- This site is optimized with the Yoast SEO plugin v27.2 - https:\/\/yoast.com\/product\/yoast-seo-wordpress\/ -->\n<title>Pasta Plate \u2013 Almond - Casalma Menorca<\/title>\n<meta name=\"description\" content=\"Almond finish stoneware pasta plates, available in sets of 4, 6, or 8. Handcrafted tableware with natural nuances, perfect for enhancing your daily table settings.\" \/>\n<meta name=\"robots\" content=\"index, follow, max-snippet:-1, max-image-preview:large, max-video-preview:-1\" \/>\n<link rel=\"canonical\" href=\"https:\/\/www.casalmamenorca.com\/en\/produit\/nus-pendant-light-copie\/\" \/>\n<meta property=\"og:locale\" content=\"en_US\" \/>\n<meta property=\"og:type\" content=\"article\" \/>\n<meta property=\"og:title\" content=\"Pasta Plate \u2013 Almond - Casalma Menorca\" \/>\n<meta property=\"og:description\" content=\"Almond finish stoneware pasta plates, available in sets of 4, 6, or 8. Handcrafted tableware with natural nuances, perfect for enhancing your daily table settings.\" \/>\n<meta property=\"og:url\" content=\"https:\/\/www.casalmamenorca.com\/en\/produit\/nus-pendant-light-copie\/\" \/>\n<meta property=\"og:site_name\" content=\"Casalma Menorca\" \/>\n<meta property=\"article:modified_time\" content=\"2025-12-08T08:17:17+00:00\" \/>\n<meta property=\"og:image\" content=\"https:\/\/www.casalmamenorca.com\/wp-content\/uploads\/2025\/12\/IMG_1043-scaled.jpeg\" \/>\n\t<meta property=\"og:image:width\" content=\"1707\" \/>\n\t<meta property=\"og:image:height\" content=\"2560\" \/>\n\t<meta property=\"og:image:type\" content=\"image\/jpeg\" \/>\n<meta name=\"twitter:card\" content=\"summary_large_image\" \/>\n<meta name=\"twitter:label1\" content=\"Est. reading time\" \/>\n\t<meta name=\"twitter:data1\" content=\"2 minutes\" \/>\n<script type=\"application\/ld+json\" class=\"yoast-schema-graph\">{\"@context\":\"https:\/\/schema.org\",\"@graph\":[{\"@type\":\"WebPage\",\"@id\":\"https:\/\/www.casalmamenorca.com\/en\/produit\/nus-pendant-light-copie\/\",\"url\":\"https:\/\/www.casalmamenorca.com\/en\/produit\/nus-pendant-light-copie\/\",\"name\":\"Pasta Plate \u2013 Almond - Casalma Menorca\",\"isPartOf\":{\"@id\":\"https:\/\/www.casalmamenorca.com\/en\/#website\"},\"primaryImageOfPage\":{\"@id\":\"https:\/\/www.casalmamenorca.com\/en\/produit\/nus-pendant-light-copie\/#primaryimage\"},\"image\":{\"@id\":\"https:\/\/www.casalmamenorca.com\/en\/produit\/nus-pendant-light-copie\/#primaryimage\"},\"thumbnailUrl\":\"https:\/\/www.casalmamenorca.com\/wp-content\/uploads\/2025\/12\/IMG_1043-scaled.jpeg\",\"datePublished\":\"2025-12-04T10:30:20+00:00\",\"dateModified\":\"2025-12-08T08:17:17+00:00\",\"description\":\"Almond finish stoneware pasta plates, available in sets of 4, 6, or 8. Handcrafted tableware with natural nuances, perfect for enhancing your daily table settings.\",\"breadcrumb\":{\"@id\":\"https:\/\/www.casalmamenorca.com\/en\/produit\/nus-pendant-light-copie\/#breadcrumb\"},\"inLanguage\":\"en-US\",\"potentialAction\":[{\"@type\":\"ReadAction\",\"target\":[\"https:\/\/www.casalmamenorca.com\/en\/produit\/nus-pendant-light-copie\/\"]}]},{\"@type\":\"ImageObject\",\"inLanguage\":\"en-US\",\"@id\":\"https:\/\/www.casalmamenorca.com\/en\/produit\/nus-pendant-light-copie\/#primaryimage\",\"url\":\"https:\/\/www.casalmamenorca.com\/wp-content\/uploads\/2025\/12\/IMG_1043-scaled.jpeg\",\"contentUrl\":\"https:\/\/www.casalmamenorca.com\/wp-content\/uploads\/2025\/12\/IMG_1043-scaled.jpeg\",\"width\":1707,\"height\":2560},{\"@type\":\"BreadcrumbList\",\"@id\":\"https:\/\/www.casalmamenorca.com\/en\/produit\/nus-pendant-light-copie\/#breadcrumb\",\"itemListElement\":[{\"@type\":\"ListItem\",\"position\":1,\"name\":\"Accueil\",\"item\":\"https:\/\/www.casalmamenorca.com\/en\/accueil\/\"},{\"@type\":\"ListItem\",\"position\":2,\"name\":\"Our Collection\",\"item\":\"https:\/\/www.casalmamenorca.com\/en\/our-collection\/\"},{\"@type\":\"ListItem\",\"position\":3,\"name\":\"Pasta Plate\"}]},{\"@type\":\"WebSite\",\"@id\":\"https:\/\/www.casalmamenorca.com\/en\/#website\",\"url\":\"https:\/\/www.casalmamenorca.com\/en\/\",\"name\":\"Casalma Menorca\",\"description\":\"Objets porteurs d&#039;histoire\",\"potentialAction\":[{\"@type\":\"SearchAction\",\"target\":{\"@type\":\"EntryPoint\",\"urlTemplate\":\"https:\/\/www.casalmamenorca.com\/en\/?s={search_term_string}\"},\"query-input\":{\"@type\":\"PropertyValueSpecification\",\"valueRequired\":true,\"valueName\":\"search_term_string\"}}],\"inLanguage\":\"en-US\"}]}<\/script>\n<!-- \/ Yoast SEO plugin. -->","yoast_head_json":{"title":"Pasta Plate \u2013 Almond - Casalma Menorca","description":"Almond finish stoneware pasta plates, available in sets of 4, 6, or 8. Handcrafted tableware with natural nuances, perfect for enhancing your daily table settings.","robots":{"index":"index","follow":"follow","max-snippet":"max-snippet:-1","max-image-preview":"max-image-preview:large","max-video-preview":"max-video-preview:-1"},"canonical":"https:\/\/www.casalmamenorca.com\/en\/produit\/nus-pendant-light-copie\/","og_locale":"en_US","og_type":"article","og_title":"Pasta Plate \u2013 Almond - Casalma Menorca","og_description":"Almond finish stoneware pasta plates, available in sets of 4, 6, or 8. Handcrafted tableware with natural nuances, perfect for enhancing your daily table settings.","og_url":"https:\/\/www.casalmamenorca.com\/en\/produit\/nus-pendant-light-copie\/","og_site_name":"Casalma Menorca","article_modified_time":"2025-12-08T08:17:17+00:00","og_image":[{"width":1707,"height":2560,"url":"https:\/\/www.casalmamenorca.com\/wp-content\/uploads\/2025\/12\/IMG_1043-scaled.jpeg","type":"image\/jpeg"}],"twitter_card":"summary_large_image","twitter_misc":{"Est. reading time":"2 minutes"},"schema":{"@context":"https:\/\/schema.org","@graph":[{"@type":"WebPage","@id":"https:\/\/www.casalmamenorca.com\/en\/produit\/nus-pendant-light-copie\/","url":"https:\/\/www.casalmamenorca.com\/en\/produit\/nus-pendant-light-copie\/","name":"Pasta Plate \u2013 Almond - Casalma Menorca","isPartOf":{"@id":"https:\/\/www.casalmamenorca.com\/en\/#website"},"primaryImageOfPage":{"@id":"https:\/\/www.casalmamenorca.com\/en\/produit\/nus-pendant-light-copie\/#primaryimage"},"image":{"@id":"https:\/\/www.casalmamenorca.com\/en\/produit\/nus-pendant-light-copie\/#primaryimage"},"thumbnailUrl":"https:\/\/www.casalmamenorca.com\/wp-content\/uploads\/2025\/12\/IMG_1043-scaled.jpeg","datePublished":"2025-12-04T10:30:20+00:00","dateModified":"2025-12-08T08:17:17+00:00","description":"Almond finish stoneware pasta plates, available in sets of 4, 6, or 8. Handcrafted tableware with natural nuances, perfect for enhancing your daily table settings.","breadcrumb":{"@id":"https:\/\/www.casalmamenorca.com\/en\/produit\/nus-pendant-light-copie\/#breadcrumb"},"inLanguage":"en-US","potentialAction":[{"@type":"ReadAction","target":["https:\/\/www.casalmamenorca.com\/en\/produit\/nus-pendant-light-copie\/"]}]},{"@type":"ImageObject","inLanguage":"en-US","@id":"https:\/\/www.casalmamenorca.com\/en\/produit\/nus-pendant-light-copie\/#primaryimage","url":"https:\/\/www.casalmamenorca.com\/wp-content\/uploads\/2025\/12\/IMG_1043-scaled.jpeg","contentUrl":"https:\/\/www.casalmamenorca.com\/wp-content\/uploads\/2025\/12\/IMG_1043-scaled.jpeg","width":1707,"height":2560},{"@type":"BreadcrumbList","@id":"https:\/\/www.casalmamenorca.com\/en\/produit\/nus-pendant-light-copie\/#breadcrumb","itemListElement":[{"@type":"ListItem","position":1,"name":"Accueil","item":"https:\/\/www.casalmamenorca.com\/en\/accueil\/"},{"@type":"ListItem","position":2,"name":"Our Collection","item":"https:\/\/www.casalmamenorca.com\/en\/our-collection\/"},{"@type":"ListItem","position":3,"name":"Pasta Plate"}]},{"@type":"WebSite","@id":"https:\/\/www.casalmamenorca.com\/en\/#website","url":"https:\/\/www.casalmamenorca.com\/en\/","name":"Casalma Menorca","description":"Objets porteurs d&#039;histoire","potentialAction":[{"@type":"SearchAction","target":{"@type":"EntryPoint","urlTemplate":"https:\/\/www.casalmamenorca.com\/en\/?s={search_term_string}"},"query-input":{"@type":"PropertyValueSpecification","valueRequired":true,"valueName":"search_term_string"}}],"inLanguage":"en-US"}]}},"jetpack_sharing_enabled":true,"_links":{"self":[{"href":"https:\/\/www.casalmamenorca.com\/en\/wp-json\/wp\/v2\/product\/1918","targetHints":{"allow":["GET"]}}],"collection":[{"href":"https:\/\/www.casalmamenorca.com\/en\/wp-json\/wp\/v2\/product"}],"about":[{"href":"https:\/\/www.casalmamenorca.com\/en\/wp-json\/wp\/v2\/types\/product"}],"wp:featuredmedia":[{"embeddable":true,"href":"https:\/\/www.casalmamenorca.com\/en\/wp-json\/wp\/v2\/media\/1921"}],"wp:attachment":[{"href":"https:\/\/www.casalmamenorca.com\/en\/wp-json\/wp\/v2\/media?parent=1918"}],"wp:term":[{"taxonomy":"product_brand","embeddable":true,"href":"https:\/\/www.casalmamenorca.com\/en\/wp-json\/wp\/v2\/product_brand?post=1918"},{"taxonomy":"product_cat","embeddable":true,"href":"https:\/\/www.casalmamenorca.com\/en\/wp-json\/wp\/v2\/product_cat?post=1918"},{"taxonomy":"product_tag","embeddable":true,"href":"https:\/\/www.casalmamenorca.com\/en\/wp-json\/wp\/v2\/product_tag?post=1918"}],"curies":[{"name":"wp","href":"https:\/\/api.w.org\/{rel}","templated":true}]}}