{"id":1398,"date":"2025-11-20T16:11:52","date_gmt":"2025-11-20T16:11:52","guid":{"rendered":"https:\/\/www.casalmamenorca.com\/privacy-policy\/"},"modified":"2025-11-25T16:39:44","modified_gmt":"2025-11-25T16:39:44","slug":"privacy-policy","status":"publish","type":"page","link":"https:\/\/www.casalmamenorca.com\/en\/privacy-policy\/","title":{"rendered":"Privacy Policy"},"content":{"rendered":"<p>[et_pb_section fb_built=&#8221;1&#8243; _builder_version=&#8221;4.27.4&#8243; _module_preset=&#8221;default&#8221; background_image=&#8221;https:\/\/www.casalmamenorca.com\/wp-content\/uploads\/2025\/11\/5543ca82-e199-4dd9-9d35-8cb2613b4d84-1.jpg&#8221; height=&#8221;30vh&#8221; height_tablet=&#8221;30vh&#8221; height_phone=&#8221;21vh&#8221; height_last_edited=&#8221;on|phone&#8221; global_colors_info=&#8221;{}&#8221;][et_pb_row _builder_version=&#8221;4.27.4&#8243; _module_preset=&#8221;default&#8221; global_colors_info=&#8221;{}&#8221;][et_pb_column type=&#8221;4_4&#8243; _builder_version=&#8221;4.27.4&#8243; _module_preset=&#8221;default&#8221; global_colors_info=&#8221;{}&#8221;][\/et_pb_column][\/et_pb_row][\/et_pb_section][et_pb_section fb_built=&#8221;1&#8243; _builder_version=&#8221;4.27.4&#8243; _module_preset=&#8221;default&#8221; background_color=&#8221;#F5F4F0&#8243; custom_padding=&#8221;||||false|false&#8221; global_colors_info=&#8221;{}&#8221;][et_pb_row _builder_version=&#8221;4.27.4&#8243; _module_preset=&#8221;default&#8221; width=&#8221;50%&#8221; width_tablet=&#8221;50%&#8221; width_phone=&#8221;80%&#8221; width_last_edited=&#8221;on|phone&#8221; global_colors_info=&#8221;{}&#8221;][et_pb_column type=&#8221;4_4&#8243; _builder_version=&#8221;4.27.4&#8243; _module_preset=&#8221;default&#8221; global_colors_info=&#8221;{}&#8221;][et_pb_text _builder_version=&#8221;4.27.4&#8243; _module_preset=&#8221;default&#8221; text_font=&#8221;Cormorant Garamond||||||||&#8221; text_text_color=&#8221;#46331C&#8221; text_font_size=&#8221;26px&#8221; text_line_height=&#8221;1em&#8221; text_font_size_tablet=&#8221;36px&#8221; text_font_size_phone=&#8221;33px&#8221; text_font_size_last_edited=&#8221;on|phone&#8221; global_colors_info=&#8221;{}&#8221;]<\/p>\n<p style=\"text-align: center\">Privacy Policy<\/p>\n<p>[\/et_pb_text][\/et_pb_column][\/et_pb_row][\/et_pb_section][et_pb_section fb_built=&#8221;1&#8243; _builder_version=&#8221;4.27.4&#8243; _module_preset=&#8221;default&#8221; background_color=&#8221;#F5F4F0&#8243; custom_margin=&#8221;||||false|false&#8221; custom_padding=&#8221;0px||||false|false&#8221; global_colors_info=&#8221;{}&#8221;][et_pb_row _builder_version=&#8221;4.27.4&#8243; _module_preset=&#8221;default&#8221; global_colors_info=&#8221;{}&#8221;][et_pb_column type=&#8221;4_4&#8243; _builder_version=&#8221;4.27.4&#8243; _module_preset=&#8221;default&#8221; global_colors_info=&#8221;{}&#8221;][et_pb_text _builder_version=&#8221;4.27.4&#8243; _module_preset=&#8221;default&#8221; text_font=&#8221;NEUEHAAS ROMAN|||on|||||&#8221; text_text_color=&#8221;#46331C&#8221; text_font_size=&#8221;10px&#8221; text_letter_spacing=&#8221;2px&#8221; custom_margin=&#8221;||0px||false|false&#8221; custom_padding=&#8221;||||false|false&#8221; global_colors_info=&#8221;{}&#8221;]<\/p>\n<p>1. Introduction<\/p>\n<p>[\/et_pb_text][et_pb_text _builder_version=&#8221;4.27.4&#8243; _module_preset=&#8221;default&#8221; text_font=&#8221;NEUEHAAS ROMAN||||||||&#8221; text_text_color=&#8221;#46331C&#8221; global_colors_info=&#8221;{}&#8221;]<\/p>\n<p data-start=\"2500\" data-end=\"2692\">CASALMA Menorca (\u201cwe\u201d, \u201cour\u201d, \u201cus\u201d) respects your privacy and is committed to protecting your personal data in accordance with the GDPR (General Data Protection Regulation).<\/p>\n<p data-start=\"2694\" data-end=\"2810\">This policy explains which data we collect, why we collect it, and how you can exercise your rights.<\/p>\n<p>[\/et_pb_text][et_pb_text _builder_version=&#8221;4.27.4&#8243; _module_preset=&#8221;default&#8221; text_font=&#8221;NEUEHAAS ROMAN|||on|||||&#8221; text_text_color=&#8221;#46331C&#8221; text_font_size=&#8221;10px&#8221; text_letter_spacing=&#8221;2px&#8221; custom_margin=&#8221;||0px||false|false&#8221; custom_padding=&#8221;||||false|false&#8221; global_colors_info=&#8221;{}&#8221;]<\/p>\n<p>2. Data We Collect<\/p>\n<p>[\/et_pb_text][et_pb_text _builder_version=&#8221;4.27.4&#8243; _module_preset=&#8221;default&#8221; text_font=&#8221;NEUEHAAS ROMAN||||||||&#8221; text_text_color=&#8221;#46331C&#8221; global_colors_info=&#8221;{}&#8221;]<\/p>\n<p>Data provided voluntarily:<\/p>\n<div class=\"page\" title=\"Page 1\">\n<div class=\"section\">\n<div class=\"layoutArea\">\n<div class=\"column\">\n<p>\u2022 First name, last name<br \/>\u2022 Email<br \/>\u2022 Phone number (if provided)<br \/>\u2022 Postal address (for e-commerce orders)<br \/>\u2022 Message sent via the contact form<\/p>\n<p>Automatically collected data<br \/>\u2022 IP address<br \/>\u2022 Pages visited &amp; duration of visit<br \/>\u2022 Device + browser<br \/>\u2022 Cookies \u2013 see Cookie Policy<\/p>\n<\/div>\n<\/div>\n<\/div>\n<\/div>\n<p>[\/et_pb_text][et_pb_text _builder_version=&#8221;4.27.4&#8243; _module_preset=&#8221;default&#8221; text_font=&#8221;NEUEHAAS ROMAN|||on|||||&#8221; text_text_color=&#8221;#46331C&#8221; text_font_size=&#8221;10px&#8221; text_letter_spacing=&#8221;2px&#8221; custom_margin=&#8221;||0px||false|false&#8221; custom_padding=&#8221;||||false|false&#8221; global_colors_info=&#8221;{}&#8221;]<\/p>\n<p>3. Use of data<\/p>\n<p>[\/et_pb_text][et_pb_text _builder_version=&#8221;4.27.4&#8243; _module_preset=&#8221;default&#8221; text_font=&#8221;NEUEHAAS ROMAN||||||||&#8221; text_text_color=&#8221;#46331C&#8221; global_colors_info=&#8221;{}&#8221;]<\/p>\n<p data-start=\"1178\" data-end=\"1374\">We use your data to:<br \/>\u2022 respond to your requests<br \/>\u2022 contact you after a message or form submission<br \/>\u2022 send newsletters (with consent)<br \/>\u2022 improve the website and analyse its use<br \/>\u2022 process orders (if e-commerce)<\/p>\n<p>We never sell your personal data.<\/p>\n<p>[\/et_pb_text][et_pb_text _builder_version=&#8221;4.27.4&#8243; _module_preset=&#8221;default&#8221; text_font=&#8221;NEUEHAAS ROMAN|||on|||||&#8221; text_text_color=&#8221;#46331C&#8221; text_font_size=&#8221;10px&#8221; text_letter_spacing=&#8221;2px&#8221; custom_margin=&#8221;||0px||false|false&#8221; custom_padding=&#8221;||||false|false&#8221; global_colors_info=&#8221;{}&#8221;]<\/p>\n<p>4. Data sharing<\/p>\n<p>[\/et_pb_text][et_pb_text _builder_version=&#8221;4.27.4&#8243; _module_preset=&#8221;default&#8221; text_font=&#8221;NEUEHAAS ROMAN||||||||&#8221; text_text_color=&#8221;#46331C&#8221; global_colors_info=&#8221;{}&#8221;]<\/p>\n<p>Data may be shared only with service providers necessary for the operation of the website:<br \/>\u2022 Hosting provider: OVH<br \/>\u2022 Emailing \/ newsletter tool<br \/>\u2022 Statistical analysis: Google Analytics<br \/>\u2022 CMS \/ e-commerce solution: WordPress \/ WooCommerce<\/p>\n<p>These service providers commit to maintaining the confidentiality and security of the data.<\/p>\n<p>[\/et_pb_text][et_pb_text _builder_version=&#8221;4.27.4&#8243; _module_preset=&#8221;default&#8221; text_font=&#8221;NEUEHAAS ROMAN|||on|||||&#8221; text_text_color=&#8221;#46331C&#8221; text_font_size=&#8221;10px&#8221; text_letter_spacing=&#8221;2px&#8221; custom_margin=&#8221;||0px||false|false&#8221; custom_padding=&#8221;||||false|false&#8221; global_colors_info=&#8221;{}&#8221;]<\/p>\n<p>5. Data retention:<\/p>\n<p>[\/et_pb_text][et_pb_text _builder_version=&#8221;4.27.4&#8243; _module_preset=&#8221;default&#8221; text_font=&#8221;NEUEHAAS ROMAN||||||||&#8221; text_text_color=&#8221;#46331C&#8221; global_colors_info=&#8221;{}&#8221;]<\/p>\n<p data-start=\"4103\" data-end=\"4132\">Data retention:<\/p>\n<ul data-start=\"4134\" data-end=\"4268\">\n<li data-start=\"4134\" data-end=\"4169\">\n<p data-start=\"4136\" data-end=\"4169\">Contacts \/ messages: <strong data-start=\"4158\" data-end=\"4167\">3 years<\/strong><\/p>\n<\/li>\n<li data-start=\"4170\" data-end=\"4231\">\n<p data-start=\"4172\" data-end=\"4231\">Customers (orders): <strong data-start=\"4194\" data-end=\"4204\">10 years<\/strong> (accounting obligations)<\/p>\n<\/li>\n<li data-start=\"4232\" data-end=\"4268\">\n<p data-start=\"4234\" data-end=\"4268\">Statistical cookies: <strong data-start=\"4257\" data-end=\"4268\">13 months<\/strong><\/p>\n<\/li>\n<\/ul>\n<p>[\/et_pb_text][et_pb_text _builder_version=&#8221;4.27.4&#8243; _module_preset=&#8221;default&#8221; text_font=&#8221;NEUEHAAS ROMAN|||on|||||&#8221; text_text_color=&#8221;#46331C&#8221; text_font_size=&#8221;10px&#8221; text_letter_spacing=&#8221;2px&#8221; custom_margin=&#8221;||0px||false|false&#8221; custom_padding=&#8221;||||false|false&#8221; global_colors_info=&#8221;{}&#8221;]<\/p>\n<p>6. Your rights (GDPR)<\/p>\n<p>[\/et_pb_text][et_pb_text _builder_version=&#8221;4.27.4&#8243; _module_preset=&#8221;default&#8221; text_font=&#8221;NEUEHAAS ROMAN||||||||&#8221; text_text_color=&#8221;#46331C&#8221; global_colors_info=&#8221;{}&#8221;]<\/p>\n<p data-start=\"4304\" data-end=\"4339\">You have the following rights:<\/p>\n<ul data-start=\"4341\" data-end=\"4517\">\n<li data-start=\"4341\" data-end=\"4358\">\n<p data-start=\"4343\" data-end=\"4358\">\u2022 right of access<\/p>\n<\/li>\n<li data-start=\"4359\" data-end=\"4385\">\n<p data-start=\"4361\" data-end=\"4385\">\u2022 right to rectification<\/p>\n<\/li>\n<li data-start=\"4386\" data-end=\"4432\">\n<p data-start=\"4388\" data-end=\"4432\">\u2022 right to erasure (&#8220;right to be forgotten&#8221;)<\/p>\n<\/li>\n<li data-start=\"4433\" data-end=\"4455\">\n<p data-start=\"4435\" data-end=\"4455\">\u2022 right to object<\/p>\n<\/li>\n<li data-start=\"4456\" data-end=\"4482\">\n<p data-start=\"4458\" data-end=\"4482\">\u2022 right to data portability<\/p>\n<\/li>\n<li data-start=\"4483\" data-end=\"4517\">\n<p data-start=\"4485\" data-end=\"4517\">\u2022 right to withdraw consent<\/p>\n<\/li>\n<\/ul>\n<p data-start=\"4519\" data-end=\"4587\">To exercise your rights:<br data-start=\"4544\" data-end=\"4547\">\ud83d\udce9 Email : <strong data-start=\"4558\" data-end=\"4587\">contact@casalmamenorca.com<\/strong><\/p>\n<p>[\/et_pb_text][et_pb_text _builder_version=&#8221;4.27.4&#8243; _module_preset=&#8221;default&#8221; text_font=&#8221;NEUEHAAS ROMAN|||on|||||&#8221; text_text_color=&#8221;#46331C&#8221; text_font_size=&#8221;10px&#8221; text_letter_spacing=&#8221;2px&#8221; custom_margin=&#8221;||0px||false|false&#8221; custom_padding=&#8221;||||false|false&#8221; global_colors_info=&#8221;{}&#8221;]<\/p>\n<p>7. S\u00e9curit\u00e9 des donn\u00e9es<\/p>\n<p>[\/et_pb_text][et_pb_text _builder_version=&#8221;4.27.4&#8243; _module_preset=&#8221;default&#8221; text_font=&#8221;NEUEHAAS ROMAN||||||||&#8221; text_text_color=&#8221;#46331C&#8221; global_colors_info=&#8221;{}&#8221;]<\/p>\n<p data-start=\"2133\" data-end=\"2229\">We implement technical and organisational measures to ensure the protection and confidentiality of your data.<\/p>\n<p>[\/et_pb_text][et_pb_text _builder_version=&#8221;4.27.4&#8243; _module_preset=&#8221;default&#8221; text_font=&#8221;NEUEHAAS ROMAN|||on|||||&#8221; text_text_color=&#8221;#46331C&#8221; text_font_size=&#8221;10px&#8221; text_letter_spacing=&#8221;2px&#8221; custom_margin=&#8221;||0px||false|false&#8221; custom_padding=&#8221;||||false|false&#8221; global_colors_info=&#8221;{}&#8221;]<\/p>\n<p>8. Cookies<\/p>\n<p>[\/et_pb_text][et_pb_text _builder_version=&#8221;4.27.4&#8243; _module_preset=&#8221;default&#8221; text_font=&#8221;NEUEHAAS ROMAN||||||||&#8221; text_text_color=&#8221;#46331C&#8221; hover_enabled=&#8221;0&#8243; global_colors_info=&#8221;{}&#8221; sticky_enabled=&#8221;0&#8243;]<\/p>\n<p data-start=\"4784\" data-end=\"4876\">For more information about the cookies used, please refer to our <a href=\"https:\/\/www.casalmamenorca.com\/en\/cookie-policy\/\">Cookie Policy<\/a>.<\/p>\n<p>[\/et_pb_text][et_pb_text _builder_version=&#8221;4.27.4&#8243; _module_preset=&#8221;default&#8221; text_font=&#8221;NEUEHAAS ROMAN|||on|||||&#8221; text_text_color=&#8221;#46331C&#8221; text_font_size=&#8221;10px&#8221; text_letter_spacing=&#8221;2px&#8221; custom_margin=&#8221;||0px||false|false&#8221; custom_padding=&#8221;||||false|false&#8221; global_colors_info=&#8221;{}&#8221;]<\/p>\n<p>9. Modifications<\/p>\n<p>[\/et_pb_text][et_pb_text _builder_version=&#8221;4.27.4&#8243; _module_preset=&#8221;default&#8221; text_font=&#8221;NEUEHAAS ROMAN||||||||&#8221; text_text_color=&#8221;#46331C&#8221; global_colors_info=&#8221;{}&#8221;]<\/p>\n<p>This policy may be updated at any time.<br data-start=\"4960\" data-end=\"4963\">Last update: <strong data-start=\"4986\" data-end=\"4996\">20 novembre 2025<\/strong><\/p>\n<p>[\/et_pb_text][et_pb_text _builder_version=&#8221;4.27.4&#8243; _module_preset=&#8221;default&#8221; text_font=&#8221;NEUEHAAS ROMAN|||on|||||&#8221; text_text_color=&#8221;#46331C&#8221; text_font_size=&#8221;10px&#8221; text_letter_spacing=&#8221;2px&#8221; custom_margin=&#8221;||0px||false|false&#8221; custom_padding=&#8221;||||false|false&#8221; global_colors_info=&#8221;{}&#8221;]<\/p>\n<p>10. Contact<\/p>\n<p>[\/et_pb_text][et_pb_text _builder_version=&#8221;4.27.4&#8243; _module_preset=&#8221;default&#8221; text_font=&#8221;NEUEHAAS ROMAN||||||||&#8221; text_text_color=&#8221;#46331C&#8221; global_colors_info=&#8221;{}&#8221;]<\/p>\n<p>CASALMA Menorca<br data-start=\"5038\" data-end=\"5041\">Address : <span>Carrer de l\u2019\u00c0ngel, 4 \u2013 Ma\u00f3, Balears<\/span><br data-start=\"5073\" data-end=\"5076\">Email : <strong data-start=\"5084\" data-end=\"5095\">contact@casalmamenorca.com<\/strong><\/p>\n<p>[\/et_pb_text][\/et_pb_column][\/et_pb_row][\/et_pb_section]<\/p>\n","protected":false},"excerpt":{"rendered":"<p>Privacy Policy1. IntroductionCASALMA Menorca (\u201cwe\u201d, \u201cour\u201d, \u201cus\u201d) respects your privacy and is committed to protecting your personal data in accordance with the GDPR (General Data Protection Regulation). This policy explains which data we collect, why we collect it, and how you can exercise your rights.2. Data We CollectData provided voluntarily: \u2022 First name, last name\u2022 [&hellip;]<\/p>\n","protected":false},"author":1,"featured_media":0,"parent":0,"menu_order":0,"comment_status":"closed","ping_status":"closed","template":"","meta":{"_et_pb_use_builder":"on","_et_pb_old_content":"","_et_gb_content_width":"","inline_featured_image":false,"footnotes":""},"class_list":["post-1398","page","type-page","status-publish","hentry"],"yoast_head":"<!-- This site is optimized with the Yoast SEO plugin v27.2 - https:\/\/yoast.com\/product\/yoast-seo-wordpress\/ -->\n<title>Privacy Policy (GDPR) | Casalma Menorca<\/title>\n<meta name=\"description\" content=\"Learn how Casalma Menorca collects, uses and protects your personal data in accordance with the GDPR. Full information about your rights.\" \/>\n<meta name=\"robots\" content=\"index, follow, max-snippet:-1, max-image-preview:large, max-video-preview:-1\" \/>\n<link rel=\"canonical\" href=\"https:\/\/www.casalmamenorca.com\/en\/privacy-policy\/\" \/>\n<meta property=\"og:locale\" content=\"en_US\" \/>\n<meta property=\"og:type\" content=\"article\" \/>\n<meta property=\"og:title\" content=\"Privacy Policy (GDPR) | Casalma Menorca\" \/>\n<meta property=\"og:description\" content=\"Learn how Casalma Menorca collects, uses and protects your personal data in accordance with the GDPR. Full information about your rights.\" \/>\n<meta property=\"og:url\" content=\"https:\/\/www.casalmamenorca.com\/en\/privacy-policy\/\" \/>\n<meta property=\"og:site_name\" content=\"Casalma Menorca\" \/>\n<meta property=\"article:modified_time\" content=\"2025-11-25T16:39:44+00:00\" \/>\n<meta name=\"twitter:card\" content=\"summary_large_image\" \/>\n<meta name=\"twitter:label1\" content=\"Est. reading time\" \/>\n\t<meta name=\"twitter:data1\" content=\"6 minutes\" \/>\n<script type=\"application\/ld+json\" class=\"yoast-schema-graph\">{\"@context\":\"https:\/\/schema.org\",\"@graph\":[{\"@type\":\"WebPage\",\"@id\":\"https:\/\/www.casalmamenorca.com\/en\/privacy-policy\/\",\"url\":\"https:\/\/www.casalmamenorca.com\/en\/privacy-policy\/\",\"name\":\"Privacy Policy (GDPR) | Casalma Menorca\",\"isPartOf\":{\"@id\":\"https:\/\/www.casalmamenorca.com\/en\/#website\"},\"datePublished\":\"2025-11-20T16:11:52+00:00\",\"dateModified\":\"2025-11-25T16:39:44+00:00\",\"description\":\"Learn how Casalma Menorca collects, uses and protects your personal data in accordance with the GDPR. Full information about your rights.\",\"breadcrumb\":{\"@id\":\"https:\/\/www.casalmamenorca.com\/en\/privacy-policy\/#breadcrumb\"},\"inLanguage\":\"en-US\",\"potentialAction\":[{\"@type\":\"ReadAction\",\"target\":[\"https:\/\/www.casalmamenorca.com\/en\/privacy-policy\/\"]}]},{\"@type\":\"BreadcrumbList\",\"@id\":\"https:\/\/www.casalmamenorca.com\/en\/privacy-policy\/#breadcrumb\",\"itemListElement\":[{\"@type\":\"ListItem\",\"position\":1,\"name\":\"Accueil\",\"item\":\"https:\/\/www.casalmamenorca.com\/en\/accueil\/\"},{\"@type\":\"ListItem\",\"position\":2,\"name\":\"Privacy Policy\"}]},{\"@type\":\"WebSite\",\"@id\":\"https:\/\/www.casalmamenorca.com\/en\/#website\",\"url\":\"https:\/\/www.casalmamenorca.com\/en\/\",\"name\":\"Casalma Menorca\",\"description\":\"Objets porteurs d&#039;histoire\",\"potentialAction\":[{\"@type\":\"SearchAction\",\"target\":{\"@type\":\"EntryPoint\",\"urlTemplate\":\"https:\/\/www.casalmamenorca.com\/en\/?s={search_term_string}\"},\"query-input\":{\"@type\":\"PropertyValueSpecification\",\"valueRequired\":true,\"valueName\":\"search_term_string\"}}],\"inLanguage\":\"en-US\"}]}<\/script>\n<!-- \/ Yoast SEO plugin. -->","yoast_head_json":{"title":"Privacy Policy (GDPR) | Casalma Menorca","description":"Learn how Casalma Menorca collects, uses and protects your personal data in accordance with the GDPR. Full information about your rights.","robots":{"index":"index","follow":"follow","max-snippet":"max-snippet:-1","max-image-preview":"max-image-preview:large","max-video-preview":"max-video-preview:-1"},"canonical":"https:\/\/www.casalmamenorca.com\/en\/privacy-policy\/","og_locale":"en_US","og_type":"article","og_title":"Privacy Policy (GDPR) | Casalma Menorca","og_description":"Learn how Casalma Menorca collects, uses and protects your personal data in accordance with the GDPR. Full information about your rights.","og_url":"https:\/\/www.casalmamenorca.com\/en\/privacy-policy\/","og_site_name":"Casalma Menorca","article_modified_time":"2025-11-25T16:39:44+00:00","twitter_card":"summary_large_image","twitter_misc":{"Est. reading time":"6 minutes"},"schema":{"@context":"https:\/\/schema.org","@graph":[{"@type":"WebPage","@id":"https:\/\/www.casalmamenorca.com\/en\/privacy-policy\/","url":"https:\/\/www.casalmamenorca.com\/en\/privacy-policy\/","name":"Privacy Policy (GDPR) | Casalma Menorca","isPartOf":{"@id":"https:\/\/www.casalmamenorca.com\/en\/#website"},"datePublished":"2025-11-20T16:11:52+00:00","dateModified":"2025-11-25T16:39:44+00:00","description":"Learn how Casalma Menorca collects, uses and protects your personal data in accordance with the GDPR. Full information about your rights.","breadcrumb":{"@id":"https:\/\/www.casalmamenorca.com\/en\/privacy-policy\/#breadcrumb"},"inLanguage":"en-US","potentialAction":[{"@type":"ReadAction","target":["https:\/\/www.casalmamenorca.com\/en\/privacy-policy\/"]}]},{"@type":"BreadcrumbList","@id":"https:\/\/www.casalmamenorca.com\/en\/privacy-policy\/#breadcrumb","itemListElement":[{"@type":"ListItem","position":1,"name":"Accueil","item":"https:\/\/www.casalmamenorca.com\/en\/accueil\/"},{"@type":"ListItem","position":2,"name":"Privacy Policy"}]},{"@type":"WebSite","@id":"https:\/\/www.casalmamenorca.com\/en\/#website","url":"https:\/\/www.casalmamenorca.com\/en\/","name":"Casalma Menorca","description":"Objets porteurs d&#039;histoire","potentialAction":[{"@type":"SearchAction","target":{"@type":"EntryPoint","urlTemplate":"https:\/\/www.casalmamenorca.com\/en\/?s={search_term_string}"},"query-input":{"@type":"PropertyValueSpecification","valueRequired":true,"valueName":"search_term_string"}}],"inLanguage":"en-US"}]}},"jetpack_sharing_enabled":true,"_links":{"self":[{"href":"https:\/\/www.casalmamenorca.com\/en\/wp-json\/wp\/v2\/pages\/1398","targetHints":{"allow":["GET"]}}],"collection":[{"href":"https:\/\/www.casalmamenorca.com\/en\/wp-json\/wp\/v2\/pages"}],"about":[{"href":"https:\/\/www.casalmamenorca.com\/en\/wp-json\/wp\/v2\/types\/page"}],"author":[{"embeddable":true,"href":"https:\/\/www.casalmamenorca.com\/en\/wp-json\/wp\/v2\/users\/1"}],"replies":[{"embeddable":true,"href":"https:\/\/www.casalmamenorca.com\/en\/wp-json\/wp\/v2\/comments?post=1398"}],"version-history":[{"count":4,"href":"https:\/\/www.casalmamenorca.com\/en\/wp-json\/wp\/v2\/pages\/1398\/revisions"}],"predecessor-version":[{"id":1402,"href":"https:\/\/www.casalmamenorca.com\/en\/wp-json\/wp\/v2\/pages\/1398\/revisions\/1402"}],"wp:attachment":[{"href":"https:\/\/www.casalmamenorca.com\/en\/wp-json\/wp\/v2\/media?parent=1398"}],"curies":[{"name":"wp","href":"https:\/\/api.w.org\/{rel}","templated":true}]}}